{"id":5317137,"date":"2026-01-19T14:47:44","date_gmt":"2026-01-19T12:47:44","guid":{"rendered":"https:\/\/gadgettravellers.eu\/shop\/100-led-colorati-esterni-programma-l-v-795m-xmasfest-1131022\/"},"modified":"2026-04-22T22:52:49","modified_gmt":"2026-04-22T20:52:49","slug":"100-led-colorati-esterni-programma-l-v-795m-xmasfest-1131022","status":"publish","type":"product","link":"https:\/\/gadgettravellers.eu\/it\/shop\/100-led-colorati-esterni-programma-l-v-795m-xmasfest-1131022\/","title":{"rendered":"100 led Colorati Esterni Programma l. V. 7,95m Xmasfest 1131022"},"content":{"rendered":"<p>100 LED multicolori con controller a 8 programmi. Per uso esterno e interno. Con cavo verde. Include trasformatore IP44 7,95m<\/p>\n<div class='aiseo-faq-section' style='margin-top:30px; border-top:1px solid #eee; padding-top:20px;'>\n<h3>Domande Frequenti<\/h3>\n<details style='margin-bottom:10px; padding:10px; background:#f9f9f9; border-radius:5px;'>\n<summary style='font-weight:bold; cursor:pointer;'>Quanti LED ha la serie?<\/summary>\n<div style='margin-top:10px; color:#555;'>La serie include 100 LED colorati.<\/div>\n<\/details>\n<details style='margin-bottom:10px; padding:10px; background:#f9f9f9; border-radius:5px;'>\n<summary style='font-weight:bold; cursor:pointer;'>\u00c8 adatta per esterni?<\/summary>\n<div style='margin-top:10px; color:#555;'>S\u00ec, \u00e8 adatta per uso esterno e interno.<\/div>\n<\/details>\n<details style='margin-bottom:10px; padding:10px; background:#f9f9f9; border-radius:5px;'>\n<summary style='font-weight:bold; cursor:pointer;'>Che protezione ha il trasformatore?<\/summary>\n<div style='margin-top:10px; color:#555;'>Il trasformatore ha un grado di protezione IP44.<\/div>\n<\/details>\n<details style='margin-bottom:10px; padding:10px; background:#f9f9f9; border-radius:5px;'>\n<summary style='font-weight:bold; cursor:pointer;'>Qual \u00e8 la lunghezza del cavo?<\/summary>\n<div style='margin-top:10px; color:#555;'>Il cavo \u00e8 lungo 7,95 metri.<\/div>\n<\/details>\n<details style='margin-bottom:10px; padding:10px; background:#f9f9f9; border-radius:5px;'>\n<summary style='font-weight:bold; cursor:pointer;'>Quanti programmi di funzionamento ha il controller?<\/summary>\n<div style='margin-top:10px; color:#555;'>Il controller offre 8 programmi.<\/div>\n<\/details>\n<\/div>\n","protected":false},"excerpt":{"rendered":"<p>100 LED multicolori con controller a 8 programmi. Per uso esterno e interno. Con cavo verde. Include trasformatore IP44 7,95m Domande Frequenti Quanti LED ha la serie? La serie include 100 LED colorati. \u00c8 adatta per esterni? S\u00ec, \u00e8 adatta per uso esterno e interno. Che protezione ha il trasformatore? Il trasformatore ha un grado [&hellip;]<\/p>\n","protected":false},"featured_media":5181304,"comment_status":"closed","ping_status":"open","template":"","meta":[],"product_brand":[],"product_cat":[],"product_tag":[15],"class_list":{"0":"post-5317137","1":"product","2":"type-product","3":"status-publish","4":"has-post-thumbnail","6":"product_tag-uncategorized","8":"first","9":"onbackorder","10":"purchasable","11":"product-type-simple"},"jetpack_sharing_enabled":true,"_links":{"self":[{"href":"https:\/\/gadgettravellers.eu\/it\/wp-json\/wp\/v2\/product\/5317137","targetHints":{"allow":["GET"]}}],"collection":[{"href":"https:\/\/gadgettravellers.eu\/it\/wp-json\/wp\/v2\/product"}],"about":[{"href":"https:\/\/gadgettravellers.eu\/it\/wp-json\/wp\/v2\/types\/product"}],"replies":[{"embeddable":true,"href":"https:\/\/gadgettravellers.eu\/it\/wp-json\/wp\/v2\/comments?post=5317137"}],"wp:featuredmedia":[{"embeddable":true,"href":"https:\/\/gadgettravellers.eu\/it\/wp-json\/wp\/v2\/media\/5181304"}],"wp:attachment":[{"href":"https:\/\/gadgettravellers.eu\/it\/wp-json\/wp\/v2\/media?parent=5317137"}],"wp:term":[{"taxonomy":"product_brand","embeddable":true,"href":"https:\/\/gadgettravellers.eu\/it\/wp-json\/wp\/v2\/product_brand?post=5317137"},{"taxonomy":"product_cat","embeddable":true,"href":"https:\/\/gadgettravellers.eu\/it\/wp-json\/wp\/v2\/product_cat?post=5317137"},{"taxonomy":"product_tag","embeddable":true,"href":"https:\/\/gadgettravellers.eu\/it\/wp-json\/wp\/v2\/product_tag?post=5317137"}],"curies":[{"name":"wp","href":"https:\/\/api.w.org\/{rel}","templated":true}]}}