{"id":5317140,"date":"2026-01-19T14:47:47","date_gmt":"2026-01-19T12:47:47","guid":{"rendered":"https:\/\/gadgettravellers.eu\/shop\/calendario-immagine-19x10cm-xmasfest-1131030\/"},"modified":"2026-04-22T22:52:51","modified_gmt":"2026-04-22T20:52:51","slug":"calendario-immagine-19x10cm-xmasfest-1131030","status":"publish","type":"product","link":"https:\/\/gadgettravellers.eu\/it\/shop\/calendario-immagine-19x10cm-xmasfest-1131030\/","title":{"rendered":"Calendario Immagine 19x10cm Xmasfest 1131030"},"content":{"rendered":"<p>19x10cm<\/p>\n<div class='aiseo-faq-section' style='margin-top:30px; border-top:1px solid #eee; padding-top:20px;'>\n<h3>Domande Frequenti<\/h3>\n<details style='margin-bottom:10px; padding:10px; background:#f9f9f9; border-radius:5px;'>\n<summary style='font-weight:bold; cursor:pointer;'>Qual \u00e8 la dimensione del calendario?<\/summary>\n<div style='margin-top:10px; color:#555;'>Il calendario ha dimensioni 19&#215;10 cm.<\/div>\n<\/details>\n<details style='margin-bottom:10px; padding:10px; background:#f9f9f9; border-radius:5px;'>\n<summary style='font-weight:bold; cursor:pointer;'>\u00c8 adatto per la decorazione natalizia?<\/summary>\n<div style='margin-top:10px; color:#555;'>S\u00ec, ha un&#8217;immagine ed \u00e8 destinato alla decorazione natalizia.<\/div>\n<\/details>\n<details style='margin-bottom:10px; padding:10px; background:#f9f9f9; border-radius:5px;'>\n<summary style='font-weight:bold; cursor:pointer;'>Dove posso posizionarlo?<\/summary>\n<div style='margin-top:10px; color:#555;'>\u00c8 compatto e adatto per ufficio, comodino o mensola.<\/div>\n<\/details>\n<details style='margin-bottom:10px; padding:10px; background:#f9f9f9; border-radius:5px;'>\n<summary style='font-weight:bold; cursor:pointer;'>Pu\u00f2 essere utilizzato come regalo o per attivit\u00e0 promozionali?<\/summary>\n<div style='margin-top:10px; color:#555;'>S\u00ec, \u00e8 ideale per scambi di regali, promozioni e assortimento stagionale in negozio.<\/div>\n<\/details>\n<\/div>\n","protected":false},"excerpt":{"rendered":"<p>19x10cm Domande Frequenti Qual \u00e8 la dimensione del calendario? Il calendario ha dimensioni 19&#215;10 cm. \u00c8 adatto per la decorazione natalizia? S\u00ec, ha un&#8217;immagine ed \u00e8 destinato alla decorazione natalizia. Dove posso posizionarlo? \u00c8 compatto e adatto per ufficio, comodino o mensola. Pu\u00f2 essere utilizzato come regalo o per attivit\u00e0 promozionali? S\u00ec, \u00e8 ideale per [&hellip;]<\/p>\n","protected":false},"featured_media":5181320,"comment_status":"closed","ping_status":"open","template":"","meta":[],"product_brand":[],"product_cat":[],"product_tag":[15],"class_list":{"0":"post-5317140","1":"product","2":"type-product","3":"status-publish","4":"has-post-thumbnail","6":"product_tag-uncategorized","8":"first","9":"onbackorder","10":"purchasable","11":"product-type-simple"},"jetpack_sharing_enabled":true,"_links":{"self":[{"href":"https:\/\/gadgettravellers.eu\/it\/wp-json\/wp\/v2\/product\/5317140","targetHints":{"allow":["GET"]}}],"collection":[{"href":"https:\/\/gadgettravellers.eu\/it\/wp-json\/wp\/v2\/product"}],"about":[{"href":"https:\/\/gadgettravellers.eu\/it\/wp-json\/wp\/v2\/types\/product"}],"replies":[{"embeddable":true,"href":"https:\/\/gadgettravellers.eu\/it\/wp-json\/wp\/v2\/comments?post=5317140"}],"wp:featuredmedia":[{"embeddable":true,"href":"https:\/\/gadgettravellers.eu\/it\/wp-json\/wp\/v2\/media\/5181320"}],"wp:attachment":[{"href":"https:\/\/gadgettravellers.eu\/it\/wp-json\/wp\/v2\/media?parent=5317140"}],"wp:term":[{"taxonomy":"product_brand","embeddable":true,"href":"https:\/\/gadgettravellers.eu\/it\/wp-json\/wp\/v2\/product_brand?post=5317140"},{"taxonomy":"product_cat","embeddable":true,"href":"https:\/\/gadgettravellers.eu\/it\/wp-json\/wp\/v2\/product_cat?post=5317140"},{"taxonomy":"product_tag","embeddable":true,"href":"https:\/\/gadgettravellers.eu\/it\/wp-json\/wp\/v2\/product_tag?post=5317140"}],"curies":[{"name":"wp","href":"https:\/\/api.w.org\/{rel}","templated":true}]}}