{"id":5317143,"date":"2026-01-19T14:47:50","date_gmt":"2026-01-19T12:47:50","guid":{"rendered":"https:\/\/gadgettravellers.eu\/shop\/spray-neve-argento-250ml-airpack-103\/"},"modified":"2026-04-22T22:52:52","modified_gmt":"2026-04-22T20:52:52","slug":"spray-neve-argento-250ml-airpack-103","status":"publish","type":"product","link":"https:\/\/gadgettravellers.eu\/it\/shop\/spray-neve-argento-250ml-airpack-103\/","title":{"rendered":"Spray Neve Argento 250ml Airpack 103"},"content":{"rendered":"<p>Spray neve argento 250ml<\/p>\n<div class='aiseo-faq-section' style='margin-top:30px; border-top:1px solid #eee; padding-top:20px;'>\n<h3>Domande Frequenti<\/h3>\n<details style='margin-bottom:10px; padding:10px; background:#f9f9f9; border-radius:5px;'>\n<summary style='font-weight:bold; cursor:pointer;'>Qual \u00e8 il volume del prodotto?<\/summary>\n<div style='margin-top:10px; color:#555;'>250ml.<\/div>\n<\/details>\n<details style='margin-bottom:10px; padding:10px; background:#f9f9f9; border-radius:5px;'>\n<summary style='font-weight:bold; cursor:pointer;'>Qual \u00e8 il colore o la finitura della vernice spray?<\/summary>\n<div style='margin-top:10px; color:#555;'>Argento per finitura decorativa.<\/div>\n<\/details>\n<details style='margin-bottom:10px; padding:10px; background:#f9f9f9; border-radius:5px;'>\n<summary style='font-weight:bold; cursor:pointer;'>Per quali usi \u00e8 destinato lo spray?<\/summary>\n<div style='margin-top:10px; color:#555;'>Per un effetto decorativo su vetrine, ornamenti e lavori fai-da-te.<\/div>\n<\/details>\n<details style='margin-bottom:10px; padding:10px; background:#f9f9f9; border-radius:5px;'>\n<summary style='font-weight:bold; cursor:pointer;'>\u00c8 facile da applicare?<\/summary>\n<div style='margin-top:10px; color:#555;'>S\u00ec, \u00e8 facile da applicare e ideale per decorazioni stagionali.<\/div>\n<\/details>\n<\/div>\n","protected":false},"excerpt":{"rendered":"<p>Spray neve argento 250ml Domande Frequenti Qual \u00e8 il volume del prodotto? 250ml. Qual \u00e8 il colore o la finitura della vernice spray? Argento per finitura decorativa. Per quali usi \u00e8 destinato lo spray? Per un effetto decorativo su vetrine, ornamenti e lavori fai-da-te. \u00c8 facile da applicare? S\u00ec, \u00e8 facile da applicare e ideale [&hellip;]<\/p>\n","protected":false},"featured_media":5181316,"comment_status":"closed","ping_status":"open","template":"","meta":[],"product_brand":[],"product_cat":[],"product_tag":[15],"class_list":{"0":"post-5317143","1":"product","2":"type-product","3":"status-publish","4":"has-post-thumbnail","6":"product_tag-uncategorized","8":"first","9":"onbackorder","10":"purchasable","11":"product-type-simple"},"jetpack_sharing_enabled":true,"_links":{"self":[{"href":"https:\/\/gadgettravellers.eu\/it\/wp-json\/wp\/v2\/product\/5317143","targetHints":{"allow":["GET"]}}],"collection":[{"href":"https:\/\/gadgettravellers.eu\/it\/wp-json\/wp\/v2\/product"}],"about":[{"href":"https:\/\/gadgettravellers.eu\/it\/wp-json\/wp\/v2\/types\/product"}],"replies":[{"embeddable":true,"href":"https:\/\/gadgettravellers.eu\/it\/wp-json\/wp\/v2\/comments?post=5317143"}],"wp:featuredmedia":[{"embeddable":true,"href":"https:\/\/gadgettravellers.eu\/it\/wp-json\/wp\/v2\/media\/5181316"}],"wp:attachment":[{"href":"https:\/\/gadgettravellers.eu\/it\/wp-json\/wp\/v2\/media?parent=5317143"}],"wp:term":[{"taxonomy":"product_brand","embeddable":true,"href":"https:\/\/gadgettravellers.eu\/it\/wp-json\/wp\/v2\/product_brand?post=5317143"},{"taxonomy":"product_cat","embeddable":true,"href":"https:\/\/gadgettravellers.eu\/it\/wp-json\/wp\/v2\/product_cat?post=5317143"},{"taxonomy":"product_tag","embeddable":true,"href":"https:\/\/gadgettravellers.eu\/it\/wp-json\/wp\/v2\/product_tag?post=5317143"}],"curies":[{"name":"wp","href":"https:\/\/api.w.org\/{rel}","templated":true}]}}