{"id":5317146,"date":"2026-01-19T14:47:52","date_gmt":"2026-01-19T12:47:52","guid":{"rendered":"https:\/\/gadgettravellers.eu\/shop\/albero-verde-fibre-ottiche-led-90cm-xmasfest-1131049\/"},"modified":"2026-04-22T22:52:54","modified_gmt":"2026-04-22T20:52:54","slug":"albero-verde-fibre-ottiche-led-90cm-xmasfest-1131049","status":"publish","type":"product","link":"https:\/\/gadgettravellers.eu\/it\/shop\/albero-verde-fibre-ottiche-led-90cm-xmasfest-1131049\/","title":{"rendered":"Albero Verde Fibre Ottiche LED 90cm Xmasfest 1131049"},"content":{"rendered":"<p>Fibre ottiche &#038; LED. Base metallica. Include trasformatore 90cm<\/p>\n<div class='aiseo-faq-section' style='margin-top:30px; border-top:1px solid #eee; padding-top:20px;'>\n<h3>Domande Frequenti<\/h3>\n<details style='margin-bottom:10px; padding:10px; background:#f9f9f9; border-radius:5px;'>\n<summary style='font-weight:bold; cursor:pointer;'>Qual \u00e8 l&#8217;altezza dell&#8217;albero?<\/summary>\n<div style='margin-top:10px; color:#555;'>L&#8217;albero ha un&#8217;altezza di 90 cm.<\/div>\n<\/details>\n<details style='margin-bottom:10px; padding:10px; background:#f9f9f9; border-radius:5px;'>\n<summary style='font-weight:bold; cursor:pointer;'>Il trasformatore \u00e8 incluso?<\/summary>\n<div style='margin-top:10px; color:#555;'>S\u00ec, secondo la descrizione \u00e8 incluso un trasformatore.<\/div>\n<\/details>\n<details style='margin-bottom:10px; padding:10px; background:#f9f9f9; border-radius:5px;'>\n<summary style='font-weight:bold; cursor:pointer;'>\u00c8 adatto per uso interno?<\/summary>\n<div style='margin-top:10px; color:#555;'>S\u00ec, ideale per una decorazione natalizia interna immediata.<\/div>\n<\/details>\n<details style='margin-bottom:10px; padding:10px; background:#f9f9f9; border-radius:5px;'>\n<summary style='font-weight:bold; cursor:pointer;'>Di che materiale \u00e8 la base?<\/summary>\n<div style='margin-top:10px; color:#555;'>La base \u00e8 in metallo per stabilit\u00e0.<\/div>\n<\/details>\n<details style='margin-bottom:10px; padding:10px; background:#f9f9f9; border-radius:5px;'>\n<summary style='font-weight:bold; cursor:pointer;'>Ha luce con fibre ottiche e LED?<\/summary>\n<div style='margin-top:10px; color:#555;'>S\u00ec, dispone di fibre ottiche illuminate e LED integrati.<\/div>\n<\/details>\n<\/div>\n","protected":false},"excerpt":{"rendered":"<p>Fibre ottiche &#038; LED. Base metallica. Include trasformatore 90cm Domande Frequenti Qual \u00e8 l&#8217;altezza dell&#8217;albero? L&#8217;albero ha un&#8217;altezza di 90 cm. Il trasformatore \u00e8 incluso? S\u00ec, secondo la descrizione \u00e8 incluso un trasformatore. \u00c8 adatto per uso interno? S\u00ec, ideale per una decorazione natalizia interna immediata. Di che materiale \u00e8 la base? La base \u00e8 [&hellip;]<\/p>\n","protected":false},"featured_media":5181342,"comment_status":"closed","ping_status":"open","template":"","meta":[],"product_brand":[],"product_cat":[],"product_tag":[15],"class_list":{"0":"post-5317146","1":"product","2":"type-product","3":"status-publish","4":"has-post-thumbnail","6":"product_tag-uncategorized","8":"first","9":"onbackorder","10":"purchasable","11":"product-type-simple"},"jetpack_sharing_enabled":true,"_links":{"self":[{"href":"https:\/\/gadgettravellers.eu\/it\/wp-json\/wp\/v2\/product\/5317146","targetHints":{"allow":["GET"]}}],"collection":[{"href":"https:\/\/gadgettravellers.eu\/it\/wp-json\/wp\/v2\/product"}],"about":[{"href":"https:\/\/gadgettravellers.eu\/it\/wp-json\/wp\/v2\/types\/product"}],"replies":[{"embeddable":true,"href":"https:\/\/gadgettravellers.eu\/it\/wp-json\/wp\/v2\/comments?post=5317146"}],"wp:featuredmedia":[{"embeddable":true,"href":"https:\/\/gadgettravellers.eu\/it\/wp-json\/wp\/v2\/media\/5181342"}],"wp:attachment":[{"href":"https:\/\/gadgettravellers.eu\/it\/wp-json\/wp\/v2\/media?parent=5317146"}],"wp:term":[{"taxonomy":"product_brand","embeddable":true,"href":"https:\/\/gadgettravellers.eu\/it\/wp-json\/wp\/v2\/product_brand?post=5317146"},{"taxonomy":"product_cat","embeddable":true,"href":"https:\/\/gadgettravellers.eu\/it\/wp-json\/wp\/v2\/product_cat?post=5317146"},{"taxonomy":"product_tag","embeddable":true,"href":"https:\/\/gadgettravellers.eu\/it\/wp-json\/wp\/v2\/product_tag?post=5317146"}],"curies":[{"name":"wp","href":"https:\/\/api.w.org\/{rel}","templated":true}]}}