{"id":5317148,"date":"2026-01-19T14:47:54","date_gmt":"2026-01-19T12:47:54","guid":{"rendered":"https:\/\/gadgettravellers.eu\/shop\/santo-sedia-a-dondolo-24x18cm-xmasfest-1131150\/"},"modified":"2026-04-22T22:52:55","modified_gmt":"2026-04-22T20:52:55","slug":"santo-sedia-a-dondolo-24x18cm-xmasfest-1131150","status":"publish","type":"product","link":"https:\/\/gadgettravellers.eu\/it\/shop\/santo-sedia-a-dondolo-24x18cm-xmasfest-1131150\/","title":{"rendered":"Santo Sedia a Dondolo 24x18cm Xmasfest 1131150"},"content":{"rendered":"<p>Movimento-musica 24x18cm<\/p>\n<div class='aiseo-faq-section' style='margin-top:30px; border-top:1px solid #eee; padding-top:20px;'>\n<h3>Domande Frequenti<\/h3>\n<details style='margin-bottom:10px; padding:10px; background:#f9f9f9; border-radius:5px;'>\n<summary style='font-weight:bold; cursor:pointer;'>Come funziona questo prodotto?<\/summary>\n<div style='margin-top:10px; color:#555;'>Funziona a batterie e attiva il movimento e la musica.<\/div>\n<\/details>\n<details style='margin-bottom:10px; padding:10px; background:#f9f9f9; border-radius:5px;'>\n<summary style='font-weight:bold; cursor:pointer;'>Quali sono le dimensioni della figura?<\/summary>\n<div style='margin-top:10px; color:#555;'>Le dimensioni sono 24x18cm.<\/div>\n<\/details>\n<details style='margin-bottom:10px; padding:10px; background:#f9f9f9; border-radius:5px;'>\n<summary style='font-weight:bold; cursor:pointer;'>\u00c8 adatto per il tavolo o per la mensola?<\/summary>\n<div style='margin-top:10px; color:#555;'>S\u00ec, \u00e8 ideale per la decorazione di un tavolo o di una mensola.<\/div>\n<\/details>\n<details style='margin-bottom:10px; padding:10px; background:#f9f9f9; border-radius:5px;'>\n<summary style='font-weight:bold; cursor:pointer;'>La figura ha parti mobili e musica?<\/summary>\n<div style='margin-top:10px; color:#555;'>S\u00ec, dispone di funzione motoria e riproduce musica.<\/div>\n<\/details>\n<\/div>\n","protected":false},"excerpt":{"rendered":"<p>Movimento-musica 24x18cm Domande Frequenti Come funziona questo prodotto? Funziona a batterie e attiva il movimento e la musica. Quali sono le dimensioni della figura? Le dimensioni sono 24x18cm. \u00c8 adatto per il tavolo o per la mensola? S\u00ec, \u00e8 ideale per la decorazione di un tavolo o di una mensola. La figura ha parti mobili [&hellip;]<\/p>\n","protected":false},"featured_media":5181364,"comment_status":"closed","ping_status":"open","template":"","meta":[],"product_brand":[],"product_cat":[],"product_tag":[15],"class_list":{"0":"post-5317148","1":"product","2":"type-product","3":"status-publish","4":"has-post-thumbnail","6":"product_tag-uncategorized","8":"first","9":"onbackorder","10":"purchasable","11":"product-type-simple"},"jetpack_sharing_enabled":true,"_links":{"self":[{"href":"https:\/\/gadgettravellers.eu\/it\/wp-json\/wp\/v2\/product\/5317148","targetHints":{"allow":["GET"]}}],"collection":[{"href":"https:\/\/gadgettravellers.eu\/it\/wp-json\/wp\/v2\/product"}],"about":[{"href":"https:\/\/gadgettravellers.eu\/it\/wp-json\/wp\/v2\/types\/product"}],"replies":[{"embeddable":true,"href":"https:\/\/gadgettravellers.eu\/it\/wp-json\/wp\/v2\/comments?post=5317148"}],"wp:featuredmedia":[{"embeddable":true,"href":"https:\/\/gadgettravellers.eu\/it\/wp-json\/wp\/v2\/media\/5181364"}],"wp:attachment":[{"href":"https:\/\/gadgettravellers.eu\/it\/wp-json\/wp\/v2\/media?parent=5317148"}],"wp:term":[{"taxonomy":"product_brand","embeddable":true,"href":"https:\/\/gadgettravellers.eu\/it\/wp-json\/wp\/v2\/product_brand?post=5317148"},{"taxonomy":"product_cat","embeddable":true,"href":"https:\/\/gadgettravellers.eu\/it\/wp-json\/wp\/v2\/product_cat?post=5317148"},{"taxonomy":"product_tag","embeddable":true,"href":"https:\/\/gadgettravellers.eu\/it\/wp-json\/wp\/v2\/product_tag?post=5317148"}],"curies":[{"name":"wp","href":"https:\/\/api.w.org\/{rel}","templated":true}]}}