{"id":5317149,"date":"2026-01-19T14:47:55","date_gmt":"2026-01-19T12:47:55","guid":{"rendered":"https:\/\/gadgettravellers.eu\/shop\/fermaglio-di-natale-molle-xmasfest-1131136\/"},"modified":"2026-04-22T22:52:56","modified_gmt":"2026-04-22T20:52:56","slug":"fermaglio-di-natale-molle-xmasfest-1131136","status":"publish","type":"product","link":"https:\/\/gadgettravellers.eu\/it\/shop\/fermaglio-di-natale-molle-xmasfest-1131136\/","title":{"rendered":"Fermaglio di Natale Molle Xmasfest 1131136"},"content":{"rendered":"<p>(abbinate)<\/p>\n<div class='aiseo-faq-section' style='margin-top:30px; border-top:1px solid #eee; padding-top:20px;'>\n<h3>Domande Frequenti<\/h3>\n<details style='margin-bottom:10px; padding:10px; background:#f9f9f9; border-radius:5px;'>\n<summary style='font-weight:bold; cursor:pointer;'>\u00c8 adatta a tutte le dimensioni della testa?<\/summary>\n<div style='margin-top:10px; color:#555;'>S\u00ec, il cerchietto si adatta alla maggior parte delle misure della testa.<\/div>\n<\/details>\n<details style='margin-bottom:10px; padding:10px; background:#f9f9f9; border-radius:5px;'>\n<summary style='font-weight:bold; cursor:pointer;'>Qual \u00e8 l&#8217;effetto delle molle?<\/summary>\n<div style='margin-top:10px; color:#555;'>Le molle-antenna offrono un effetto mobile e impressionante durante il movimento.<\/div>\n<\/details>\n<details style='margin-bottom:10px; padding:10px; background:#f9f9f9; border-radius:5px;'>\n<summary style='font-weight:bold; cursor:pointer;'>Come si pulisce la fascia per capelli?<\/summary>\n<div style='margin-top:10px; color:#555;'>Si pulisce facilmente con un panno umido e si lascia asciugare.<\/div>\n<\/details>\n<details style='margin-bottom:10px; padding:10px; background:#f9f9f9; border-radius:5px;'>\n<summary style='font-weight:bold; cursor:pointer;'>\u00c8 resistente all&#8217;uso frequente?<\/summary>\n<div style='margin-top:10px; color:#555;'>S\u00ec, il prodotto \u00e8 progettato per un uso resistente e un&#8217;usura ripetuta.<\/div>\n<\/details>\n<\/div>\n","protected":false},"excerpt":{"rendered":"<p>(abbinate) Domande Frequenti \u00c8 adatta a tutte le dimensioni della testa? S\u00ec, il cerchietto si adatta alla maggior parte delle misure della testa. Qual \u00e8 l&#8217;effetto delle molle? Le molle-antenna offrono un effetto mobile e impressionante durante il movimento. Come si pulisce la fascia per capelli? Si pulisce facilmente con un panno umido e si [&hellip;]<\/p>\n","protected":false},"featured_media":5181350,"comment_status":"closed","ping_status":"open","template":"","meta":[],"product_brand":[],"product_cat":[],"product_tag":[15],"class_list":{"0":"post-5317149","1":"product","2":"type-product","3":"status-publish","4":"has-post-thumbnail","6":"product_tag-uncategorized","8":"first","9":"onbackorder","10":"purchasable","11":"product-type-simple"},"jetpack_sharing_enabled":true,"_links":{"self":[{"href":"https:\/\/gadgettravellers.eu\/it\/wp-json\/wp\/v2\/product\/5317149","targetHints":{"allow":["GET"]}}],"collection":[{"href":"https:\/\/gadgettravellers.eu\/it\/wp-json\/wp\/v2\/product"}],"about":[{"href":"https:\/\/gadgettravellers.eu\/it\/wp-json\/wp\/v2\/types\/product"}],"replies":[{"embeddable":true,"href":"https:\/\/gadgettravellers.eu\/it\/wp-json\/wp\/v2\/comments?post=5317149"}],"wp:featuredmedia":[{"embeddable":true,"href":"https:\/\/gadgettravellers.eu\/it\/wp-json\/wp\/v2\/media\/5181350"}],"wp:attachment":[{"href":"https:\/\/gadgettravellers.eu\/it\/wp-json\/wp\/v2\/media?parent=5317149"}],"wp:term":[{"taxonomy":"product_brand","embeddable":true,"href":"https:\/\/gadgettravellers.eu\/it\/wp-json\/wp\/v2\/product_brand?post=5317149"},{"taxonomy":"product_cat","embeddable":true,"href":"https:\/\/gadgettravellers.eu\/it\/wp-json\/wp\/v2\/product_cat?post=5317149"},{"taxonomy":"product_tag","embeddable":true,"href":"https:\/\/gadgettravellers.eu\/it\/wp-json\/wp\/v2\/product_tag?post=5317149"}],"curies":[{"name":"wp","href":"https:\/\/api.w.org\/{rel}","templated":true}]}}