{"id":5317153,"date":"2026-01-19T14:47:59","date_gmt":"2026-01-19T12:47:59","guid":{"rendered":"https:\/\/gadgettravellers.eu\/shop\/cappello-babbo-natale-36x27cm-xmasfest-1131203\/"},"modified":"2026-04-22T22:52:57","modified_gmt":"2026-04-22T20:52:57","slug":"cappello-babbo-natale-36x27cm-xmasfest-1131203","status":"publish","type":"product","link":"https:\/\/gadgettravellers.eu\/it\/shop\/cappello-babbo-natale-36x27cm-xmasfest-1131203\/","title":{"rendered":"Cappello Babbo Natale 36x27cm Xmasfest 1131203"},"content":{"rendered":"<p>36x27cm<\/p>\n<div class='aiseo-faq-section' style='margin-top:30px; border-top:1px solid #eee; padding-top:20px;'>\n<h3>Domande Frequenti<\/h3>\n<details style='margin-bottom:10px; padding:10px; background:#f9f9f9; border-radius:5px;'>\n<summary style='font-weight:bold; cursor:pointer;'>Quali sono le dimensioni del berretto?<\/summary>\n<div style='margin-top:10px; color:#555;'>Le dimensioni sono 36x27cm.<\/div>\n<\/details>\n<details style='margin-bottom:10px; padding:10px; background:#f9f9f9; border-radius:5px;'>\n<summary style='font-weight:bold; cursor:pointer;'>Per quali occasioni \u00e8 adatto questo berretto?<\/summary>\n<div style='margin-top:10px; color:#555;'>Ideale per feste di Natale, feste a tema e servizi fotografici.<\/div>\n<\/details>\n<details style='margin-bottom:10px; padding:10px; background:#f9f9f9; border-radius:5px;'>\n<summary style='font-weight:bold; cursor:pointer;'>Quali sono i colori del berretto?<\/summary>\n<div style='margin-top:10px; color:#555;'>Classico rosso con dettaglio bianco.<\/div>\n<\/details>\n<details style='margin-bottom:10px; padding:10px; background:#f9f9f9; border-radius:5px;'>\n<summary style='font-weight:bold; cursor:pointer;'>\u00c8 adatto come regalo o decorazione?<\/summary>\n<div style='margin-top:10px; color:#555;'>S\u00ec, \u00e8 leggero, facile da trasportare e adatto come regalo o accessorio decorativo.<\/div>\n<\/details>\n<\/div>\n","protected":false},"excerpt":{"rendered":"<p>36x27cm Domande Frequenti Quali sono le dimensioni del berretto? Le dimensioni sono 36x27cm. Per quali occasioni \u00e8 adatto questo berretto? Ideale per feste di Natale, feste a tema e servizi fotografici. Quali sono i colori del berretto? Classico rosso con dettaglio bianco. \u00c8 adatto come regalo o decorazione? S\u00ec, \u00e8 leggero, facile da trasportare e [&hellip;]<\/p>\n","protected":false},"featured_media":5181390,"comment_status":"closed","ping_status":"open","template":"","meta":[],"product_brand":[],"product_cat":[],"product_tag":[15],"class_list":{"0":"post-5317153","1":"product","2":"type-product","3":"status-publish","4":"has-post-thumbnail","6":"product_tag-uncategorized","8":"first","9":"onbackorder","10":"purchasable","11":"product-type-simple"},"jetpack_sharing_enabled":true,"_links":{"self":[{"href":"https:\/\/gadgettravellers.eu\/it\/wp-json\/wp\/v2\/product\/5317153","targetHints":{"allow":["GET"]}}],"collection":[{"href":"https:\/\/gadgettravellers.eu\/it\/wp-json\/wp\/v2\/product"}],"about":[{"href":"https:\/\/gadgettravellers.eu\/it\/wp-json\/wp\/v2\/types\/product"}],"replies":[{"embeddable":true,"href":"https:\/\/gadgettravellers.eu\/it\/wp-json\/wp\/v2\/comments?post=5317153"}],"wp:featuredmedia":[{"embeddable":true,"href":"https:\/\/gadgettravellers.eu\/it\/wp-json\/wp\/v2\/media\/5181390"}],"wp:attachment":[{"href":"https:\/\/gadgettravellers.eu\/it\/wp-json\/wp\/v2\/media?parent=5317153"}],"wp:term":[{"taxonomy":"product_brand","embeddable":true,"href":"https:\/\/gadgettravellers.eu\/it\/wp-json\/wp\/v2\/product_brand?post=5317153"},{"taxonomy":"product_cat","embeddable":true,"href":"https:\/\/gadgettravellers.eu\/it\/wp-json\/wp\/v2\/product_cat?post=5317153"},{"taxonomy":"product_tag","embeddable":true,"href":"https:\/\/gadgettravellers.eu\/it\/wp-json\/wp\/v2\/product_tag?post=5317153"}],"curies":[{"name":"wp","href":"https:\/\/api.w.org\/{rel}","templated":true}]}}