{"id":5317157,"date":"2026-01-19T14:48:02","date_gmt":"2026-01-19T12:48:02","guid":{"rendered":"https:\/\/gadgettravellers.eu\/shop\/piatto-forma-santo-pupazzo-di-neve-30cm-xmasfest-1131216\/"},"modified":"2026-04-22T22:52:59","modified_gmt":"2026-04-22T20:52:59","slug":"piatto-forma-santo-pupazzo-di-neve-30cm-xmasfest-1131216","status":"publish","type":"product","link":"https:\/\/gadgettravellers.eu\/it\/shop\/piatto-forma-santo-pupazzo-di-neve-30cm-xmasfest-1131216\/","title":{"rendered":"Piatto Forma Santo-Pupazzo di Neve 30cm Xmasfest 1131216"},"content":{"rendered":"<p>30cm<\/p>\n<div class='aiseo-faq-section' style='margin-top:30px; border-top:1px solid #eee; padding-top:20px;'>\n<h3>Domande Frequenti<\/h3>\n<details style='margin-bottom:10px; padding:10px; background:#f9f9f9; border-radius:5px;'>\n<summary style='font-weight:bold; cursor:pointer;'>Qual \u00e8 la dimensione del piatto?<\/summary>\n<div style='margin-top:10px; color:#555;'>Il piatto ha un diametro di 30 cm.<\/div>\n<\/details>\n<details style='margin-bottom:10px; padding:10px; background:#f9f9f9; border-radius:5px;'>\n<summary style='font-weight:bold; cursor:pointer;'>Posso usare il piatto per servire?<\/summary>\n<div style='margin-top:10px; color:#555;'>S\u00ec, \u00e8 ideale per servire dolci e antipasti e pu\u00f2 essere utilizzato anche come decorazione centrale.<\/div>\n<\/details>\n<details style='margin-bottom:10px; padding:10px; background:#f9f9f9; border-radius:5px;'>\n<summary style='font-weight:bold; cursor:pointer;'>Come si pulisce il piatto?<\/summary>\n<div style='margin-top:10px; color:#555;'>Si consiglia una pulizia delicata per preservare il motivo, quindi preferire un lavaggio a mano delicato.<\/div>\n<\/details>\n<\/div>\n","protected":false},"excerpt":{"rendered":"<p>30cm Domande Frequenti Qual \u00e8 la dimensione del piatto? Il piatto ha un diametro di 30 cm. Posso usare il piatto per servire? S\u00ec, \u00e8 ideale per servire dolci e antipasti e pu\u00f2 essere utilizzato anche come decorazione centrale. Come si pulisce il piatto? Si consiglia una pulizia delicata per preservare il motivo, quindi preferire [&hellip;]<\/p>\n","protected":false},"featured_media":5181408,"comment_status":"closed","ping_status":"open","template":"","meta":[],"product_brand":[],"product_cat":[],"product_tag":[15],"class_list":{"0":"post-5317157","1":"product","2":"type-product","3":"status-publish","4":"has-post-thumbnail","6":"product_tag-uncategorized","8":"first","9":"onbackorder","10":"purchasable","11":"product-type-simple"},"jetpack_sharing_enabled":true,"_links":{"self":[{"href":"https:\/\/gadgettravellers.eu\/it\/wp-json\/wp\/v2\/product\/5317157","targetHints":{"allow":["GET"]}}],"collection":[{"href":"https:\/\/gadgettravellers.eu\/it\/wp-json\/wp\/v2\/product"}],"about":[{"href":"https:\/\/gadgettravellers.eu\/it\/wp-json\/wp\/v2\/types\/product"}],"replies":[{"embeddable":true,"href":"https:\/\/gadgettravellers.eu\/it\/wp-json\/wp\/v2\/comments?post=5317157"}],"wp:featuredmedia":[{"embeddable":true,"href":"https:\/\/gadgettravellers.eu\/it\/wp-json\/wp\/v2\/media\/5181408"}],"wp:attachment":[{"href":"https:\/\/gadgettravellers.eu\/it\/wp-json\/wp\/v2\/media?parent=5317157"}],"wp:term":[{"taxonomy":"product_brand","embeddable":true,"href":"https:\/\/gadgettravellers.eu\/it\/wp-json\/wp\/v2\/product_brand?post=5317157"},{"taxonomy":"product_cat","embeddable":true,"href":"https:\/\/gadgettravellers.eu\/it\/wp-json\/wp\/v2\/product_cat?post=5317157"},{"taxonomy":"product_tag","embeddable":true,"href":"https:\/\/gadgettravellers.eu\/it\/wp-json\/wp\/v2\/product_tag?post=5317157"}],"curies":[{"name":"wp","href":"https:\/\/api.w.org\/{rel}","templated":true}]}}