{"id":5317158,"date":"2026-01-19T14:48:03","date_gmt":"2026-01-19T12:48:03","guid":{"rendered":"https:\/\/gadgettravellers.eu\/shop\/disco-albero-di-natale-32x31cm-xmasfest-1131217\/"},"modified":"2026-04-22T22:53:00","modified_gmt":"2026-04-22T20:53:00","slug":"disco-albero-di-natale-32x31cm-xmasfest-1131217","status":"publish","type":"product","link":"https:\/\/gadgettravellers.eu\/it\/shop\/disco-albero-di-natale-32x31cm-xmasfest-1131217\/","title":{"rendered":"Disco Albero di Natale 32x31cm Xmasfest 1131217"},"content":{"rendered":"<p>32x31cm<\/p>\n<div class='aiseo-faq-section' style='margin-top:30px; border-top:1px solid #eee; padding-top:20px;'>\n<h3>Domande Frequenti<\/h3>\n<details style='margin-bottom:10px; padding:10px; background:#f9f9f9; border-radius:5px;'>\n<summary style='font-weight:bold; cursor:pointer;'>Quali sono le dimensioni del disco?<\/summary>\n<div style='margin-top:10px; color:#555;'>Le dimensioni sono 32&#215;31 cm.<\/div>\n<\/details>\n<details style='margin-bottom:10px; padding:10px; background:#f9f9f9; border-radius:5px;'>\n<summary style='font-weight:bold; cursor:pointer;'>Dove posso usarlo?<\/summary>\n<div style='margin-top:10px; color:#555;'>Ideale per servire dolci e cibi o come elemento decorativo sulla tavola delle feste.<\/div>\n<\/details>\n<details style='margin-bottom:10px; padding:10px; background:#f9f9f9; border-radius:5px;'>\n<summary style='font-weight:bold; cursor:pointer;'>\u00c8 adatto come regalo?<\/summary>\n<div style='margin-top:10px; color:#555;'>S\u00ec, \u00e8 una bella idea regalo per le feste.<\/div>\n<\/details>\n<details style='margin-bottom:10px; padding:10px; background:#f9f9f9; border-radius:5px;'>\n<summary style='font-weight:bold; cursor:pointer;'>In quali circostanze si adatta?<\/summary>\n<div style='margin-top:10px; color:#555;'>Adatto per riunioni natalizie, feste e decorazioni stagionali.<\/div>\n<\/details>\n<\/div>\n","protected":false},"excerpt":{"rendered":"<p>32x31cm Domande Frequenti Quali sono le dimensioni del disco? Le dimensioni sono 32&#215;31 cm. Dove posso usarlo? Ideale per servire dolci e cibi o come elemento decorativo sulla tavola delle feste. \u00c8 adatto come regalo? S\u00ec, \u00e8 una bella idea regalo per le feste. In quali circostanze si adatta? Adatto per riunioni natalizie, feste e [&hellip;]<\/p>\n","protected":false},"featured_media":5181415,"comment_status":"closed","ping_status":"open","template":"","meta":[],"product_brand":[],"product_cat":[],"product_tag":[15],"class_list":{"0":"post-5317158","1":"product","2":"type-product","3":"status-publish","4":"has-post-thumbnail","6":"product_tag-uncategorized","8":"first","9":"onbackorder","10":"purchasable","11":"product-type-simple"},"jetpack_sharing_enabled":true,"_links":{"self":[{"href":"https:\/\/gadgettravellers.eu\/it\/wp-json\/wp\/v2\/product\/5317158","targetHints":{"allow":["GET"]}}],"collection":[{"href":"https:\/\/gadgettravellers.eu\/it\/wp-json\/wp\/v2\/product"}],"about":[{"href":"https:\/\/gadgettravellers.eu\/it\/wp-json\/wp\/v2\/types\/product"}],"replies":[{"embeddable":true,"href":"https:\/\/gadgettravellers.eu\/it\/wp-json\/wp\/v2\/comments?post=5317158"}],"wp:featuredmedia":[{"embeddable":true,"href":"https:\/\/gadgettravellers.eu\/it\/wp-json\/wp\/v2\/media\/5181415"}],"wp:attachment":[{"href":"https:\/\/gadgettravellers.eu\/it\/wp-json\/wp\/v2\/media?parent=5317158"}],"wp:term":[{"taxonomy":"product_brand","embeddable":true,"href":"https:\/\/gadgettravellers.eu\/it\/wp-json\/wp\/v2\/product_brand?post=5317158"},{"taxonomy":"product_cat","embeddable":true,"href":"https:\/\/gadgettravellers.eu\/it\/wp-json\/wp\/v2\/product_cat?post=5317158"},{"taxonomy":"product_tag","embeddable":true,"href":"https:\/\/gadgettravellers.eu\/it\/wp-json\/wp\/v2\/product_tag?post=5317158"}],"curies":[{"name":"wp","href":"https:\/\/api.w.org\/{rel}","templated":true}]}}