{"id":5317159,"date":"2026-01-19T14:48:04","date_gmt":"2026-01-19T12:48:04","guid":{"rendered":"https:\/\/gadgettravellers.eu\/shop\/portafortuna-melograno-in-scatola-xmasfest-1131225\/"},"modified":"2026-04-22T22:53:00","modified_gmt":"2026-04-22T20:53:00","slug":"portafortuna-melograno-in-scatola-xmasfest-1131225","status":"publish","type":"product","link":"https:\/\/gadgettravellers.eu\/it\/shop\/portafortuna-melograno-in-scatola-xmasfest-1131225\/","title":{"rendered":"Portafortuna Melograno in Scatola Xmasfest 1131225"},"content":{"rendered":"<p>Metallico<\/p>\n<div class='aiseo-faq-section' style='margin-top:30px; border-top:1px solid #eee; padding-top:20px;'>\n<h3>Domande Frequenti<\/h3>\n<details style='margin-bottom:10px; padding:10px; background:#f9f9f9; border-radius:5px;'>\n<summary style='font-weight:bold; cursor:pointer;'>Di che materiale \u00e8 fatto il portafortuna?<\/summary>\n<div style='margin-top:10px; color:#555;'>\u00c8 in metallo con una finitura metallica resistente che mantiene la sua lucentezza.<\/div>\n<\/details>\n<details style='margin-bottom:10px; padding:10px; background:#f9f9f9; border-radius:5px;'>\n<summary style='font-weight:bold; cursor:pointer;'>La confezione \u00e8 inclusa?<\/summary>\n<div style='margin-top:10px; color:#555;'>S\u00ec, \u00e8 fornito in una elegante scatola ed \u00e8 pronto per essere regalato senza ulteriori confezioni.<\/div>\n<\/details>\n<details style='margin-bottom:10px; padding:10px; background:#f9f9f9; border-radius:5px;'>\n<summary style='font-weight:bold; cursor:pointer;'>\u00c8 adatto per eventi aziendali?<\/summary>\n<div style='margin-top:10px; color:#555;'>S\u00ec, pu\u00f2 essere utilizzato come souvenir per eventi aziendali.<\/div>\n<\/details>\n<details style='margin-bottom:10px; padding:10px; background:#f9f9f9; border-radius:5px;'>\n<summary style='font-weight:bold; cursor:pointer;'>Pu\u00f2 essere usato per la decorazione?<\/summary>\n<div style='margin-top:10px; color:#555;'>S\u00ec, aggiunge un tocco festivo discreto alla decorazione o alla tavola.<\/div>\n<\/details>\n<\/div>\n","protected":false},"excerpt":{"rendered":"<p>Metallico Domande Frequenti Di che materiale \u00e8 fatto il portafortuna? \u00c8 in metallo con una finitura metallica resistente che mantiene la sua lucentezza. La confezione \u00e8 inclusa? S\u00ec, \u00e8 fornito in una elegante scatola ed \u00e8 pronto per essere regalato senza ulteriori confezioni. \u00c8 adatto per eventi aziendali? S\u00ec, pu\u00f2 essere utilizzato come souvenir per [&hellip;]<\/p>\n","protected":false},"featured_media":5181422,"comment_status":"closed","ping_status":"open","template":"","meta":[],"product_brand":[],"product_cat":[],"product_tag":[15],"class_list":{"0":"post-5317159","1":"product","2":"type-product","3":"status-publish","4":"has-post-thumbnail","6":"product_tag-uncategorized","8":"first","9":"onbackorder","10":"purchasable","11":"product-type-simple"},"jetpack_sharing_enabled":true,"_links":{"self":[{"href":"https:\/\/gadgettravellers.eu\/it\/wp-json\/wp\/v2\/product\/5317159","targetHints":{"allow":["GET"]}}],"collection":[{"href":"https:\/\/gadgettravellers.eu\/it\/wp-json\/wp\/v2\/product"}],"about":[{"href":"https:\/\/gadgettravellers.eu\/it\/wp-json\/wp\/v2\/types\/product"}],"replies":[{"embeddable":true,"href":"https:\/\/gadgettravellers.eu\/it\/wp-json\/wp\/v2\/comments?post=5317159"}],"wp:featuredmedia":[{"embeddable":true,"href":"https:\/\/gadgettravellers.eu\/it\/wp-json\/wp\/v2\/media\/5181422"}],"wp:attachment":[{"href":"https:\/\/gadgettravellers.eu\/it\/wp-json\/wp\/v2\/media?parent=5317159"}],"wp:term":[{"taxonomy":"product_brand","embeddable":true,"href":"https:\/\/gadgettravellers.eu\/it\/wp-json\/wp\/v2\/product_brand?post=5317159"},{"taxonomy":"product_cat","embeddable":true,"href":"https:\/\/gadgettravellers.eu\/it\/wp-json\/wp\/v2\/product_cat?post=5317159"},{"taxonomy":"product_tag","embeddable":true,"href":"https:\/\/gadgettravellers.eu\/it\/wp-json\/wp\/v2\/product_tag?post=5317159"}],"curies":[{"name":"wp","href":"https:\/\/api.w.org\/{rel}","templated":true}]}}