{"id":5317160,"date":"2026-01-19T14:48:05","date_gmt":"2026-01-19T12:48:05","guid":{"rendered":"https:\/\/gadgettravellers.eu\/shop\/portafortuna-chiave-in-scatola-xmasfest-1131226\/"},"modified":"2026-04-22T22:53:01","modified_gmt":"2026-04-22T20:53:01","slug":"portafortuna-chiave-in-scatola-xmasfest-1131226","status":"publish","type":"product","link":"https:\/\/gadgettravellers.eu\/it\/shop\/portafortuna-chiave-in-scatola-xmasfest-1131226\/","title":{"rendered":"Portafortuna Chiave in Scatola Xmasfest 1131226"},"content":{"rendered":"<p>Metallico<\/p>\n<div class='aiseo-faq-section' style='margin-top:30px; border-top:1px solid #eee; padding-top:20px;'>\n<h3>Domande Frequenti<\/h3>\n<details style='margin-bottom:10px; padding:10px; background:#f9f9f9; border-radius:5px;'>\n<summary style='font-weight:bold; cursor:pointer;'>Di che materiale \u00e8 fatto il portafortuna?<\/summary>\n<div style='margin-top:10px; color:#555;'>Il portafortuna \u00e8 realizzato in metallo, offrendo robustezza e resistenza.<\/div>\n<\/details>\n<details style='margin-bottom:10px; padding:10px; background:#f9f9f9; border-radius:5px;'>\n<summary style='font-weight:bold; cursor:pointer;'>Posso usarlo come portachiavi?<\/summary>\n<div style='margin-top:10px; color:#555;'>S\u00ec, pu\u00f2 essere usato come portachiavi, cos\u00ec come come decorazione per l&#8217;albero o come portafortuna simbolico.<\/div>\n<\/details>\n<details style='margin-bottom:10px; padding:10px; background:#f9f9f9; border-radius:5px;'>\n<summary style='font-weight:bold; cursor:pointer;'>Viene pronto per essere regalato?<\/summary>\n<div style='margin-top:10px; color:#555;'>S\u00ec, \u00e8 accompagnato da una elegante scatola regalo ed \u00e8 pronto per essere donato senza ulteriori confezioni.<\/div>\n<\/details>\n<details style='margin-bottom:10px; padding:10px; background:#f9f9f9; border-radius:5px;'>\n<summary style='font-weight:bold; cursor:pointer;'>\u00c8 adatto per Natale o Capodanno?<\/summary>\n<div style='margin-top:10px; color:#555;'>S\u00ec, \u00e8 un piccolo regalo ideale per Natale e Capodanno grazie alla presentazione elegante e al carattere simbolico.<\/div>\n<\/details>\n<\/div>\n","protected":false},"excerpt":{"rendered":"<p>Metallico Domande Frequenti Di che materiale \u00e8 fatto il portafortuna? Il portafortuna \u00e8 realizzato in metallo, offrendo robustezza e resistenza. Posso usarlo come portachiavi? S\u00ec, pu\u00f2 essere usato come portachiavi, cos\u00ec come come decorazione per l&#8217;albero o come portafortuna simbolico. Viene pronto per essere regalato? S\u00ec, \u00e8 accompagnato da una elegante scatola regalo ed \u00e8 [&hellip;]<\/p>\n","protected":false},"featured_media":5181429,"comment_status":"closed","ping_status":"open","template":"","meta":[],"product_brand":[],"product_cat":[],"product_tag":[15],"class_list":{"0":"post-5317160","1":"product","2":"type-product","3":"status-publish","4":"has-post-thumbnail","6":"product_tag-uncategorized","8":"first","9":"onbackorder","10":"purchasable","11":"product-type-simple"},"jetpack_sharing_enabled":true,"_links":{"self":[{"href":"https:\/\/gadgettravellers.eu\/it\/wp-json\/wp\/v2\/product\/5317160","targetHints":{"allow":["GET"]}}],"collection":[{"href":"https:\/\/gadgettravellers.eu\/it\/wp-json\/wp\/v2\/product"}],"about":[{"href":"https:\/\/gadgettravellers.eu\/it\/wp-json\/wp\/v2\/types\/product"}],"replies":[{"embeddable":true,"href":"https:\/\/gadgettravellers.eu\/it\/wp-json\/wp\/v2\/comments?post=5317160"}],"wp:featuredmedia":[{"embeddable":true,"href":"https:\/\/gadgettravellers.eu\/it\/wp-json\/wp\/v2\/media\/5181429"}],"wp:attachment":[{"href":"https:\/\/gadgettravellers.eu\/it\/wp-json\/wp\/v2\/media?parent=5317160"}],"wp:term":[{"taxonomy":"product_brand","embeddable":true,"href":"https:\/\/gadgettravellers.eu\/it\/wp-json\/wp\/v2\/product_brand?post=5317160"},{"taxonomy":"product_cat","embeddable":true,"href":"https:\/\/gadgettravellers.eu\/it\/wp-json\/wp\/v2\/product_cat?post=5317160"},{"taxonomy":"product_tag","embeddable":true,"href":"https:\/\/gadgettravellers.eu\/it\/wp-json\/wp\/v2\/product_tag?post=5317160"}],"curies":[{"name":"wp","href":"https:\/\/api.w.org\/{rel}","templated":true}]}}