{"id":5317166,"date":"2026-01-19T14:48:11","date_gmt":"2026-01-19T12:48:11","guid":{"rendered":"https:\/\/gadgettravellers.eu\/shop\/dischetto-di-natale-rotondo-o22cm-xmasfest-1131294\/"},"modified":"2026-04-22T22:53:03","modified_gmt":"2026-04-22T20:53:03","slug":"dischetto-di-natale-rotondo-o22cm-xmasfest-1131294","status":"publish","type":"product","link":"https:\/\/gadgettravellers.eu\/it\/shop\/dischetto-di-natale-rotondo-o22cm-xmasfest-1131294\/","title":{"rendered":"Dischetto di Natale Rotondo \u00f822cm Xmasfest 1131294"},"content":{"rendered":"<p>\u00f822cm<\/p>\n<div class='aiseo-faq-section' style='margin-top:30px; border-top:1px solid #eee; padding-top:20px;'>\n<h3>Domande Frequenti<\/h3>\n<details style='margin-bottom:10px; padding:10px; background:#f9f9f9; border-radius:5px;'>\n<summary style='font-weight:bold; cursor:pointer;'>Qual \u00e8 il diametro del disco?<\/summary>\n<div style='margin-top:10px; color:#555;'>Il diametro \u00e8 22 cm.<\/div>\n<\/details>\n<details style='margin-bottom:10px; padding:10px; background:#f9f9f9; border-radius:5px;'>\n<summary style='font-weight:bold; cursor:pointer;'>Dove pu\u00f2 essere utilizzato questo disco?<\/summary>\n<div style='margin-top:10px; color:#555;'>Adatto per servire dolci, posizionare candele e decorazioni stagionali per la tavola.<\/div>\n<\/details>\n<details style='margin-bottom:10px; padding:10px; background:#f9f9f9; border-radius:5px;'>\n<summary style='font-weight:bold; cursor:pointer;'>\u00c8 adatto come regalo per le feste?<\/summary>\n<div style='margin-top:10px; color:#555;'>S\u00ec, \u00e8 un regalo bello e pratico per le feste.<\/div>\n<\/details>\n<details style='margin-bottom:10px; padding:10px; background:#f9f9f9; border-radius:5px;'>\n<summary style='font-weight:bold; cursor:pointer;'>Aggiunge un&#8217;atmosfera festosa alla presentazione?<\/summary>\n<div style='margin-top:10px; color:#555;'>S\u00ec, il design natalizio rafforza l&#8217;atmosfera festiva e l&#8217;aspetto del servizio.<\/div>\n<\/details>\n<\/div>\n","protected":false},"excerpt":{"rendered":"<p>\u00f822cm Domande Frequenti Qual \u00e8 il diametro del disco? Il diametro \u00e8 22 cm. Dove pu\u00f2 essere utilizzato questo disco? Adatto per servire dolci, posizionare candele e decorazioni stagionali per la tavola. \u00c8 adatto come regalo per le feste? S\u00ec, \u00e8 un regalo bello e pratico per le feste. Aggiunge un&#8217;atmosfera festosa alla presentazione? S\u00ec, [&hellip;]<\/p>\n","protected":false},"featured_media":5181472,"comment_status":"closed","ping_status":"open","template":"","meta":[],"product_brand":[],"product_cat":[],"product_tag":[15],"class_list":{"0":"post-5317166","1":"product","2":"type-product","3":"status-publish","4":"has-post-thumbnail","6":"product_tag-uncategorized","8":"first","9":"onbackorder","10":"purchasable","11":"product-type-simple"},"jetpack_sharing_enabled":true,"_links":{"self":[{"href":"https:\/\/gadgettravellers.eu\/it\/wp-json\/wp\/v2\/product\/5317166","targetHints":{"allow":["GET"]}}],"collection":[{"href":"https:\/\/gadgettravellers.eu\/it\/wp-json\/wp\/v2\/product"}],"about":[{"href":"https:\/\/gadgettravellers.eu\/it\/wp-json\/wp\/v2\/types\/product"}],"replies":[{"embeddable":true,"href":"https:\/\/gadgettravellers.eu\/it\/wp-json\/wp\/v2\/comments?post=5317166"}],"wp:featuredmedia":[{"embeddable":true,"href":"https:\/\/gadgettravellers.eu\/it\/wp-json\/wp\/v2\/media\/5181472"}],"wp:attachment":[{"href":"https:\/\/gadgettravellers.eu\/it\/wp-json\/wp\/v2\/media?parent=5317166"}],"wp:term":[{"taxonomy":"product_brand","embeddable":true,"href":"https:\/\/gadgettravellers.eu\/it\/wp-json\/wp\/v2\/product_brand?post=5317166"},{"taxonomy":"product_cat","embeddable":true,"href":"https:\/\/gadgettravellers.eu\/it\/wp-json\/wp\/v2\/product_cat?post=5317166"},{"taxonomy":"product_tag","embeddable":true,"href":"https:\/\/gadgettravellers.eu\/it\/wp-json\/wp\/v2\/product_tag?post=5317166"}],"curies":[{"name":"wp","href":"https:\/\/api.w.org\/{rel}","templated":true}]}}