{"id":5317167,"date":"2026-01-19T14:48:11","date_gmt":"2026-01-19T12:48:11","guid":{"rendered":"https:\/\/gadgettravellers.eu\/shop\/presepe-in-legno-piccolo-18x12cm-xmasfest-1131315\/"},"modified":"2026-04-22T22:53:04","modified_gmt":"2026-04-22T20:53:04","slug":"presepe-in-legno-piccolo-18x12cm-xmasfest-1131315","status":"publish","type":"product","link":"https:\/\/gadgettravellers.eu\/it\/shop\/presepe-in-legno-piccolo-18x12cm-xmasfest-1131315\/","title":{"rendered":"Presepe in Legno Piccolo 18x12cm Xmasfest 1131315"},"content":{"rendered":"<p>18x12cm<\/p>\n<div class='aiseo-faq-section' style='margin-top:30px; border-top:1px solid #eee; padding-top:20px;'>\n<h3>Domande Frequenti<\/h3>\n<details style='margin-bottom:10px; padding:10px; background:#f9f9f9; border-radius:5px;'>\n<summary style='font-weight:bold; cursor:pointer;'>Dove \u00e8 destinato l&#8217;uso della mangiatoia?<\/summary>\n<div style='margin-top:10px; color:#555;'>Si consiglia per uso interno, come in casa, su tavoli e scaffali.<\/div>\n<\/details>\n<details style='margin-bottom:10px; padding:10px; background:#f9f9f9; border-radius:5px;'>\n<summary style='font-weight:bold; cursor:pointer;'>Di che materiale \u00e8 fatta?<\/summary>\n<div style='margin-top:10px; color:#555;'>\u00c8 realizzata in legno naturale con un&#8217;estetica semplice e discreta.<\/div>\n<\/details>\n<details style='margin-bottom:10px; padding:10px; background:#f9f9f9; border-radius:5px;'>\n<summary style='font-weight:bold; cursor:pointer;'>Posso mettere luci o figure sopra di essa?<\/summary>\n<div style='margin-top:10px; color:#555;'>S\u00ec, \u00e8 ideale per posizionare piccole figure, luci LED o anche come decorazione indipendente.<\/div>\n<\/details>\n<details style='margin-bottom:10px; padding:10px; background:#f9f9f9; border-radius:5px;'>\n<summary style='font-weight:bold; cursor:pointer;'>Come deve essere pulito?<\/summary>\n<div style='margin-top:10px; color:#555;'>Si pulisce con un panno asciutto e si consiglia di utilizzarlo solo in ambienti interni.<\/div>\n<\/details>\n<\/div>\n","protected":false},"excerpt":{"rendered":"<p>18x12cm Domande Frequenti Dove \u00e8 destinato l&#8217;uso della mangiatoia? Si consiglia per uso interno, come in casa, su tavoli e scaffali. Di che materiale \u00e8 fatta? \u00c8 realizzata in legno naturale con un&#8217;estetica semplice e discreta. Posso mettere luci o figure sopra di essa? S\u00ec, \u00e8 ideale per posizionare piccole figure, luci LED o anche [&hellip;]<\/p>\n","protected":false},"featured_media":5181479,"comment_status":"closed","ping_status":"open","template":"","meta":[],"product_brand":[],"product_cat":[],"product_tag":[15],"class_list":{"0":"post-5317167","1":"product","2":"type-product","3":"status-publish","4":"has-post-thumbnail","6":"product_tag-uncategorized","8":"first","9":"onbackorder","10":"purchasable","11":"product-type-simple"},"jetpack_sharing_enabled":true,"_links":{"self":[{"href":"https:\/\/gadgettravellers.eu\/it\/wp-json\/wp\/v2\/product\/5317167","targetHints":{"allow":["GET"]}}],"collection":[{"href":"https:\/\/gadgettravellers.eu\/it\/wp-json\/wp\/v2\/product"}],"about":[{"href":"https:\/\/gadgettravellers.eu\/it\/wp-json\/wp\/v2\/types\/product"}],"replies":[{"embeddable":true,"href":"https:\/\/gadgettravellers.eu\/it\/wp-json\/wp\/v2\/comments?post=5317167"}],"wp:featuredmedia":[{"embeddable":true,"href":"https:\/\/gadgettravellers.eu\/it\/wp-json\/wp\/v2\/media\/5181479"}],"wp:attachment":[{"href":"https:\/\/gadgettravellers.eu\/it\/wp-json\/wp\/v2\/media?parent=5317167"}],"wp:term":[{"taxonomy":"product_brand","embeddable":true,"href":"https:\/\/gadgettravellers.eu\/it\/wp-json\/wp\/v2\/product_brand?post=5317167"},{"taxonomy":"product_cat","embeddable":true,"href":"https:\/\/gadgettravellers.eu\/it\/wp-json\/wp\/v2\/product_cat?post=5317167"},{"taxonomy":"product_tag","embeddable":true,"href":"https:\/\/gadgettravellers.eu\/it\/wp-json\/wp\/v2\/product_tag?post=5317167"}],"curies":[{"name":"wp","href":"https:\/\/api.w.org\/{rel}","templated":true}]}}