{"id":5317169,"date":"2026-01-19T14:48:13","date_gmt":"2026-01-19T12:48:13","guid":{"rendered":"https:\/\/gadgettravellers.eu\/shop\/goccioloni-neve-finestra-brina-60x27cm-xmasfest-1131332\/"},"modified":"2026-04-22T22:53:04","modified_gmt":"2026-04-22T20:53:04","slug":"goccioloni-neve-finestra-brina-60x27cm-xmasfest-1131332","status":"publish","type":"product","link":"https:\/\/gadgettravellers.eu\/it\/shop\/goccioloni-neve-finestra-brina-60x27cm-xmasfest-1131332\/","title":{"rendered":"Goccioloni Neve Finestra Brina 60x27cm Xmasfest 1131332"},"content":{"rendered":"<p>Da brina 60x27cm<\/p>\n<div class='aiseo-faq-section' style='margin-top:30px; border-top:1px solid #eee; padding-top:20px;'>\n<h3>Domande Frequenti<\/h3>\n<details style='margin-bottom:10px; padding:10px; background:#f9f9f9; border-radius:5px;'>\n<summary style='font-weight:bold; cursor:pointer;'>Dove sono collocati questi stalattiti?<\/summary>\n<div style='margin-top:10px; color:#555;'>Sono destinati a finestre e decorazioni natalizie generali.<\/div>\n<\/details>\n<details style='margin-bottom:10px; padding:10px; background:#f9f9f9; border-radius:5px;'>\n<summary style='font-weight:bold; cursor:pointer;'>Quali sono le dimensioni del prodotto?<\/summary>\n<div style='margin-top:10px; color:#555;'>Le dimensioni sono 60&#215;27 cm.<\/div>\n<\/details>\n<details style='margin-bottom:10px; padding:10px; background:#f9f9f9; border-radius:5px;'>\n<summary style='font-weight:bold; cursor:pointer;'>Di che materiale\/effetto \u00e8 fatto?<\/summary>\n<div style='margin-top:10px; color:#555;'>\u00c8 un effetto brina per un aspetto invernale.<\/div>\n<\/details>\n<details style='margin-bottom:10px; padding:10px; background:#f9f9f9; border-radius:5px;'>\n<summary style='font-weight:bold; cursor:pointer;'>\u00c8 difficile l&#8217;installazione?<\/summary>\n<div style='margin-top:10px; color:#555;'>L&#8217;installazione \u00e8 facile, adatta per una decorazione rapida e festosa.<\/div>\n<\/details>\n<\/div>\n","protected":false},"excerpt":{"rendered":"<p>Da brina 60x27cm Domande Frequenti Dove sono collocati questi stalattiti? Sono destinati a finestre e decorazioni natalizie generali. Quali sono le dimensioni del prodotto? Le dimensioni sono 60&#215;27 cm. Di che materiale\/effetto \u00e8 fatto? \u00c8 un effetto brina per un aspetto invernale. \u00c8 difficile l&#8217;installazione? L&#8217;installazione \u00e8 facile, adatta per una decorazione rapida e festosa.<\/p>\n","protected":false},"featured_media":5181490,"comment_status":"closed","ping_status":"open","template":"","meta":[],"product_brand":[],"product_cat":[],"product_tag":[15],"class_list":{"0":"post-5317169","1":"product","2":"type-product","3":"status-publish","4":"has-post-thumbnail","6":"product_tag-uncategorized","8":"first","9":"onbackorder","10":"purchasable","11":"product-type-simple"},"jetpack_sharing_enabled":true,"_links":{"self":[{"href":"https:\/\/gadgettravellers.eu\/it\/wp-json\/wp\/v2\/product\/5317169","targetHints":{"allow":["GET"]}}],"collection":[{"href":"https:\/\/gadgettravellers.eu\/it\/wp-json\/wp\/v2\/product"}],"about":[{"href":"https:\/\/gadgettravellers.eu\/it\/wp-json\/wp\/v2\/types\/product"}],"replies":[{"embeddable":true,"href":"https:\/\/gadgettravellers.eu\/it\/wp-json\/wp\/v2\/comments?post=5317169"}],"wp:featuredmedia":[{"embeddable":true,"href":"https:\/\/gadgettravellers.eu\/it\/wp-json\/wp\/v2\/media\/5181490"}],"wp:attachment":[{"href":"https:\/\/gadgettravellers.eu\/it\/wp-json\/wp\/v2\/media?parent=5317169"}],"wp:term":[{"taxonomy":"product_brand","embeddable":true,"href":"https:\/\/gadgettravellers.eu\/it\/wp-json\/wp\/v2\/product_brand?post=5317169"},{"taxonomy":"product_cat","embeddable":true,"href":"https:\/\/gadgettravellers.eu\/it\/wp-json\/wp\/v2\/product_cat?post=5317169"},{"taxonomy":"product_tag","embeddable":true,"href":"https:\/\/gadgettravellers.eu\/it\/wp-json\/wp\/v2\/product_tag?post=5317169"}],"curies":[{"name":"wp","href":"https:\/\/api.w.org\/{rel}","templated":true}]}}