{"id":5317172,"date":"2026-01-19T14:48:16","date_gmt":"2026-01-19T12:48:16","guid":{"rendered":"https:\/\/gadgettravellers.eu\/shop\/palle-bianche-pac6pz-o6cm-xmasfest-1131345\/"},"modified":"2026-04-22T22:53:06","modified_gmt":"2026-04-22T20:53:06","slug":"palle-bianche-pac6pz-o6cm-xmasfest-1131345","status":"publish","type":"product","link":"https:\/\/gadgettravellers.eu\/it\/shop\/palle-bianche-pac6pz-o6cm-xmasfest-1131345\/","title":{"rendered":"Palle Bianche pac=6pz \u00f86cm Xmasfest 1131345"},"content":{"rendered":"<p>Pac=6pz bianche \u00f86cm<\/p>\n<div class='aiseo-faq-section' style='margin-top:30px; border-top:1px solid #eee; padding-top:20px;'>\n<h3>Domande Frequenti<\/h3>\n<details style='margin-bottom:10px; padding:10px; background:#f9f9f9; border-radius:5px;'>\n<summary style='font-weight:bold; cursor:pointer;'>Quanti pezzi include il pacchetto?<\/summary>\n<div style='margin-top:10px; color:#555;'>Il pacchetto include 6 pezzi.<\/div>\n<\/details>\n<details style='margin-bottom:10px; padding:10px; background:#f9f9f9; border-radius:5px;'>\n<summary style='font-weight:bold; cursor:pointer;'>Qual \u00e8 il diametro delle palle?<\/summary>\n<div style='margin-top:10px; color:#555;'>Il diametro \u00e8 6 cm.<\/div>\n<\/details>\n<details style='margin-bottom:10px; padding:10px; background:#f9f9f9; border-radius:5px;'>\n<summary style='font-weight:bold; cursor:pointer;'>Di che colore sono le palle?<\/summary>\n<div style='margin-top:10px; color:#555;'>Sono bianche.<\/div>\n<\/details>\n<details style='margin-bottom:10px; padding:10px; background:#f9f9f9; border-radius:5px;'>\n<summary style='font-weight:bold; cursor:pointer;'>Sono adatti per l&#8217;albero di Natale?<\/summary>\n<div style='margin-top:10px; color:#555;'>S\u00ec, sono ideali per l&#8217;albero di Natale e la decorazione festiva.<\/div>\n<\/details>\n<\/div>\n","protected":false},"excerpt":{"rendered":"<p>Pac=6pz bianche \u00f86cm Domande Frequenti Quanti pezzi include il pacchetto? Il pacchetto include 6 pezzi. Qual \u00e8 il diametro delle palle? Il diametro \u00e8 6 cm. Di che colore sono le palle? Sono bianche. Sono adatti per l&#8217;albero di Natale? S\u00ec, sono ideali per l&#8217;albero di Natale e la decorazione festiva.<\/p>\n","protected":false},"featured_media":5181494,"comment_status":"closed","ping_status":"open","template":"","meta":[],"product_brand":[],"product_cat":[],"product_tag":[15],"class_list":{"0":"post-5317172","1":"product","2":"type-product","3":"status-publish","4":"has-post-thumbnail","6":"product_tag-uncategorized","8":"first","9":"onbackorder","10":"purchasable","11":"product-type-simple"},"jetpack_sharing_enabled":true,"_links":{"self":[{"href":"https:\/\/gadgettravellers.eu\/it\/wp-json\/wp\/v2\/product\/5317172","targetHints":{"allow":["GET"]}}],"collection":[{"href":"https:\/\/gadgettravellers.eu\/it\/wp-json\/wp\/v2\/product"}],"about":[{"href":"https:\/\/gadgettravellers.eu\/it\/wp-json\/wp\/v2\/types\/product"}],"replies":[{"embeddable":true,"href":"https:\/\/gadgettravellers.eu\/it\/wp-json\/wp\/v2\/comments?post=5317172"}],"wp:featuredmedia":[{"embeddable":true,"href":"https:\/\/gadgettravellers.eu\/it\/wp-json\/wp\/v2\/media\/5181494"}],"wp:attachment":[{"href":"https:\/\/gadgettravellers.eu\/it\/wp-json\/wp\/v2\/media?parent=5317172"}],"wp:term":[{"taxonomy":"product_brand","embeddable":true,"href":"https:\/\/gadgettravellers.eu\/it\/wp-json\/wp\/v2\/product_brand?post=5317172"},{"taxonomy":"product_cat","embeddable":true,"href":"https:\/\/gadgettravellers.eu\/it\/wp-json\/wp\/v2\/product_cat?post=5317172"},{"taxonomy":"product_tag","embeddable":true,"href":"https:\/\/gadgettravellers.eu\/it\/wp-json\/wp\/v2\/product_tag?post=5317172"}],"curies":[{"name":"wp","href":"https:\/\/api.w.org\/{rel}","templated":true}]}}