{"id":5317174,"date":"2026-01-19T14:48:17","date_gmt":"2026-01-19T12:48:17","guid":{"rendered":"https:\/\/gadgettravellers.eu\/shop\/alberello-da-scrivania-piccolo-neve-con-base-tronco-16cm-xmasfest-1131350\/"},"modified":"2026-04-22T22:53:07","modified_gmt":"2026-04-22T20:53:07","slug":"alberello-da-scrivania-piccolo-neve-con-base-tronco-16cm-xmasfest-1131350","status":"publish","type":"product","link":"https:\/\/gadgettravellers.eu\/it\/shop\/alberello-da-scrivania-piccolo-neve-con-base-tronco-16cm-xmasfest-1131350\/","title":{"rendered":"Alberello da Scrivania Piccolo Neve con Base Tronco 16cm Xmasfest 1131350"},"content":{"rendered":"<p>Nevicato con base tronco 16cm<\/p>\n<div class='aiseo-faq-section' style='margin-top:30px; border-top:1px solid #eee; padding-top:20px;'>\n<h3>Domande Frequenti<\/h3>\n<details style='margin-bottom:10px; padding:10px; background:#f9f9f9; border-radius:5px;'>\n<summary style='font-weight:bold; cursor:pointer;'>Qual \u00e8 l&#8217;altezza dell&#8217;alberello?<\/summary>\n<div style='margin-top:10px; color:#555;'>L&#8217;altezza \u00e8 di 16 cm.<\/div>\n<\/details>\n<details style='margin-bottom:10px; padding:10px; background:#f9f9f9; border-radius:5px;'>\n<summary style='font-weight:bold; cursor:pointer;'>Include la base e di che tipo \u00e8?<\/summary>\n<div style='margin-top:10px; color:#555;'>S\u00ec, include una base in stile tronco.<\/div>\n<\/details>\n<details style='margin-bottom:10px; padding:10px; background:#f9f9f9; border-radius:5px;'>\n<summary style='font-weight:bold; cursor:pointer;'>Dove \u00e8 opportuno posizionarlo?<\/summary>\n<div style='margin-top:10px; color:#555;'>Ideale per scrivanie e tavolini, soprattutto in spazi piccoli.<\/div>\n<\/details>\n<details style='margin-bottom:10px; padding:10px; background:#f9f9f9; border-radius:5px;'>\n<summary style='font-weight:bold; cursor:pointer;'>Che aspetto ha l&#8217;alberello?<\/summary>\n<div style='margin-top:10px; color:#555;'>Ha una finitura innevata che aggiunge un&#8217;atmosfera natalizia.<\/div>\n<\/details>\n<\/div>\n","protected":false},"excerpt":{"rendered":"<p>Nevicato con base tronco 16cm Domande Frequenti Qual \u00e8 l&#8217;altezza dell&#8217;alberello? L&#8217;altezza \u00e8 di 16 cm. Include la base e di che tipo \u00e8? S\u00ec, include una base in stile tronco. Dove \u00e8 opportuno posizionarlo? Ideale per scrivanie e tavolini, soprattutto in spazi piccoli. Che aspetto ha l&#8217;alberello? Ha una finitura innevata che aggiunge un&#8217;atmosfera [&hellip;]<\/p>\n","protected":false},"featured_media":5181506,"comment_status":"closed","ping_status":"open","template":"","meta":[],"product_brand":[],"product_cat":[],"product_tag":[15],"class_list":{"0":"post-5317174","1":"product","2":"type-product","3":"status-publish","4":"has-post-thumbnail","6":"product_tag-uncategorized","8":"first","9":"onbackorder","10":"purchasable","11":"product-type-simple"},"jetpack_sharing_enabled":true,"_links":{"self":[{"href":"https:\/\/gadgettravellers.eu\/it\/wp-json\/wp\/v2\/product\/5317174","targetHints":{"allow":["GET"]}}],"collection":[{"href":"https:\/\/gadgettravellers.eu\/it\/wp-json\/wp\/v2\/product"}],"about":[{"href":"https:\/\/gadgettravellers.eu\/it\/wp-json\/wp\/v2\/types\/product"}],"replies":[{"embeddable":true,"href":"https:\/\/gadgettravellers.eu\/it\/wp-json\/wp\/v2\/comments?post=5317174"}],"wp:featuredmedia":[{"embeddable":true,"href":"https:\/\/gadgettravellers.eu\/it\/wp-json\/wp\/v2\/media\/5181506"}],"wp:attachment":[{"href":"https:\/\/gadgettravellers.eu\/it\/wp-json\/wp\/v2\/media?parent=5317174"}],"wp:term":[{"taxonomy":"product_brand","embeddable":true,"href":"https:\/\/gadgettravellers.eu\/it\/wp-json\/wp\/v2\/product_brand?post=5317174"},{"taxonomy":"product_cat","embeddable":true,"href":"https:\/\/gadgettravellers.eu\/it\/wp-json\/wp\/v2\/product_cat?post=5317174"},{"taxonomy":"product_tag","embeddable":true,"href":"https:\/\/gadgettravellers.eu\/it\/wp-json\/wp\/v2\/product_tag?post=5317174"}],"curies":[{"name":"wp","href":"https:\/\/api.w.org\/{rel}","templated":true}]}}