{"id":5317176,"date":"2026-01-19T14:48:19","date_gmt":"2026-01-19T12:48:19","guid":{"rendered":"https:\/\/gadgettravellers.eu\/shop\/asciugamano-da-cucina-xmas-60x40cm-xmasfest-1131378\/"},"modified":"2026-04-22T22:53:08","modified_gmt":"2026-04-22T20:53:08","slug":"asciugamano-da-cucina-xmas-60x40cm-xmasfest-1131378","status":"publish","type":"product","link":"https:\/\/gadgettravellers.eu\/it\/shop\/asciugamano-da-cucina-xmas-60x40cm-xmasfest-1131378\/","title":{"rendered":"Asciugamano da cucina Xmas 60x40cm Xmasfest 1131378"},"content":{"rendered":"<p>Asciugamano in microfibra 60x40cm<\/p>\n<div class='aiseo-faq-section' style='margin-top:30px; border-top:1px solid #eee; padding-top:20px;'>\n<h3>Domande Frequenti<\/h3>\n<details style='margin-bottom:10px; padding:10px; background:#f9f9f9; border-radius:5px;'>\n<summary style='font-weight:bold; cursor:pointer;'>Di che materiale \u00e8 fatto l&#8217;asciugamano?<\/summary>\n<div style='margin-top:10px; color:#555;'>\u00c8 realizzata in microfibra.<\/div>\n<\/details>\n<details style='margin-bottom:10px; padding:10px; background:#f9f9f9; border-radius:5px;'>\n<summary style='font-weight:bold; cursor:pointer;'>Quali sono le sue dimensioni?<\/summary>\n<div style='margin-top:10px; color:#555;'>Le dimensioni sono 60&#215;40 cm.<\/div>\n<\/details>\n<details style='margin-bottom:10px; padding:10px; background:#f9f9f9; border-radius:5px;'>\n<summary style='font-weight:bold; cursor:pointer;'>Pu\u00f2 essere lavato in lavatrice?<\/summary>\n<div style='margin-top:10px; color:#555;'>S\u00ec, si pu\u00f2 lavare in lavatrice.<\/div>\n<\/details>\n<details style='margin-bottom:10px; padding:10px; background:#f9f9f9; border-radius:5px;'>\n<summary style='font-weight:bold; cursor:pointer;'>\u00c8 adatta per l&#8217;uso quotidiano e come si comporta in termini di assorbenza?<\/summary>\n<div style='margin-top:10px; color:#555;'>S\u00ec, \u00e8 ideale per l&#8217;uso quotidiano, \u00e8 assorbente e ad asciugatura rapida.<\/div>\n<\/details>\n<\/div>\n","protected":false},"excerpt":{"rendered":"<p>Asciugamano in microfibra 60x40cm Domande Frequenti Di che materiale \u00e8 fatto l&#8217;asciugamano? \u00c8 realizzata in microfibra. Quali sono le sue dimensioni? Le dimensioni sono 60&#215;40 cm. Pu\u00f2 essere lavato in lavatrice? S\u00ec, si pu\u00f2 lavare in lavatrice. \u00c8 adatta per l&#8217;uso quotidiano e come si comporta in termini di assorbenza? S\u00ec, \u00e8 ideale per l&#8217;uso [&hellip;]<\/p>\n","protected":false},"featured_media":5181514,"comment_status":"closed","ping_status":"open","template":"","meta":[],"product_brand":[],"product_cat":[],"product_tag":[15],"class_list":{"0":"post-5317176","1":"product","2":"type-product","3":"status-publish","4":"has-post-thumbnail","6":"product_tag-uncategorized","8":"first","9":"onbackorder","10":"purchasable","11":"product-type-simple"},"jetpack_sharing_enabled":true,"_links":{"self":[{"href":"https:\/\/gadgettravellers.eu\/it\/wp-json\/wp\/v2\/product\/5317176","targetHints":{"allow":["GET"]}}],"collection":[{"href":"https:\/\/gadgettravellers.eu\/it\/wp-json\/wp\/v2\/product"}],"about":[{"href":"https:\/\/gadgettravellers.eu\/it\/wp-json\/wp\/v2\/types\/product"}],"replies":[{"embeddable":true,"href":"https:\/\/gadgettravellers.eu\/it\/wp-json\/wp\/v2\/comments?post=5317176"}],"wp:featuredmedia":[{"embeddable":true,"href":"https:\/\/gadgettravellers.eu\/it\/wp-json\/wp\/v2\/media\/5181514"}],"wp:attachment":[{"href":"https:\/\/gadgettravellers.eu\/it\/wp-json\/wp\/v2\/media?parent=5317176"}],"wp:term":[{"taxonomy":"product_brand","embeddable":true,"href":"https:\/\/gadgettravellers.eu\/it\/wp-json\/wp\/v2\/product_brand?post=5317176"},{"taxonomy":"product_cat","embeddable":true,"href":"https:\/\/gadgettravellers.eu\/it\/wp-json\/wp\/v2\/product_cat?post=5317176"},{"taxonomy":"product_tag","embeddable":true,"href":"https:\/\/gadgettravellers.eu\/it\/wp-json\/wp\/v2\/product_tag?post=5317176"}],"curies":[{"name":"wp","href":"https:\/\/api.w.org\/{rel}","templated":true}]}}