{"id":5317178,"date":"2026-01-19T14:48:21","date_gmt":"2026-01-19T12:48:21","guid":{"rendered":"https:\/\/gadgettravellers.eu\/shop\/stella-in-legno-rossa-30cm-xmasfest-1131419\/"},"modified":"2026-04-22T22:53:08","modified_gmt":"2026-04-22T20:53:08","slug":"stella-in-legno-rossa-30cm-xmasfest-1131419","status":"publish","type":"product","link":"https:\/\/gadgettravellers.eu\/it\/shop\/stella-in-legno-rossa-30cm-xmasfest-1131419\/","title":{"rendered":"Stella in Legno Rossa 30cm Xmasfest 1131419"},"content":{"rendered":"<p>30cm<\/p>\n<div class='aiseo-faq-section' style='margin-top:30px; border-top:1px solid #eee; padding-top:20px;'>\n<h3>Domande Frequenti<\/h3>\n<details style='margin-bottom:10px; padding:10px; background:#f9f9f9; border-radius:5px;'>\n<summary style='font-weight:bold; cursor:pointer;'>Di che materiale \u00e8 fatta la stella?<\/summary>\n<div style='margin-top:10px; color:#555;'>\u00c8 una stella di legno con finitura rossa.<\/div>\n<\/details>\n<details style='margin-bottom:10px; padding:10px; background:#f9f9f9; border-radius:5px;'>\n<summary style='font-weight:bold; cursor:pointer;'>Qual \u00e8 il diametro del prodotto?<\/summary>\n<div style='margin-top:10px; color:#555;'>Il diametro \u00e8 di 30 cm.<\/div>\n<\/details>\n<details style='margin-bottom:10px; padding:10px; background:#f9f9f9; border-radius:5px;'>\n<summary style='font-weight:bold; cursor:pointer;'>Come pu\u00f2 essere appeso l&#8217;ornamento?<\/summary>\n<div style='margin-top:10px; color:#555;'>Dispone di un&#8217;asola o foro integrato per un facile appendimento.<\/div>\n<\/details>\n<details style='margin-bottom:10px; padding:10px; background:#f9f9f9; border-radius:5px;'>\n<summary style='font-weight:bold; cursor:pointer;'>In quali ambienti \u00e8 adatto?<\/summary>\n<div style='margin-top:10px; color:#555;'>Ideale per applicazioni interne, come decorazione di alberi, pareti, finestre o scaffali.<\/div>\n<\/details>\n<\/div>\n","protected":false},"excerpt":{"rendered":"<p>30cm Domande Frequenti Di che materiale \u00e8 fatta la stella? \u00c8 una stella di legno con finitura rossa. Qual \u00e8 il diametro del prodotto? Il diametro \u00e8 di 30 cm. Come pu\u00f2 essere appeso l&#8217;ornamento? Dispone di un&#8217;asola o foro integrato per un facile appendimento. In quali ambienti \u00e8 adatto? Ideale per applicazioni interne, come [&hellip;]<\/p>\n","protected":false},"featured_media":5181529,"comment_status":"closed","ping_status":"open","template":"","meta":[],"product_brand":[],"product_cat":[],"product_tag":[15],"class_list":{"0":"post-5317178","1":"product","2":"type-product","3":"status-publish","4":"has-post-thumbnail","6":"product_tag-uncategorized","8":"first","9":"onbackorder","10":"purchasable","11":"product-type-simple"},"jetpack_sharing_enabled":true,"_links":{"self":[{"href":"https:\/\/gadgettravellers.eu\/it\/wp-json\/wp\/v2\/product\/5317178","targetHints":{"allow":["GET"]}}],"collection":[{"href":"https:\/\/gadgettravellers.eu\/it\/wp-json\/wp\/v2\/product"}],"about":[{"href":"https:\/\/gadgettravellers.eu\/it\/wp-json\/wp\/v2\/types\/product"}],"replies":[{"embeddable":true,"href":"https:\/\/gadgettravellers.eu\/it\/wp-json\/wp\/v2\/comments?post=5317178"}],"wp:featuredmedia":[{"embeddable":true,"href":"https:\/\/gadgettravellers.eu\/it\/wp-json\/wp\/v2\/media\/5181529"}],"wp:attachment":[{"href":"https:\/\/gadgettravellers.eu\/it\/wp-json\/wp\/v2\/media?parent=5317178"}],"wp:term":[{"taxonomy":"product_brand","embeddable":true,"href":"https:\/\/gadgettravellers.eu\/it\/wp-json\/wp\/v2\/product_brand?post=5317178"},{"taxonomy":"product_cat","embeddable":true,"href":"https:\/\/gadgettravellers.eu\/it\/wp-json\/wp\/v2\/product_cat?post=5317178"},{"taxonomy":"product_tag","embeddable":true,"href":"https:\/\/gadgettravellers.eu\/it\/wp-json\/wp\/v2\/product_tag?post=5317178"}],"curies":[{"name":"wp","href":"https:\/\/api.w.org\/{rel}","templated":true}]}}