{"id":5317182,"date":"2026-01-19T14:48:25","date_gmt":"2026-01-19T12:48:25","guid":{"rendered":"https:\/\/gadgettravellers.eu\/shop\/tubo-luminoso-led-bianco-6m-control-xmasfest-1131429\/"},"modified":"2026-04-22T22:53:10","modified_gmt":"2026-04-22T20:53:10","slug":"tubo-luminoso-led-bianco-6m-control-xmasfest-1131429","status":"publish","type":"product","link":"https:\/\/gadgettravellers.eu\/it\/shop\/tubo-luminoso-led-bianco-6m-control-xmasfest-1131429\/","title":{"rendered":"Tubo luminoso LED Bianco 6m Control Xmasfest 1131429"},"content":{"rendered":"<p>Bianco freddo con controller a 8 programmi. Per interno ed esterno. Con LED. 220V 6m<\/p>\n<div class='aiseo-faq-section' style='margin-top:30px; border-top:1px solid #eee; padding-top:20px;'>\n<h3>Domande Frequenti<\/h3>\n<details style='margin-bottom:10px; padding:10px; background:#f9f9f9; border-radius:5px;'>\n<summary style='font-weight:bold; cursor:pointer;'>Di che colore \u00e8 la luce emessa dal tubo fluorescente?<\/summary>\n<div style='margin-top:10px; color:#555;'>Emette luce bianca fredda.<\/div>\n<\/details>\n<details style='margin-bottom:10px; padding:10px; background:#f9f9f9; border-radius:5px;'>\n<summary style='font-weight:bold; cursor:pointer;'>Qual \u00e8 la lunghezza del tubo fluorescente?<\/summary>\n<div style='margin-top:10px; color:#555;'>La lunghezza \u00e8 di 6 metri.<\/div>\n<\/details>\n<details style='margin-bottom:10px; padding:10px; background:#f9f9f9; border-radius:5px;'>\n<summary style='font-weight:bold; cursor:pointer;'>Che alimentazione richiede il prodotto?<\/summary>\n<div style='margin-top:10px; color:#555;'>Funziona con alimentazione 220V.<\/div>\n<\/details>\n<details style='margin-bottom:10px; padding:10px; background:#f9f9f9; border-radius:5px;'>\n<summary style='font-weight:bold; cursor:pointer;'>Pu\u00f2 essere utilizzato all&#8217;aperto?<\/summary>\n<div style='margin-top:10px; color:#555;'>S\u00ec, \u00e8 adatto per uso interno ed esterno.<\/div>\n<\/details>\n<details style='margin-bottom:10px; padding:10px; background:#f9f9f9; border-radius:5px;'>\n<summary style='font-weight:bold; cursor:pointer;'>Quanti programmi ha il controller?<\/summary>\n<div style='margin-top:10px; color:#555;'>Il controller dispone di 8 programmi.<\/div>\n<\/details>\n<\/div>\n","protected":false},"excerpt":{"rendered":"<p>Bianco freddo con controller a 8 programmi. Per interno ed esterno. Con LED. 220V 6m Domande Frequenti Di che colore \u00e8 la luce emessa dal tubo fluorescente? Emette luce bianca fredda. Qual \u00e8 la lunghezza del tubo fluorescente? La lunghezza \u00e8 di 6 metri. Che alimentazione richiede il prodotto? Funziona con alimentazione 220V. Pu\u00f2 essere [&hellip;]<\/p>\n","protected":false},"featured_media":5181541,"comment_status":"closed","ping_status":"open","template":"","meta":[],"product_brand":[],"product_cat":[],"product_tag":[15],"class_list":{"0":"post-5317182","1":"product","2":"type-product","3":"status-publish","4":"has-post-thumbnail","6":"product_tag-uncategorized","8":"first","9":"onbackorder","10":"purchasable","11":"product-type-simple"},"jetpack_sharing_enabled":true,"_links":{"self":[{"href":"https:\/\/gadgettravellers.eu\/it\/wp-json\/wp\/v2\/product\/5317182","targetHints":{"allow":["GET"]}}],"collection":[{"href":"https:\/\/gadgettravellers.eu\/it\/wp-json\/wp\/v2\/product"}],"about":[{"href":"https:\/\/gadgettravellers.eu\/it\/wp-json\/wp\/v2\/types\/product"}],"replies":[{"embeddable":true,"href":"https:\/\/gadgettravellers.eu\/it\/wp-json\/wp\/v2\/comments?post=5317182"}],"wp:featuredmedia":[{"embeddable":true,"href":"https:\/\/gadgettravellers.eu\/it\/wp-json\/wp\/v2\/media\/5181541"}],"wp:attachment":[{"href":"https:\/\/gadgettravellers.eu\/it\/wp-json\/wp\/v2\/media?parent=5317182"}],"wp:term":[{"taxonomy":"product_brand","embeddable":true,"href":"https:\/\/gadgettravellers.eu\/it\/wp-json\/wp\/v2\/product_brand?post=5317182"},{"taxonomy":"product_cat","embeddable":true,"href":"https:\/\/gadgettravellers.eu\/it\/wp-json\/wp\/v2\/product_cat?post=5317182"},{"taxonomy":"product_tag","embeddable":true,"href":"https:\/\/gadgettravellers.eu\/it\/wp-json\/wp\/v2\/product_tag?post=5317182"}],"curies":[{"name":"wp","href":"https:\/\/api.w.org\/{rel}","templated":true}]}}