{"id":5317183,"date":"2026-01-19T14:48:26","date_gmt":"2026-01-19T12:48:26","guid":{"rendered":"https:\/\/gadgettravellers.eu\/shop\/tubo-led-bianco-10m-control-xmasfest-1131433\/"},"modified":"2026-04-22T22:53:11","modified_gmt":"2026-04-22T20:53:11","slug":"tubo-led-bianco-10m-control-xmasfest-1131433","status":"publish","type":"product","link":"https:\/\/gadgettravellers.eu\/it\/shop\/tubo-led-bianco-10m-control-xmasfest-1131433\/","title":{"rendered":"Tubo LED Bianco 10m Control Xmasfest 1131433"},"content":{"rendered":"<p>Bianco freddo con controller 8 programmi. Per interno ed esterno. Con LED. 220V 10m<\/p>\n<div class='aiseo-faq-section' style='margin-top:30px; border-top:1px solid #eee; padding-top:20px;'>\n<h3>Domande Frequenti<\/h3>\n<details style='margin-bottom:10px; padding:10px; background:#f9f9f9; border-radius:5px;'>\n<summary style='font-weight:bold; cursor:pointer;'>\u00c8 adatto per uso esterno?<\/summary>\n<div style='margin-top:10px; color:#555;'>S\u00ec, \u00e8 adatto per uso interno ed esterno.<\/div>\n<\/details>\n<details style='margin-bottom:10px; padding:10px; background:#f9f9f9; border-radius:5px;'>\n<summary style='font-weight:bold; cursor:pointer;'>Qual \u00e8 la lunghezza del tubo fluorescente?<\/summary>\n<div style='margin-top:10px; color:#555;'>Ha una lunghezza di 10 metri.<\/div>\n<\/details>\n<details style='margin-bottom:10px; padding:10px; background:#f9f9f9; border-radius:5px;'>\n<summary style='font-weight:bold; cursor:pointer;'>Che tipo di luce emette?<\/summary>\n<div style='margin-top:10px; color:#555;'>Produce luce bianca fredda con tecnologia LED.<\/div>\n<\/details>\n<details style='margin-bottom:10px; padding:10px; background:#f9f9f9; border-radius:5px;'>\n<summary style='font-weight:bold; cursor:pointer;'>Quanti programmi ha il controller?<\/summary>\n<div style='margin-top:10px; color:#555;'>Il controller integrato dispone di 8 programmi.<\/div>\n<\/details>\n<details style='margin-bottom:10px; padding:10px; background:#f9f9f9; border-radius:5px;'>\n<summary style='font-weight:bold; cursor:pointer;'>Qual \u00e8 la tendenza di funzionamento?<\/summary>\n<div style='margin-top:10px; color:#555;'>Funziona con 220V.<\/div>\n<\/details>\n<\/div>\n","protected":false},"excerpt":{"rendered":"<p>Bianco freddo con controller 8 programmi. Per interno ed esterno. Con LED. 220V 10m Domande Frequenti \u00c8 adatto per uso esterno? S\u00ec, \u00e8 adatto per uso interno ed esterno. Qual \u00e8 la lunghezza del tubo fluorescente? Ha una lunghezza di 10 metri. Che tipo di luce emette? Produce luce bianca fredda con tecnologia LED. Quanti [&hellip;]<\/p>\n","protected":false},"featured_media":5181545,"comment_status":"closed","ping_status":"open","template":"","meta":[],"product_brand":[],"product_cat":[],"product_tag":[15],"class_list":{"0":"post-5317183","1":"product","2":"type-product","3":"status-publish","4":"has-post-thumbnail","6":"product_tag-uncategorized","8":"first","9":"onbackorder","10":"purchasable","11":"product-type-simple"},"jetpack_sharing_enabled":true,"_links":{"self":[{"href":"https:\/\/gadgettravellers.eu\/it\/wp-json\/wp\/v2\/product\/5317183","targetHints":{"allow":["GET"]}}],"collection":[{"href":"https:\/\/gadgettravellers.eu\/it\/wp-json\/wp\/v2\/product"}],"about":[{"href":"https:\/\/gadgettravellers.eu\/it\/wp-json\/wp\/v2\/types\/product"}],"replies":[{"embeddable":true,"href":"https:\/\/gadgettravellers.eu\/it\/wp-json\/wp\/v2\/comments?post=5317183"}],"wp:featuredmedia":[{"embeddable":true,"href":"https:\/\/gadgettravellers.eu\/it\/wp-json\/wp\/v2\/media\/5181545"}],"wp:attachment":[{"href":"https:\/\/gadgettravellers.eu\/it\/wp-json\/wp\/v2\/media?parent=5317183"}],"wp:term":[{"taxonomy":"product_brand","embeddable":true,"href":"https:\/\/gadgettravellers.eu\/it\/wp-json\/wp\/v2\/product_brand?post=5317183"},{"taxonomy":"product_cat","embeddable":true,"href":"https:\/\/gadgettravellers.eu\/it\/wp-json\/wp\/v2\/product_cat?post=5317183"},{"taxonomy":"product_tag","embeddable":true,"href":"https:\/\/gadgettravellers.eu\/it\/wp-json\/wp\/v2\/product_tag?post=5317183"}],"curies":[{"name":"wp","href":"https:\/\/api.w.org\/{rel}","templated":true}]}}