{"id":5317190,"date":"2026-01-19T14:48:35","date_gmt":"2026-01-19T12:48:35","guid":{"rendered":"https:\/\/gadgettravellers.eu\/shop\/pallina-glitter-conf-da-12-pz-o4-cm-xmasfest-1131478\/"},"modified":"2026-04-22T22:53:14","modified_gmt":"2026-04-22T20:53:14","slug":"pallina-glitter-conf-da-12-pz-o4-cm-xmasfest-1131478","status":"publish","type":"product","link":"https:\/\/gadgettravellers.eu\/it\/shop\/pallina-glitter-conf-da-12-pz-o4-cm-xmasfest-1131478\/","title":{"rendered":"Pallina Glitter conf. da 12 pz \u00f84 cm Xmasfest 1131478"},"content":{"rendered":"<p>Pac=12pz \u00f84cm<\/p>\n<div class='aiseo-faq-section' style='margin-top:30px; border-top:1px solid #eee; padding-top:20px;'>\n<h3>Domande Frequenti<\/h3>\n<details style='margin-bottom:10px; padding:10px; background:#f9f9f9; border-radius:5px;'>\n<summary style='font-weight:bold; cursor:pointer;'>Quanti pezzi include il set?<\/summary>\n<div style='margin-top:10px; color:#555;'>Il set include 12 palle.<\/div>\n<\/details>\n<details style='margin-bottom:10px; padding:10px; background:#f9f9f9; border-radius:5px;'>\n<summary style='font-weight:bold; cursor:pointer;'>Qual \u00e8 il diametro delle palle?<\/summary>\n<div style='margin-top:10px; color:#555;'>Il diametro di ogni palla \u00e8 di 4 cm.<\/div>\n<\/details>\n<details style='margin-bottom:10px; padding:10px; background:#f9f9f9; border-radius:5px;'>\n<summary style='font-weight:bold; cursor:pointer;'>Dove possono essere utilizzate queste palle?<\/summary>\n<div style='margin-top:10px; color:#555;'>Sono adatte per interni e eventi, come alberi, ghirlande e festoni.<\/div>\n<\/details>\n<details style='margin-bottom:10px; padding:10px; background:#f9f9f9; border-radius:5px;'>\n<summary style='font-weight:bold; cursor:pointer;'>\u00c8 facile da installare e conservare?<\/summary>\n<div style='margin-top:10px; color:#555;'>S\u00ec, le palle sono leggere, facili da appendere e da conservare.<\/div>\n<\/details>\n<\/div>\n","protected":false},"excerpt":{"rendered":"<p>Pac=12pz \u00f84cm Domande Frequenti Quanti pezzi include il set? Il set include 12 palle. Qual \u00e8 il diametro delle palle? Il diametro di ogni palla \u00e8 di 4 cm. Dove possono essere utilizzate queste palle? Sono adatte per interni e eventi, come alberi, ghirlande e festoni. \u00c8 facile da installare e conservare? S\u00ec, le palle [&hellip;]<\/p>\n","protected":false},"featured_media":5181560,"comment_status":"closed","ping_status":"open","template":"","meta":[],"product_brand":[],"product_cat":[],"product_tag":[15],"class_list":{"0":"post-5317190","1":"product","2":"type-product","3":"status-publish","4":"has-post-thumbnail","6":"product_tag-uncategorized","8":"first","9":"onbackorder","10":"purchasable","11":"product-type-simple"},"jetpack_sharing_enabled":true,"_links":{"self":[{"href":"https:\/\/gadgettravellers.eu\/it\/wp-json\/wp\/v2\/product\/5317190","targetHints":{"allow":["GET"]}}],"collection":[{"href":"https:\/\/gadgettravellers.eu\/it\/wp-json\/wp\/v2\/product"}],"about":[{"href":"https:\/\/gadgettravellers.eu\/it\/wp-json\/wp\/v2\/types\/product"}],"replies":[{"embeddable":true,"href":"https:\/\/gadgettravellers.eu\/it\/wp-json\/wp\/v2\/comments?post=5317190"}],"wp:featuredmedia":[{"embeddable":true,"href":"https:\/\/gadgettravellers.eu\/it\/wp-json\/wp\/v2\/media\/5181560"}],"wp:attachment":[{"href":"https:\/\/gadgettravellers.eu\/it\/wp-json\/wp\/v2\/media?parent=5317190"}],"wp:term":[{"taxonomy":"product_brand","embeddable":true,"href":"https:\/\/gadgettravellers.eu\/it\/wp-json\/wp\/v2\/product_brand?post=5317190"},{"taxonomy":"product_cat","embeddable":true,"href":"https:\/\/gadgettravellers.eu\/it\/wp-json\/wp\/v2\/product_cat?post=5317190"},{"taxonomy":"product_tag","embeddable":true,"href":"https:\/\/gadgettravellers.eu\/it\/wp-json\/wp\/v2\/product_tag?post=5317190"}],"curies":[{"name":"wp","href":"https:\/\/api.w.org\/{rel}","templated":true}]}}