{"id":5317195,"date":"2026-01-19T14:48:40","date_gmt":"2026-01-19T12:48:40","guid":{"rendered":"https:\/\/gadgettravellers.eu\/shop\/candela-colonna-santo-con-fiocco-12x5cm-xmasfest-1131664\/"},"modified":"2026-04-22T22:53:16","modified_gmt":"2026-04-22T20:53:16","slug":"candela-colonna-santo-con-fiocco-12x5cm-xmasfest-1131664","status":"publish","type":"product","link":"https:\/\/gadgettravellers.eu\/it\/shop\/candela-colonna-santo-con-fiocco-12x5cm-xmasfest-1131664\/","title":{"rendered":"Candela Colonna Santo con Fiocco 12x5cm Xmasfest 1131664"},"content":{"rendered":"<p>12x5cm<\/p>\n<div class='aiseo-faq-section' style='margin-top:30px; border-top:1px solid #eee; padding-top:20px;'>\n<h3>Domande Frequenti<\/h3>\n<details style='margin-bottom:10px; padding:10px; background:#f9f9f9; border-radius:5px;'>\n<summary style='font-weight:bold; cursor:pointer;'>Di che materiale \u00e8 fatto la cera?<\/summary>\n<div style='margin-top:10px; color:#555;'>Realizzato con cera di alta qualit\u00e0.<\/div>\n<\/details>\n<details style='margin-bottom:10px; padding:10px; background:#f9f9f9; border-radius:5px;'>\n<summary style='font-weight:bold; cursor:pointer;'>Quali sono le dimensioni del prodotto?<\/summary>\n<div style='margin-top:10px; color:#555;'>Dimensioni: 12 x 5 cm.<\/div>\n<\/details>\n<details style='margin-bottom:10px; padding:10px; background:#f9f9f9; border-radius:5px;'>\n<summary style='font-weight:bold; cursor:pointer;'>Pu\u00f2 essere utilizzato all&#8217;aperto?<\/summary>\n<div style='margin-top:10px; color:#555;'>\u00c8 consigliato per interni e decorazioni a tema.<\/div>\n<\/details>\n<details style='margin-bottom:10px; padding:10px; background:#f9f9f9; border-radius:5px;'>\n<summary style='font-weight:bold; cursor:pointer;'>\u00c8 adatto per la decorazione natalizia?<\/summary>\n<div style='margin-top:10px; color:#555;'>S\u00ec, \u00e8 progettato per un&#8217;atmosfera natalizia e funziona come decorazione centrale o regalo.<\/div>\n<\/details>\n<details style='margin-bottom:10px; padding:10px; background:#f9f9f9; border-radius:5px;'>\n<summary style='font-weight:bold; cursor:pointer;'>\u00c8 difficile la sua manutenzione?<\/summary>\n<div style='margin-top:10px; color:#555;'>No, il prodotto \u00e8 facile da mantenere e da installare.<\/div>\n<\/details>\n<\/div>\n","protected":false},"excerpt":{"rendered":"<p>12x5cm Domande Frequenti Di che materiale \u00e8 fatto la cera? Realizzato con cera di alta qualit\u00e0. Quali sono le dimensioni del prodotto? Dimensioni: 12 x 5 cm. Pu\u00f2 essere utilizzato all&#8217;aperto? \u00c8 consigliato per interni e decorazioni a tema. \u00c8 adatto per la decorazione natalizia? S\u00ec, \u00e8 progettato per un&#8217;atmosfera natalizia e funziona come decorazione [&hellip;]<\/p>\n","protected":false},"featured_media":5181602,"comment_status":"closed","ping_status":"open","template":"","meta":[],"product_brand":[],"product_cat":[],"product_tag":[15],"class_list":{"0":"post-5317195","1":"product","2":"type-product","3":"status-publish","4":"has-post-thumbnail","6":"product_tag-uncategorized","8":"first","9":"onbackorder","10":"purchasable","11":"product-type-simple"},"jetpack_sharing_enabled":true,"_links":{"self":[{"href":"https:\/\/gadgettravellers.eu\/it\/wp-json\/wp\/v2\/product\/5317195","targetHints":{"allow":["GET"]}}],"collection":[{"href":"https:\/\/gadgettravellers.eu\/it\/wp-json\/wp\/v2\/product"}],"about":[{"href":"https:\/\/gadgettravellers.eu\/it\/wp-json\/wp\/v2\/types\/product"}],"replies":[{"embeddable":true,"href":"https:\/\/gadgettravellers.eu\/it\/wp-json\/wp\/v2\/comments?post=5317195"}],"wp:featuredmedia":[{"embeddable":true,"href":"https:\/\/gadgettravellers.eu\/it\/wp-json\/wp\/v2\/media\/5181602"}],"wp:attachment":[{"href":"https:\/\/gadgettravellers.eu\/it\/wp-json\/wp\/v2\/media?parent=5317195"}],"wp:term":[{"taxonomy":"product_brand","embeddable":true,"href":"https:\/\/gadgettravellers.eu\/it\/wp-json\/wp\/v2\/product_brand?post=5317195"},{"taxonomy":"product_cat","embeddable":true,"href":"https:\/\/gadgettravellers.eu\/it\/wp-json\/wp\/v2\/product_cat?post=5317195"},{"taxonomy":"product_tag","embeddable":true,"href":"https:\/\/gadgettravellers.eu\/it\/wp-json\/wp\/v2\/product_tag?post=5317195"}],"curies":[{"name":"wp","href":"https:\/\/api.w.org\/{rel}","templated":true}]}}