{"id":5317200,"date":"2026-01-19T14:48:46","date_gmt":"2026-01-19T12:48:46","guid":{"rendered":"https:\/\/gadgettravellers.eu\/shop\/palla-lucida-conf12pz-o5cm-xmasfest-1131710\/"},"modified":"2026-04-22T22:53:19","modified_gmt":"2026-04-22T20:53:19","slug":"palla-lucida-conf12pz-o5cm-xmasfest-1131710","status":"publish","type":"product","link":"https:\/\/gadgettravellers.eu\/it\/shop\/palla-lucida-conf12pz-o5cm-xmasfest-1131710\/","title":{"rendered":"Palla Lucida conf=12pz \u00f85cm Xmasfest 1131710"},"content":{"rendered":"<p>Pac=12 pz \u00f85cm<\/p>\n<div class='aiseo-faq-section' style='margin-top:30px; border-top:1px solid #eee; padding-top:20px;'>\n<h3>Domande Frequenti<\/h3>\n<details style='margin-bottom:10px; padding:10px; background:#f9f9f9; border-radius:5px;'>\n<summary style='font-weight:bold; cursor:pointer;'>Quante palline include il pacchetto?<\/summary>\n<div style='margin-top:10px; color:#555;'>Il pacchetto include 12 palline lucide.<\/div>\n<\/details>\n<details style='margin-bottom:10px; padding:10px; background:#f9f9f9; border-radius:5px;'>\n<summary style='font-weight:bold; cursor:pointer;'>Qual \u00e8 il diametro delle palle?<\/summary>\n<div style='margin-top:10px; color:#555;'>Il diametro di ogni palla \u00e8 \u00f85 cm.<\/div>\n<\/details>\n<details style='margin-bottom:10px; padding:10px; background:#f9f9f9; border-radius:5px;'>\n<summary style='font-weight:bold; cursor:pointer;'>Possono essere utilizzati all&#8217;aperto?<\/summary>\n<div style='margin-top:10px; color:#555;'>No, le palle sono destinate all&#8217;uso interno.<\/div>\n<\/details>\n<details style='margin-bottom:10px; padding:10px; background:#f9f9f9; border-radius:5px;'>\n<summary style='font-weight:bold; cursor:pointer;'>Sono facili da appendere?<\/summary>\n<div style='margin-top:10px; color:#555;'>S\u00ec, sono leggere e facili da appendere, ideali per alberi e ghirlande.<\/div>\n<\/details>\n<\/div>\n","protected":false},"excerpt":{"rendered":"<p>Pac=12 pz \u00f85cm Domande Frequenti Quante palline include il pacchetto? Il pacchetto include 12 palline lucide. Qual \u00e8 il diametro delle palle? Il diametro di ogni palla \u00e8 \u00f85 cm. Possono essere utilizzati all&#8217;aperto? No, le palle sono destinate all&#8217;uso interno. Sono facili da appendere? S\u00ec, sono leggere e facili da appendere, ideali per alberi [&hellip;]<\/p>\n","protected":false},"featured_media":5181631,"comment_status":"closed","ping_status":"open","template":"","meta":[],"product_brand":[],"product_cat":[],"product_tag":[15],"class_list":{"0":"post-5317200","1":"product","2":"type-product","3":"status-publish","4":"has-post-thumbnail","6":"product_tag-uncategorized","8":"first","9":"onbackorder","10":"purchasable","11":"product-type-simple"},"jetpack_sharing_enabled":true,"_links":{"self":[{"href":"https:\/\/gadgettravellers.eu\/it\/wp-json\/wp\/v2\/product\/5317200","targetHints":{"allow":["GET"]}}],"collection":[{"href":"https:\/\/gadgettravellers.eu\/it\/wp-json\/wp\/v2\/product"}],"about":[{"href":"https:\/\/gadgettravellers.eu\/it\/wp-json\/wp\/v2\/types\/product"}],"replies":[{"embeddable":true,"href":"https:\/\/gadgettravellers.eu\/it\/wp-json\/wp\/v2\/comments?post=5317200"}],"wp:featuredmedia":[{"embeddable":true,"href":"https:\/\/gadgettravellers.eu\/it\/wp-json\/wp\/v2\/media\/5181631"}],"wp:attachment":[{"href":"https:\/\/gadgettravellers.eu\/it\/wp-json\/wp\/v2\/media?parent=5317200"}],"wp:term":[{"taxonomy":"product_brand","embeddable":true,"href":"https:\/\/gadgettravellers.eu\/it\/wp-json\/wp\/v2\/product_brand?post=5317200"},{"taxonomy":"product_cat","embeddable":true,"href":"https:\/\/gadgettravellers.eu\/it\/wp-json\/wp\/v2\/product_cat?post=5317200"},{"taxonomy":"product_tag","embeddable":true,"href":"https:\/\/gadgettravellers.eu\/it\/wp-json\/wp\/v2\/product_tag?post=5317200"}],"curies":[{"name":"wp","href":"https:\/\/api.w.org\/{rel}","templated":true}]}}