{"id":5317201,"date":"2026-01-19T14:48:47","date_gmt":"2026-01-19T12:48:47","guid":{"rendered":"https:\/\/gadgettravellers.eu\/shop\/palla-lucida-pac6pz-o8-o8cm-xmasfest-1131712\/"},"modified":"2026-04-22T22:53:19","modified_gmt":"2026-04-22T20:53:19","slug":"palla-lucida-pac6pz-o8-o8cm-xmasfest-1131712","status":"publish","type":"product","link":"https:\/\/gadgettravellers.eu\/it\/shop\/palla-lucida-pac6pz-o8-o8cm-xmasfest-1131712\/","title":{"rendered":"Palla Lucida pac=6pz \u00f88 \u00f88cm Xmasfest 1131712"},"content":{"rendered":"<p>Pac=6pz \u00f88cm<\/p>\n<div class='aiseo-faq-section' style='margin-top:30px; border-top:1px solid #eee; padding-top:20px;'>\n<h3>Domande Frequenti<\/h3>\n<details style='margin-bottom:10px; padding:10px; background:#f9f9f9; border-radius:5px;'>\n<summary style='font-weight:bold; cursor:pointer;'>Qual \u00e8 la dimensione di ogni palla?<\/summary>\n<div style='margin-top:10px; color:#555;'>Diametro 8 cm.<\/div>\n<\/details>\n<details style='margin-bottom:10px; padding:10px; background:#f9f9f9; border-radius:5px;'>\n<summary style='font-weight:bold; cursor:pointer;'>Quanti pezzi include il set?<\/summary>\n<div style='margin-top:10px; color:#555;'>Il set contiene 6 palline lucide.<\/div>\n<\/details>\n<details style='margin-bottom:10px; padding:10px; background:#f9f9f9; border-radius:5px;'>\n<summary style='font-weight:bold; cursor:pointer;'>Sono adatti per il riutilizzo?<\/summary>\n<div style='margin-top:10px; color:#555;'>S\u00ec, sono leggeri e riutilizzabili.<\/div>\n<\/details>\n<details style='margin-bottom:10px; padding:10px; background:#f9f9f9; border-radius:5px;'>\n<summary style='font-weight:bold; cursor:pointer;'>Come si posizionano sull&#8217;albero?<\/summary>\n<div style='margin-top:10px; color:#555;'>Si installano facilmente grazie all&#8217;anello di sospensione di cui sono dotati.<\/div>\n<\/details>\n<\/div>\n","protected":false},"excerpt":{"rendered":"<p>Pac=6pz \u00f88cm Domande Frequenti Qual \u00e8 la dimensione di ogni palla? Diametro 8 cm. Quanti pezzi include il set? Il set contiene 6 palline lucide. Sono adatti per il riutilizzo? S\u00ec, sono leggeri e riutilizzabili. Come si posizionano sull&#8217;albero? Si installano facilmente grazie all&#8217;anello di sospensione di cui sono dotati.<\/p>\n","protected":false},"featured_media":5181645,"comment_status":"closed","ping_status":"open","template":"","meta":[],"product_brand":[],"product_cat":[],"product_tag":[15],"class_list":{"0":"post-5317201","1":"product","2":"type-product","3":"status-publish","4":"has-post-thumbnail","6":"product_tag-uncategorized","8":"first","9":"onbackorder","10":"purchasable","11":"product-type-simple"},"jetpack_sharing_enabled":true,"_links":{"self":[{"href":"https:\/\/gadgettravellers.eu\/it\/wp-json\/wp\/v2\/product\/5317201","targetHints":{"allow":["GET"]}}],"collection":[{"href":"https:\/\/gadgettravellers.eu\/it\/wp-json\/wp\/v2\/product"}],"about":[{"href":"https:\/\/gadgettravellers.eu\/it\/wp-json\/wp\/v2\/types\/product"}],"replies":[{"embeddable":true,"href":"https:\/\/gadgettravellers.eu\/it\/wp-json\/wp\/v2\/comments?post=5317201"}],"wp:featuredmedia":[{"embeddable":true,"href":"https:\/\/gadgettravellers.eu\/it\/wp-json\/wp\/v2\/media\/5181645"}],"wp:attachment":[{"href":"https:\/\/gadgettravellers.eu\/it\/wp-json\/wp\/v2\/media?parent=5317201"}],"wp:term":[{"taxonomy":"product_brand","embeddable":true,"href":"https:\/\/gadgettravellers.eu\/it\/wp-json\/wp\/v2\/product_brand?post=5317201"},{"taxonomy":"product_cat","embeddable":true,"href":"https:\/\/gadgettravellers.eu\/it\/wp-json\/wp\/v2\/product_cat?post=5317201"},{"taxonomy":"product_tag","embeddable":true,"href":"https:\/\/gadgettravellers.eu\/it\/wp-json\/wp\/v2\/product_tag?post=5317201"}],"curies":[{"name":"wp","href":"https:\/\/api.w.org\/{rel}","templated":true}]}}