{"id":5317208,"date":"2026-01-19T14:48:54","date_gmt":"2026-01-19T12:48:54","guid":{"rendered":"https:\/\/gadgettravellers.eu\/shop\/tazza-grande-con-babbo-natale-330ml-tazza10x82cm-xmasfest-1131798\/"},"modified":"2026-04-22T22:53:22","modified_gmt":"2026-04-22T20:53:22","slug":"tazza-grande-con-babbo-natale-330ml-tazza10x82cm-xmasfest-1131798","status":"publish","type":"product","link":"https:\/\/gadgettravellers.eu\/it\/shop\/tazza-grande-con-babbo-natale-330ml-tazza10x82cm-xmasfest-1131798\/","title":{"rendered":"Tazza Grande con Babbo Natale 330mL tazza=10&#215;8,2cm Xmasfest 1131798"},"content":{"rendered":"<p>(come da progetto) tazza in ceramica 330mL=10&#215;8,2cm<\/p>\n<div class='aiseo-faq-section' style='margin-top:30px; border-top:1px solid #eee; padding-top:20px;'>\n<h3>Domande Frequenti<\/h3>\n<details style='margin-bottom:10px; padding:10px; background:#f9f9f9; border-radius:5px;'>\n<summary style='font-weight:bold; cursor:pointer;'>Qual \u00e8 la capacit\u00e0 della tazza?<\/summary>\n<div style='margin-top:10px; color:#555;'>330 mL.<\/div>\n<\/details>\n<details style='margin-bottom:10px; padding:10px; background:#f9f9f9; border-radius:5px;'>\n<summary style='font-weight:bold; cursor:pointer;'>Di che materiale \u00e8 la tazza?<\/summary>\n<div style='margin-top:10px; color:#555;'>Ceramica.<\/div>\n<\/details>\n<details style='margin-bottom:10px; padding:10px; background:#f9f9f9; border-radius:5px;'>\n<summary style='font-weight:bold; cursor:pointer;'>Quali sono le dimensioni della tazza?<\/summary>\n<div style='margin-top:10px; color:#555;'>10 x 8,2 cm.<\/div>\n<\/details>\n<details style='margin-bottom:10px; padding:10px; background:#f9f9f9; border-radius:5px;'>\n<summary style='font-weight:bold; cursor:pointer;'>Per quali bevande \u00e8 destinato?<\/summary>\n<div style='margin-top:10px; color:#555;'>Ideale per caff\u00e8, t\u00e8 o altre bevande calde.<\/div>\n<\/details>\n<details style='margin-bottom:10px; padding:10px; background:#f9f9f9; border-radius:5px;'>\n<summary style='font-weight:bold; cursor:pointer;'>Pu\u00f2 essere usato come regalo?<\/summary>\n<div style='margin-top:10px; color:#555;'>S\u00ec, \u00e8 adatto come regalo di Natale.<\/div>\n<\/details>\n<\/div>\n","protected":false},"excerpt":{"rendered":"<p>(come da progetto) tazza in ceramica 330mL=10&#215;8,2cm Domande Frequenti Qual \u00e8 la capacit\u00e0 della tazza? 330 mL. Di che materiale \u00e8 la tazza? Ceramica. Quali sono le dimensioni della tazza? 10 x 8,2 cm. Per quali bevande \u00e8 destinato? Ideale per caff\u00e8, t\u00e8 o altre bevande calde. Pu\u00f2 essere usato come regalo? S\u00ec, \u00e8 adatto [&hellip;]<\/p>\n","protected":false},"featured_media":5181698,"comment_status":"closed","ping_status":"open","template":"","meta":[],"product_brand":[],"product_cat":[],"product_tag":[15],"class_list":{"0":"post-5317208","1":"product","2":"type-product","3":"status-publish","4":"has-post-thumbnail","6":"product_tag-uncategorized","8":"first","9":"onbackorder","10":"purchasable","11":"product-type-simple"},"jetpack_sharing_enabled":true,"_links":{"self":[{"href":"https:\/\/gadgettravellers.eu\/it\/wp-json\/wp\/v2\/product\/5317208","targetHints":{"allow":["GET"]}}],"collection":[{"href":"https:\/\/gadgettravellers.eu\/it\/wp-json\/wp\/v2\/product"}],"about":[{"href":"https:\/\/gadgettravellers.eu\/it\/wp-json\/wp\/v2\/types\/product"}],"replies":[{"embeddable":true,"href":"https:\/\/gadgettravellers.eu\/it\/wp-json\/wp\/v2\/comments?post=5317208"}],"wp:featuredmedia":[{"embeddable":true,"href":"https:\/\/gadgettravellers.eu\/it\/wp-json\/wp\/v2\/media\/5181698"}],"wp:attachment":[{"href":"https:\/\/gadgettravellers.eu\/it\/wp-json\/wp\/v2\/media?parent=5317208"}],"wp:term":[{"taxonomy":"product_brand","embeddable":true,"href":"https:\/\/gadgettravellers.eu\/it\/wp-json\/wp\/v2\/product_brand?post=5317208"},{"taxonomy":"product_cat","embeddable":true,"href":"https:\/\/gadgettravellers.eu\/it\/wp-json\/wp\/v2\/product_cat?post=5317208"},{"taxonomy":"product_tag","embeddable":true,"href":"https:\/\/gadgettravellers.eu\/it\/wp-json\/wp\/v2\/product_tag?post=5317208"}],"curies":[{"name":"wp","href":"https:\/\/api.w.org\/{rel}","templated":true}]}}