{"id":5317209,"date":"2026-01-19T14:48:55","date_gmt":"2026-01-19T12:48:55","guid":{"rendered":"https:\/\/gadgettravellers.eu\/shop\/albero-con-pigne-90cm-xmasfest-1131814\/"},"modified":"2026-04-22T22:53:23","modified_gmt":"2026-04-22T20:53:23","slug":"albero-con-pigne-90cm-xmasfest-1131814","status":"publish","type":"product","link":"https:\/\/gadgettravellers.eu\/it\/shop\/albero-con-pigne-90cm-xmasfest-1131814\/","title":{"rendered":"Albero con Pigne 90cm Xmasfest 1131814"},"content":{"rendered":"<p>90cm<\/p>\n<div class='aiseo-faq-section' style='margin-top:30px; border-top:1px solid #eee; padding-top:20px;'>\n<h3>Domande Frequenti<\/h3>\n<details style='margin-bottom:10px; padding:10px; background:#f9f9f9; border-radius:5px;'>\n<summary style='font-weight:bold; cursor:pointer;'>\u00c8 adatto per spazi piccoli?<\/summary>\n<div style='margin-top:10px; color:#555;'>S\u00ec, l&#8217;albero alto 90 cm \u00e8 compatto e ideale per appartamenti, uffici e spazi piccoli.<\/div>\n<\/details>\n<details style='margin-bottom:10px; padding:10px; background:#f9f9f9; border-radius:5px;'>\n<summary style='font-weight:bold; cursor:pointer;'>Sono incluse luci o decorazioni?<\/summary>\n<div style='margin-top:10px; color:#555;'>No, il prodotto non include lucine o decorazioni incorporate, e si abbina con lucine e decorazioni a tua scelta.<\/div>\n<\/details>\n<details style='margin-bottom:10px; padding:10px; background:#f9f9f9; border-radius:5px;'>\n<summary style='font-weight:bold; cursor:pointer;'>Il montaggio e la conservazione sono facili?<\/summary>\n<div style='margin-top:10px; color:#555;'>S\u00ec, offre un facile montaggio ed \u00e8 compatto per una semplice conservazione.<\/div>\n<\/details>\n<details style='margin-bottom:10px; padding:10px; background:#f9f9f9; border-radius:5px;'>\n<summary style='font-weight:bold; cursor:pointer;'>Pu\u00f2 essere riutilizzato per le prossime festivit\u00e0?<\/summary>\n<div style='margin-top:10px; color:#555;'>S\u00ec, \u00e8 destinato a essere riutilizzato nelle prossime festivit\u00e0.<\/div>\n<\/details>\n<\/div>\n","protected":false},"excerpt":{"rendered":"<p>90cm Domande Frequenti \u00c8 adatto per spazi piccoli? S\u00ec, l&#8217;albero alto 90 cm \u00e8 compatto e ideale per appartamenti, uffici e spazi piccoli. Sono incluse luci o decorazioni? No, il prodotto non include lucine o decorazioni incorporate, e si abbina con lucine e decorazioni a tua scelta. Il montaggio e la conservazione sono facili? S\u00ec, [&hellip;]<\/p>\n","protected":false},"featured_media":5181705,"comment_status":"closed","ping_status":"open","template":"","meta":[],"product_brand":[],"product_cat":[],"product_tag":[15],"class_list":{"0":"post-5317209","1":"product","2":"type-product","3":"status-publish","4":"has-post-thumbnail","6":"product_tag-uncategorized","8":"first","9":"onbackorder","10":"purchasable","11":"product-type-simple"},"jetpack_sharing_enabled":true,"_links":{"self":[{"href":"https:\/\/gadgettravellers.eu\/it\/wp-json\/wp\/v2\/product\/5317209","targetHints":{"allow":["GET"]}}],"collection":[{"href":"https:\/\/gadgettravellers.eu\/it\/wp-json\/wp\/v2\/product"}],"about":[{"href":"https:\/\/gadgettravellers.eu\/it\/wp-json\/wp\/v2\/types\/product"}],"replies":[{"embeddable":true,"href":"https:\/\/gadgettravellers.eu\/it\/wp-json\/wp\/v2\/comments?post=5317209"}],"wp:featuredmedia":[{"embeddable":true,"href":"https:\/\/gadgettravellers.eu\/it\/wp-json\/wp\/v2\/media\/5181705"}],"wp:attachment":[{"href":"https:\/\/gadgettravellers.eu\/it\/wp-json\/wp\/v2\/media?parent=5317209"}],"wp:term":[{"taxonomy":"product_brand","embeddable":true,"href":"https:\/\/gadgettravellers.eu\/it\/wp-json\/wp\/v2\/product_brand?post=5317209"},{"taxonomy":"product_cat","embeddable":true,"href":"https:\/\/gadgettravellers.eu\/it\/wp-json\/wp\/v2\/product_cat?post=5317209"},{"taxonomy":"product_tag","embeddable":true,"href":"https:\/\/gadgettravellers.eu\/it\/wp-json\/wp\/v2\/product_tag?post=5317209"}],"curies":[{"name":"wp","href":"https:\/\/api.w.org\/{rel}","templated":true}]}}