{"id":5317211,"date":"2026-01-19T14:48:56","date_gmt":"2026-01-19T12:48:56","guid":{"rendered":"https:\/\/gadgettravellers.eu\/shop\/borsa-regalo-di-natale-455x33x10cm-455x33x10cm-xmasfest-1131826\/"},"modified":"2026-04-22T22:53:23","modified_gmt":"2026-04-22T20:53:23","slug":"borsa-regalo-di-natale-455x33x10cm-455x33x10cm-xmasfest-1131826","status":"publish","type":"product","link":"https:\/\/gadgettravellers.eu\/it\/shop\/borsa-regalo-di-natale-455x33x10cm-455x33x10cm-xmasfest-1131826\/","title":{"rendered":"Borsa Regalo di Natale 45,5x33x10cm 45,5x33x10cm Xmasfest 1131826"},"content":{"rendered":"<p>45,5x33x10cm<\/p>\n<div class='aiseo-faq-section' style='margin-top:30px; border-top:1px solid #eee; padding-top:20px;'>\n<h3>Domande Frequenti<\/h3>\n<details style='margin-bottom:10px; padding:10px; background:#f9f9f9; border-radius:5px;'>\n<summary style='font-weight:bold; cursor:pointer;'>Quali sono le dimensioni della borsa?<\/summary>\n<div style='margin-top:10px; color:#555;'>Le dimensioni sono 45,5 x 33 x 10 cm.<\/div>\n<\/details>\n<details style='margin-bottom:10px; padding:10px; background:#f9f9f9; border-radius:5px;'>\n<summary style='font-weight:bold; cursor:pointer;'>Per quali tipi di regali \u00e8 adatta?<\/summary>\n<div style='margin-top:10px; color:#555;'>Adatta per scatole, articoli di abbigliamento e set regalo di dimensioni da medie a grandi.<\/div>\n<\/details>\n<details style='margin-bottom:10px; padding:10px; background:#f9f9f9; border-radius:5px;'>\n<summary style='font-weight:bold; cursor:pointer;'>\u00c8 facile da trasportare e conservare?<\/summary>\n<div style='margin-top:10px; color:#555;'>S\u00ec \u2014 la sua costruzione garantisce un trasporto comodo ed \u00e8 facile da conservare e presentare i regali.<\/div>\n<\/details>\n<\/div>\n","protected":false},"excerpt":{"rendered":"<p>45,5x33x10cm Domande Frequenti Quali sono le dimensioni della borsa? Le dimensioni sono 45,5 x 33 x 10 cm. Per quali tipi di regali \u00e8 adatta? Adatta per scatole, articoli di abbigliamento e set regalo di dimensioni da medie a grandi. \u00c8 facile da trasportare e conservare? S\u00ec \u2014 la sua costruzione garantisce un trasporto comodo [&hellip;]<\/p>\n","protected":false},"featured_media":5181713,"comment_status":"closed","ping_status":"open","template":"","meta":[],"product_brand":[],"product_cat":[],"product_tag":[15],"class_list":{"0":"post-5317211","1":"product","2":"type-product","3":"status-publish","4":"has-post-thumbnail","6":"product_tag-uncategorized","8":"first","9":"onbackorder","10":"purchasable","11":"product-type-simple"},"jetpack_sharing_enabled":true,"_links":{"self":[{"href":"https:\/\/gadgettravellers.eu\/it\/wp-json\/wp\/v2\/product\/5317211","targetHints":{"allow":["GET"]}}],"collection":[{"href":"https:\/\/gadgettravellers.eu\/it\/wp-json\/wp\/v2\/product"}],"about":[{"href":"https:\/\/gadgettravellers.eu\/it\/wp-json\/wp\/v2\/types\/product"}],"replies":[{"embeddable":true,"href":"https:\/\/gadgettravellers.eu\/it\/wp-json\/wp\/v2\/comments?post=5317211"}],"wp:featuredmedia":[{"embeddable":true,"href":"https:\/\/gadgettravellers.eu\/it\/wp-json\/wp\/v2\/media\/5181713"}],"wp:attachment":[{"href":"https:\/\/gadgettravellers.eu\/it\/wp-json\/wp\/v2\/media?parent=5317211"}],"wp:term":[{"taxonomy":"product_brand","embeddable":true,"href":"https:\/\/gadgettravellers.eu\/it\/wp-json\/wp\/v2\/product_brand?post=5317211"},{"taxonomy":"product_cat","embeddable":true,"href":"https:\/\/gadgettravellers.eu\/it\/wp-json\/wp\/v2\/product_cat?post=5317211"},{"taxonomy":"product_tag","embeddable":true,"href":"https:\/\/gadgettravellers.eu\/it\/wp-json\/wp\/v2\/product_tag?post=5317211"}],"curies":[{"name":"wp","href":"https:\/\/api.w.org\/{rel}","templated":true}]}}