{"id":5317216,"date":"2026-01-19T14:49:00","date_gmt":"2026-01-19T12:49:00","guid":{"rendered":"https:\/\/gadgettravellers.eu\/shop\/borsa-per-bevande-di-natale-355x11x8cm-xmasfest-1131830\/"},"modified":"2026-04-22T22:53:25","modified_gmt":"2026-04-22T20:53:25","slug":"borsa-per-bevande-di-natale-355x11x8cm-xmasfest-1131830","status":"publish","type":"product","link":"https:\/\/gadgettravellers.eu\/it\/shop\/borsa-per-bevande-di-natale-355x11x8cm-xmasfest-1131830\/","title":{"rendered":"Borsa per Bevande di Natale 35,5x11x8cm Xmasfest 1131830"},"content":{"rendered":"<p>35,5x11x8cm<\/p>\n<div class='aiseo-faq-section' style='margin-top:30px; border-top:1px solid #eee; padding-top:20px;'>\n<h3>Domande Frequenti<\/h3>\n<details style='margin-bottom:10px; padding:10px; background:#f9f9f9; border-radius:5px;'>\n<summary style='font-weight:bold; cursor:pointer;'>Quali sono le dimensioni della borsa?<\/summary>\n<div style='margin-top:10px; color:#555;'>Le dimensioni sono 35,5 x 11 x 8 cm.<\/div>\n<\/details>\n<details style='margin-bottom:10px; padding:10px; background:#f9f9f9; border-radius:5px;'>\n<summary style='font-weight:bold; cursor:pointer;'>Si adatta a bottiglie di vino e champagne?<\/summary>\n<div style='margin-top:10px; color:#555;'>S\u00ec, \u00e8 progettata per vino, champagne e altre bottiglie.<\/div>\n<\/details>\n<details style='margin-bottom:10px; padding:10px; background:#f9f9f9; border-radius:5px;'>\n<summary style='font-weight:bold; cursor:pointer;'>Ha una maniglia per un facile trasporto?<\/summary>\n<div style='margin-top:10px; color:#555;'>S\u00ec, ha una maniglia che facilita il trasporto.<\/div>\n<\/details>\n<details style='margin-bottom:10px; padding:10px; background:#f9f9f9; border-radius:5px;'>\n<summary style='font-weight:bold; cursor:pointer;'>\u00c8 adatta per regali aziendali e promozioni stagionali?<\/summary>\n<div style='margin-top:10px; color:#555;'>S\u00ec, \u00e8 consigliato per regali personali, offerte aziendali e azioni stagionali.<\/div>\n<\/details>\n<\/div>\n","protected":false},"excerpt":{"rendered":"<p>35,5x11x8cm Domande Frequenti Quali sono le dimensioni della borsa? Le dimensioni sono 35,5 x 11 x 8 cm. Si adatta a bottiglie di vino e champagne? S\u00ec, \u00e8 progettata per vino, champagne e altre bottiglie. Ha una maniglia per un facile trasporto? S\u00ec, ha una maniglia che facilita il trasporto. \u00c8 adatta per regali aziendali [&hellip;]<\/p>\n","protected":false},"featured_media":5181741,"comment_status":"closed","ping_status":"open","template":"","meta":[],"product_brand":[],"product_cat":[],"product_tag":[15],"class_list":{"0":"post-5317216","1":"product","2":"type-product","3":"status-publish","4":"has-post-thumbnail","6":"product_tag-uncategorized","8":"first","9":"onbackorder","10":"purchasable","11":"product-type-simple"},"jetpack_sharing_enabled":true,"_links":{"self":[{"href":"https:\/\/gadgettravellers.eu\/it\/wp-json\/wp\/v2\/product\/5317216","targetHints":{"allow":["GET"]}}],"collection":[{"href":"https:\/\/gadgettravellers.eu\/it\/wp-json\/wp\/v2\/product"}],"about":[{"href":"https:\/\/gadgettravellers.eu\/it\/wp-json\/wp\/v2\/types\/product"}],"replies":[{"embeddable":true,"href":"https:\/\/gadgettravellers.eu\/it\/wp-json\/wp\/v2\/comments?post=5317216"}],"wp:featuredmedia":[{"embeddable":true,"href":"https:\/\/gadgettravellers.eu\/it\/wp-json\/wp\/v2\/media\/5181741"}],"wp:attachment":[{"href":"https:\/\/gadgettravellers.eu\/it\/wp-json\/wp\/v2\/media?parent=5317216"}],"wp:term":[{"taxonomy":"product_brand","embeddable":true,"href":"https:\/\/gadgettravellers.eu\/it\/wp-json\/wp\/v2\/product_brand?post=5317216"},{"taxonomy":"product_cat","embeddable":true,"href":"https:\/\/gadgettravellers.eu\/it\/wp-json\/wp\/v2\/product_cat?post=5317216"},{"taxonomy":"product_tag","embeddable":true,"href":"https:\/\/gadgettravellers.eu\/it\/wp-json\/wp\/v2\/product_tag?post=5317216"}],"curies":[{"name":"wp","href":"https:\/\/api.w.org\/{rel}","templated":true}]}}