{"id":5317218,"date":"2026-01-19T14:49:02","date_gmt":"2026-01-19T12:49:02","guid":{"rendered":"https:\/\/gadgettravellers.eu\/shop\/ghirlanda-bianca-tinsel-o11cm-a2m-xmasfest-1131895\/"},"modified":"2026-04-22T22:53:27","modified_gmt":"2026-04-22T20:53:27","slug":"ghirlanda-bianca-tinsel-o11cm-a2m-xmasfest-1131895","status":"publish","type":"product","link":"https:\/\/gadgettravellers.eu\/it\/shop\/ghirlanda-bianca-tinsel-o11cm-a2m-xmasfest-1131895\/","title":{"rendered":"Ghirlanda Bianca Tinsel \u00f8:11cm A:2m Xmasfest 1131895"},"content":{"rendered":"<p>\u00f8:11cm A:2m<\/p>\n<div class='aiseo-faq-section' style='margin-top:30px; border-top:1px solid #eee; padding-top:20px;'>\n<h3>Domande Frequenti<\/h3>\n<details style='margin-bottom:10px; padding:10px; background:#f9f9f9; border-radius:5px;'>\n<summary style='font-weight:bold; cursor:pointer;'>Qual \u00e8 la lunghezza e il diametro della ghirlanda?<\/summary>\n<div style='margin-top:10px; color:#555;'>La ghirlanda ha una lunghezza di 2 metri e una larghezza\/diametro esterno di 11 cm.<\/div>\n<\/details>\n<details style='margin-bottom:10px; padding:10px; background:#f9f9f9; border-radius:5px;'>\n<summary style='font-weight:bold; cursor:pointer;'>In quali ambienti \u00e8 consigliato il suo utilizzo?<\/summary>\n<div style='margin-top:10px; color:#555;'>\u00c8 ideale per interni come alberi, camini, porte e balconi.<\/div>\n<\/details>\n<details style='margin-bottom:10px; padding:10px; background:#f9f9f9; border-radius:5px;'>\n<summary style='font-weight:bold; cursor:pointer;'>\u00c8 facile da installare e riutilizzabile?<\/summary>\n<div style='margin-top:10px; color:#555;'>S\u00ec, \u00e8 leggera, facile da avvolgere e riutilizzabile.<\/div>\n<\/details>\n<details style='margin-bottom:10px; padding:10px; background:#f9f9f9; border-radius:5px;'>\n<summary style='font-weight:bold; cursor:pointer;'>Che effetto offre nella decorazione?<\/summary>\n<div style='margin-top:10px; color:#555;'>Offre una lucentezza metallica che valorizza la decorazione natalizia e l&#8217;illuminazione degli ambienti.<\/div>\n<\/details>\n<\/div>\n","protected":false},"excerpt":{"rendered":"<p>\u00f8:11cm A:2m Domande Frequenti Qual \u00e8 la lunghezza e il diametro della ghirlanda? La ghirlanda ha una lunghezza di 2 metri e una larghezza\/diametro esterno di 11 cm. In quali ambienti \u00e8 consigliato il suo utilizzo? \u00c8 ideale per interni come alberi, camini, porte e balconi. \u00c8 facile da installare e riutilizzabile? S\u00ec, \u00e8 leggera, [&hellip;]<\/p>\n","protected":false},"featured_media":5181755,"comment_status":"closed","ping_status":"open","template":"","meta":[],"product_brand":[],"product_cat":[],"product_tag":[15],"class_list":{"0":"post-5317218","1":"product","2":"type-product","3":"status-publish","4":"has-post-thumbnail","6":"product_tag-uncategorized","8":"first","9":"onbackorder","10":"purchasable","11":"product-type-simple"},"jetpack_sharing_enabled":true,"_links":{"self":[{"href":"https:\/\/gadgettravellers.eu\/it\/wp-json\/wp\/v2\/product\/5317218","targetHints":{"allow":["GET"]}}],"collection":[{"href":"https:\/\/gadgettravellers.eu\/it\/wp-json\/wp\/v2\/product"}],"about":[{"href":"https:\/\/gadgettravellers.eu\/it\/wp-json\/wp\/v2\/types\/product"}],"replies":[{"embeddable":true,"href":"https:\/\/gadgettravellers.eu\/it\/wp-json\/wp\/v2\/comments?post=5317218"}],"wp:featuredmedia":[{"embeddable":true,"href":"https:\/\/gadgettravellers.eu\/it\/wp-json\/wp\/v2\/media\/5181755"}],"wp:attachment":[{"href":"https:\/\/gadgettravellers.eu\/it\/wp-json\/wp\/v2\/media?parent=5317218"}],"wp:term":[{"taxonomy":"product_brand","embeddable":true,"href":"https:\/\/gadgettravellers.eu\/it\/wp-json\/wp\/v2\/product_brand?post=5317218"},{"taxonomy":"product_cat","embeddable":true,"href":"https:\/\/gadgettravellers.eu\/it\/wp-json\/wp\/v2\/product_cat?post=5317218"},{"taxonomy":"product_tag","embeddable":true,"href":"https:\/\/gadgettravellers.eu\/it\/wp-json\/wp\/v2\/product_tag?post=5317218"}],"curies":[{"name":"wp","href":"https:\/\/api.w.org\/{rel}","templated":true}]}}