{"id":5317221,"date":"2026-01-19T14:49:03","date_gmt":"2026-01-19T12:49:03","guid":{"rendered":"https:\/\/gadgettravellers.eu\/shop\/portapenne-di-natale-4-disegni-8x7x5cm-xmasfest-1131893\/"},"modified":"2026-04-22T22:53:28","modified_gmt":"2026-04-22T20:53:28","slug":"portapenne-di-natale-4-disegni-8x7x5cm-xmasfest-1131893","status":"publish","type":"product","link":"https:\/\/gadgettravellers.eu\/it\/shop\/portapenne-di-natale-4-disegni-8x7x5cm-xmasfest-1131893\/","title":{"rendered":"Portapenne di Natale 4 Disegni 8x7x5cm Xmasfest 1131893"},"content":{"rendered":"<p>Portapenne in legno 8x7x5cm<\/p>\n<div class='aiseo-faq-section' style='margin-top:30px; border-top:1px solid #eee; padding-top:20px;'>\n<h3>Domande Frequenti<\/h3>\n<details style='margin-bottom:10px; padding:10px; background:#f9f9f9; border-radius:5px;'>\n<summary style='font-weight:bold; cursor:pointer;'>Di che materiale \u00e8 il portapenne?<\/summary>\n<div style='margin-top:10px; color:#555;'>\u00c8 fatta di legno.<\/div>\n<\/details>\n<details style='margin-bottom:10px; padding:10px; background:#f9f9f9; border-radius:5px;'>\n<summary style='font-weight:bold; cursor:pointer;'>Quali sono le sue dimensioni?<\/summary>\n<div style='margin-top:10px; color:#555;'>Le dimensioni sono 8x7x5 cm.<\/div>\n<\/details>\n<details style='margin-bottom:10px; padding:10px; background:#f9f9f9; border-radius:5px;'>\n<summary style='font-weight:bold; cursor:pointer;'>In quanti progetti \u00e8 incluso il prodotto?<\/summary>\n<div style='margin-top:10px; color:#555;'>Il prodotto \u00e8 in set di quattro disegni natalizi.<\/div>\n<\/details>\n<details style='margin-bottom:10px; padding:10px; background:#f9f9f9; border-radius:5px;'>\n<summary style='font-weight:bold; cursor:pointer;'>Per quale uso \u00e8 adatto?<\/summary>\n<div style='margin-top:10px; color:#555;'>Ideale per la scuola, l&#8217;ufficio o come piccolo regalo.<\/div>\n<\/details>\n<\/div>\n","protected":false},"excerpt":{"rendered":"<p>Portapenne in legno 8x7x5cm Domande Frequenti Di che materiale \u00e8 il portapenne? \u00c8 fatta di legno. Quali sono le sue dimensioni? Le dimensioni sono 8x7x5 cm. In quanti progetti \u00e8 incluso il prodotto? Il prodotto \u00e8 in set di quattro disegni natalizi. Per quale uso \u00e8 adatto? Ideale per la scuola, l&#8217;ufficio o come piccolo [&hellip;]<\/p>\n","protected":false},"featured_media":5181748,"comment_status":"closed","ping_status":"open","template":"","meta":[],"product_brand":[],"product_cat":[],"product_tag":[15],"class_list":{"0":"post-5317221","1":"product","2":"type-product","3":"status-publish","4":"has-post-thumbnail","6":"product_tag-uncategorized","8":"first","9":"onbackorder","10":"purchasable","11":"product-type-simple"},"jetpack_sharing_enabled":true,"_links":{"self":[{"href":"https:\/\/gadgettravellers.eu\/it\/wp-json\/wp\/v2\/product\/5317221","targetHints":{"allow":["GET"]}}],"collection":[{"href":"https:\/\/gadgettravellers.eu\/it\/wp-json\/wp\/v2\/product"}],"about":[{"href":"https:\/\/gadgettravellers.eu\/it\/wp-json\/wp\/v2\/types\/product"}],"replies":[{"embeddable":true,"href":"https:\/\/gadgettravellers.eu\/it\/wp-json\/wp\/v2\/comments?post=5317221"}],"wp:featuredmedia":[{"embeddable":true,"href":"https:\/\/gadgettravellers.eu\/it\/wp-json\/wp\/v2\/media\/5181748"}],"wp:attachment":[{"href":"https:\/\/gadgettravellers.eu\/it\/wp-json\/wp\/v2\/media?parent=5317221"}],"wp:term":[{"taxonomy":"product_brand","embeddable":true,"href":"https:\/\/gadgettravellers.eu\/it\/wp-json\/wp\/v2\/product_brand?post=5317221"},{"taxonomy":"product_cat","embeddable":true,"href":"https:\/\/gadgettravellers.eu\/it\/wp-json\/wp\/v2\/product_cat?post=5317221"},{"taxonomy":"product_tag","embeddable":true,"href":"https:\/\/gadgettravellers.eu\/it\/wp-json\/wp\/v2\/product_tag?post=5317221"}],"curies":[{"name":"wp","href":"https:\/\/api.w.org\/{rel}","templated":true}]}}