{"id":5317225,"date":"2026-01-19T14:49:09","date_gmt":"2026-01-19T12:49:09","guid":{"rendered":"https:\/\/gadgettravellers.eu\/shop\/triangolo-per-canti-di-natale-185x12cm-xmasfest-11340\/"},"modified":"2026-04-22T22:53:30","modified_gmt":"2026-04-22T20:53:30","slug":"triangolo-per-canti-di-natale-185x12cm-xmasfest-11340","status":"publish","type":"product","link":"https:\/\/gadgettravellers.eu\/it\/shop\/triangolo-per-canti-di-natale-185x12cm-xmasfest-11340\/","title":{"rendered":"Triangolo per Canti di Natale 18,5x12cm Xmasfest 11340"},"content":{"rendered":"<p>18,5x12cm<\/p>\n<div class='aiseo-faq-section' style='margin-top:30px; border-top:1px solid #eee; padding-top:20px;'>\n<h3>Domande Frequenti<\/h3>\n<details style='margin-bottom:10px; padding:10px; background:#f9f9f9; border-radius:5px;'>\n<summary style='font-weight:bold; cursor:pointer;'>\u00c8 adatto per attivit\u00e0 scolastiche?<\/summary>\n<div style='margin-top:10px; color:#555;'>S\u00ec, il triangolo \u00e8 leggero e adatto per attivit\u00e0 scolastiche, eventi e uso domestico.<\/div>\n<\/details>\n<details style='margin-bottom:10px; padding:10px; background:#f9f9f9; border-radius:5px;'>\n<summary style='font-weight:bold; cursor:pointer;'>Quali sono le dimensioni del triangolo?<\/summary>\n<div style='margin-top:10px; color:#555;'>Le dimensioni sono 18,5&#215;12 cm come indicato nella descrizione.<\/div>\n<\/details>\n<details style='margin-bottom:10px; padding:10px; background:#f9f9f9; border-radius:5px;'>\n<summary style='font-weight:bold; cursor:pointer;'>Richiede una manutenzione speciale?<\/summary>\n<div style='margin-top:10px; color:#555;'>No, offre un uso semplice e ha basse esigenze di manutenzione, basta pulirlo con un panno morbido.<\/div>\n<\/details>\n<\/div>\n","protected":false},"excerpt":{"rendered":"<p>18,5x12cm Domande Frequenti \u00c8 adatto per attivit\u00e0 scolastiche? S\u00ec, il triangolo \u00e8 leggero e adatto per attivit\u00e0 scolastiche, eventi e uso domestico. Quali sono le dimensioni del triangolo? Le dimensioni sono 18,5&#215;12 cm come indicato nella descrizione. Richiede una manutenzione speciale? No, offre un uso semplice e ha basse esigenze di manutenzione, basta pulirlo con [&hellip;]<\/p>\n","protected":false},"featured_media":5181770,"comment_status":"closed","ping_status":"open","template":"","meta":[],"product_brand":[],"product_cat":[],"product_tag":[15],"class_list":{"0":"post-5317225","1":"product","2":"type-product","3":"status-publish","4":"has-post-thumbnail","6":"product_tag-uncategorized","8":"first","9":"onbackorder","10":"purchasable","11":"product-type-simple"},"jetpack_sharing_enabled":true,"_links":{"self":[{"href":"https:\/\/gadgettravellers.eu\/it\/wp-json\/wp\/v2\/product\/5317225","targetHints":{"allow":["GET"]}}],"collection":[{"href":"https:\/\/gadgettravellers.eu\/it\/wp-json\/wp\/v2\/product"}],"about":[{"href":"https:\/\/gadgettravellers.eu\/it\/wp-json\/wp\/v2\/types\/product"}],"replies":[{"embeddable":true,"href":"https:\/\/gadgettravellers.eu\/it\/wp-json\/wp\/v2\/comments?post=5317225"}],"wp:featuredmedia":[{"embeddable":true,"href":"https:\/\/gadgettravellers.eu\/it\/wp-json\/wp\/v2\/media\/5181770"}],"wp:attachment":[{"href":"https:\/\/gadgettravellers.eu\/it\/wp-json\/wp\/v2\/media?parent=5317225"}],"wp:term":[{"taxonomy":"product_brand","embeddable":true,"href":"https:\/\/gadgettravellers.eu\/it\/wp-json\/wp\/v2\/product_brand?post=5317225"},{"taxonomy":"product_cat","embeddable":true,"href":"https:\/\/gadgettravellers.eu\/it\/wp-json\/wp\/v2\/product_cat?post=5317225"},{"taxonomy":"product_tag","embeddable":true,"href":"https:\/\/gadgettravellers.eu\/it\/wp-json\/wp\/v2\/product_tag?post=5317225"}],"curies":[{"name":"wp","href":"https:\/\/api.w.org\/{rel}","templated":true}]}}