{"id":5317226,"date":"2026-01-19T14:49:10","date_gmt":"2026-01-19T12:49:10","guid":{"rendered":"https:\/\/gadgettravellers.eu\/shop\/albero-di-natale-semplice-bianco-90cm-xmasfest-1132174\/"},"modified":"2026-04-22T22:53:30","modified_gmt":"2026-04-22T20:53:30","slug":"albero-di-natale-semplice-bianco-90cm-xmasfest-1132174","status":"publish","type":"product","link":"https:\/\/gadgettravellers.eu\/it\/shop\/albero-di-natale-semplice-bianco-90cm-xmasfest-1132174\/","title":{"rendered":"Albero di Natale Semplice Bianco 90cm Xmasfest 1132174"},"content":{"rendered":"<p>90cm<\/p>\n<div class='aiseo-faq-section' style='margin-top:30px; border-top:1px solid #eee; padding-top:20px;'>\n<h3>Domande Frequenti<\/h3>\n<details style='margin-bottom:10px; padding:10px; background:#f9f9f9; border-radius:5px;'>\n<summary style='font-weight:bold; cursor:pointer;'>Di che materiale \u00e8 fatto l&#8217;albero?<\/summary>\n<div style='margin-top:10px; color:#555;'>Realizzato in PVC resistente con aspetto naturale di rami.<\/div>\n<\/details>\n<details style='margin-bottom:10px; padding:10px; background:#f9f9f9; border-radius:5px;'>\n<summary style='font-weight:bold; cursor:pointer;'>Per quali ambienti \u00e8 adatto?<\/summary>\n<div style='margin-top:10px; color:#555;'>Ideale per spazi piccoli, appartamenti e ambienti interni professionali.<\/div>\n<\/details>\n<details style='margin-bottom:10px; padding:10px; background:#f9f9f9; border-radius:5px;'>\n<summary style='font-weight:bold; cursor:pointer;'>\u00c8 difficile il montaggio?<\/summary>\n<div style='margin-top:10px; color:#555;'>L&#8217;assemblaggio \u00e8 facile e l&#8217;albero \u00e8 progettato per un&#8217;installazione rapida.<\/div>\n<\/details>\n<details style='margin-bottom:10px; padding:10px; background:#f9f9f9; border-radius:5px;'>\n<summary style='font-weight:bold; cursor:pointer;'>Posso decorare l&#8217;albero con luci e ornamenti?<\/summary>\n<div style='margin-top:10px; color:#555;'>S\u00ec, consente la decorazione libera con luci e ornamenti senza peso aggiuntivo.<\/div>\n<\/details>\n<\/div>\n","protected":false},"excerpt":{"rendered":"<p>90cm Domande Frequenti Di che materiale \u00e8 fatto l&#8217;albero? Realizzato in PVC resistente con aspetto naturale di rami. Per quali ambienti \u00e8 adatto? Ideale per spazi piccoli, appartamenti e ambienti interni professionali. \u00c8 difficile il montaggio? L&#8217;assemblaggio \u00e8 facile e l&#8217;albero \u00e8 progettato per un&#8217;installazione rapida. Posso decorare l&#8217;albero con luci e ornamenti? S\u00ec, consente [&hellip;]<\/p>\n","protected":false},"featured_media":5181788,"comment_status":"closed","ping_status":"open","template":"","meta":[],"product_brand":[],"product_cat":[],"product_tag":[15],"class_list":{"0":"post-5317226","1":"product","2":"type-product","3":"status-publish","4":"has-post-thumbnail","6":"product_tag-uncategorized","8":"first","9":"onbackorder","10":"purchasable","11":"product-type-simple"},"jetpack_sharing_enabled":true,"_links":{"self":[{"href":"https:\/\/gadgettravellers.eu\/it\/wp-json\/wp\/v2\/product\/5317226","targetHints":{"allow":["GET"]}}],"collection":[{"href":"https:\/\/gadgettravellers.eu\/it\/wp-json\/wp\/v2\/product"}],"about":[{"href":"https:\/\/gadgettravellers.eu\/it\/wp-json\/wp\/v2\/types\/product"}],"replies":[{"embeddable":true,"href":"https:\/\/gadgettravellers.eu\/it\/wp-json\/wp\/v2\/comments?post=5317226"}],"wp:featuredmedia":[{"embeddable":true,"href":"https:\/\/gadgettravellers.eu\/it\/wp-json\/wp\/v2\/media\/5181788"}],"wp:attachment":[{"href":"https:\/\/gadgettravellers.eu\/it\/wp-json\/wp\/v2\/media?parent=5317226"}],"wp:term":[{"taxonomy":"product_brand","embeddable":true,"href":"https:\/\/gadgettravellers.eu\/it\/wp-json\/wp\/v2\/product_brand?post=5317226"},{"taxonomy":"product_cat","embeddable":true,"href":"https:\/\/gadgettravellers.eu\/it\/wp-json\/wp\/v2\/product_cat?post=5317226"},{"taxonomy":"product_tag","embeddable":true,"href":"https:\/\/gadgettravellers.eu\/it\/wp-json\/wp\/v2\/product_tag?post=5317226"}],"curies":[{"name":"wp","href":"https:\/\/api.w.org\/{rel}","templated":true}]}}