{"id":5317229,"date":"2026-01-19T14:49:12","date_gmt":"2026-01-19T12:49:12","guid":{"rendered":"https:\/\/gadgettravellers.eu\/shop\/copertura-schienale-sedia-cappuccio-60x49cm-xmasfest-1132223\/"},"modified":"2026-04-22T22:53:31","modified_gmt":"2026-04-22T20:53:31","slug":"copertura-schienale-sedia-cappuccio-60x49cm-xmasfest-1132223","status":"publish","type":"product","link":"https:\/\/gadgettravellers.eu\/it\/shop\/copertura-schienale-sedia-cappuccio-60x49cm-xmasfest-1132223\/","title":{"rendered":"Copertura Schienale Sedia Cappuccio 60x49cm Xmasfest 1132223"},"content":{"rendered":"<p>Copertura schienale sedia 60x49cm<\/p>\n<div class='aiseo-faq-section' style='margin-top:30px; border-top:1px solid #eee; padding-top:20px;'>\n<h3>Domande Frequenti<\/h3>\n<details style='margin-bottom:10px; padding:10px; background:#f9f9f9; border-radius:5px;'>\n<summary style='font-weight:bold; cursor:pointer;'>Quali sono le dimensioni della copertura?<\/summary>\n<div style='margin-top:10px; color:#555;'>Le dimensioni sono 60x49cm.<\/div>\n<\/details>\n<details style='margin-bottom:10px; padding:10px; background:#f9f9f9; border-radius:5px;'>\n<summary style='font-weight:bold; cursor:pointer;'>In quale punto della sedia si applica?<\/summary>\n<div style='margin-top:10px; color:#555;'>Si applica sul retro della sedia.<\/div>\n<\/details>\n<details style='margin-bottom:10px; padding:10px; background:#f9f9f9; border-radius:5px;'>\n<summary style='font-weight:bold; cursor:pointer;'>\u00c8 difficile applicare la copertura?<\/summary>\n<div style='margin-top:10px; color:#555;'>No, \u00e8 facile da applicare.<\/div>\n<\/details>\n<details style='margin-bottom:10px; padding:10px; background:#f9f9f9; border-radius:5px;'>\n<summary style='font-weight:bold; cursor:pointer;'>In quali ambienti \u00e8 adatto?<\/summary>\n<div style='margin-top:10px; color:#555;'>Adatto per sale da pranzo e eventi.<\/div>\n<\/details>\n<\/div>\n","protected":false},"excerpt":{"rendered":"<p>Copertura schienale sedia 60x49cm Domande Frequenti Quali sono le dimensioni della copertura? Le dimensioni sono 60x49cm. In quale punto della sedia si applica? Si applica sul retro della sedia. \u00c8 difficile applicare la copertura? No, \u00e8 facile da applicare. In quali ambienti \u00e8 adatto? Adatto per sale da pranzo e eventi.<\/p>\n","protected":false},"featured_media":5181803,"comment_status":"closed","ping_status":"open","template":"","meta":[],"product_brand":[],"product_cat":[],"product_tag":[15],"class_list":{"0":"post-5317229","1":"product","2":"type-product","3":"status-publish","4":"has-post-thumbnail","6":"product_tag-uncategorized","8":"first","9":"onbackorder","10":"purchasable","11":"product-type-simple"},"jetpack_sharing_enabled":true,"_links":{"self":[{"href":"https:\/\/gadgettravellers.eu\/it\/wp-json\/wp\/v2\/product\/5317229","targetHints":{"allow":["GET"]}}],"collection":[{"href":"https:\/\/gadgettravellers.eu\/it\/wp-json\/wp\/v2\/product"}],"about":[{"href":"https:\/\/gadgettravellers.eu\/it\/wp-json\/wp\/v2\/types\/product"}],"replies":[{"embeddable":true,"href":"https:\/\/gadgettravellers.eu\/it\/wp-json\/wp\/v2\/comments?post=5317229"}],"wp:featuredmedia":[{"embeddable":true,"href":"https:\/\/gadgettravellers.eu\/it\/wp-json\/wp\/v2\/media\/5181803"}],"wp:attachment":[{"href":"https:\/\/gadgettravellers.eu\/it\/wp-json\/wp\/v2\/media?parent=5317229"}],"wp:term":[{"taxonomy":"product_brand","embeddable":true,"href":"https:\/\/gadgettravellers.eu\/it\/wp-json\/wp\/v2\/product_brand?post=5317229"},{"taxonomy":"product_cat","embeddable":true,"href":"https:\/\/gadgettravellers.eu\/it\/wp-json\/wp\/v2\/product_cat?post=5317229"},{"taxonomy":"product_tag","embeddable":true,"href":"https:\/\/gadgettravellers.eu\/it\/wp-json\/wp\/v2\/product_tag?post=5317229"}],"curies":[{"name":"wp","href":"https:\/\/api.w.org\/{rel}","templated":true}]}}