{"id":5317230,"date":"2026-01-19T14:49:13","date_gmt":"2026-01-19T12:49:13","guid":{"rendered":"https:\/\/gadgettravellers.eu\/shop\/prendili-tutti-n5-155cm-xmasfest-113240\/"},"modified":"2026-04-22T22:53:32","modified_gmt":"2026-04-22T20:53:32","slug":"prendili-tutti-n5-155cm-xmasfest-113240","status":"publish","type":"product","link":"https:\/\/gadgettravellers.eu\/it\/shop\/prendili-tutti-n5-155cm-xmasfest-113240\/","title":{"rendered":"Prendili tutti n5 15,5cm Xmasfest 113240"},"content":{"rendered":"<p>Prendili tutti 15,5cm<\/p>\n<div class='aiseo-faq-section' style='margin-top:30px; border-top:1px solid #eee; padding-top:20px;'>\n<h3>Domande Frequenti<\/h3>\n<details style='margin-bottom:10px; padding:10px; background:#f9f9f9; border-radius:5px;'>\n<summary style='font-weight:bold; cursor:pointer;'>Qual \u00e8 la dimensione del piatto?<\/summary>\n<div style='margin-top:10px; color:#555;'>Diametro 15,5 cm.<\/div>\n<\/details>\n<details style='margin-bottom:10px; padding:10px; background:#f9f9f9; border-radius:5px;'>\n<summary style='font-weight:bold; cursor:pointer;'>\u00c8 un piatto usa e getta?<\/summary>\n<div style='margin-top:10px; color:#555;'>S\u00ec, si tratta di un piatto usa e getta.<\/div>\n<\/details>\n<details style='margin-bottom:10px; padding:10px; background:#f9f9f9; border-radius:5px;'>\n<summary style='font-weight:bold; cursor:pointer;'>Per quale uso \u00e8 adatto?<\/summary>\n<div style='margin-top:10px; color:#555;'>Ideale per feste di Natale e servizio stagionale.<\/div>\n<\/details>\n<details style='margin-bottom:10px; padding:10px; background:#f9f9f9; border-radius:5px;'>\n<summary style='font-weight:bold; cursor:pointer;'>Quali sono le sue caratteristiche principali?<\/summary>\n<div style='margin-top:10px; color:#555;'>Pratico e leggero, offre un uso facile e uno smaltimento semplice.<\/div>\n<\/details>\n<\/div>\n","protected":false},"excerpt":{"rendered":"<p>Prendili tutti 15,5cm Domande Frequenti Qual \u00e8 la dimensione del piatto? Diametro 15,5 cm. \u00c8 un piatto usa e getta? S\u00ec, si tratta di un piatto usa e getta. Per quale uso \u00e8 adatto? Ideale per feste di Natale e servizio stagionale. Quali sono le sue caratteristiche principali? Pratico e leggero, offre un uso facile [&hellip;]<\/p>\n","protected":false},"featured_media":5181799,"comment_status":"closed","ping_status":"open","template":"","meta":[],"product_brand":[],"product_cat":[],"product_tag":[15],"class_list":{"0":"post-5317230","1":"product","2":"type-product","3":"status-publish","4":"has-post-thumbnail","6":"product_tag-uncategorized","8":"first","9":"onbackorder","10":"purchasable","11":"product-type-simple"},"jetpack_sharing_enabled":true,"_links":{"self":[{"href":"https:\/\/gadgettravellers.eu\/it\/wp-json\/wp\/v2\/product\/5317230","targetHints":{"allow":["GET"]}}],"collection":[{"href":"https:\/\/gadgettravellers.eu\/it\/wp-json\/wp\/v2\/product"}],"about":[{"href":"https:\/\/gadgettravellers.eu\/it\/wp-json\/wp\/v2\/types\/product"}],"replies":[{"embeddable":true,"href":"https:\/\/gadgettravellers.eu\/it\/wp-json\/wp\/v2\/comments?post=5317230"}],"wp:featuredmedia":[{"embeddable":true,"href":"https:\/\/gadgettravellers.eu\/it\/wp-json\/wp\/v2\/media\/5181799"}],"wp:attachment":[{"href":"https:\/\/gadgettravellers.eu\/it\/wp-json\/wp\/v2\/media?parent=5317230"}],"wp:term":[{"taxonomy":"product_brand","embeddable":true,"href":"https:\/\/gadgettravellers.eu\/it\/wp-json\/wp\/v2\/product_brand?post=5317230"},{"taxonomy":"product_cat","embeddable":true,"href":"https:\/\/gadgettravellers.eu\/it\/wp-json\/wp\/v2\/product_cat?post=5317230"},{"taxonomy":"product_tag","embeddable":true,"href":"https:\/\/gadgettravellers.eu\/it\/wp-json\/wp\/v2\/product_tag?post=5317230"}],"curies":[{"name":"wp","href":"https:\/\/api.w.org\/{rel}","templated":true}]}}