{"id":5317237,"date":"2026-01-19T14:49:19","date_gmt":"2026-01-19T12:49:19","guid":{"rendered":"https:\/\/gadgettravellers.eu\/shop\/portacandele-in-ceramica-alberello-18-5x16x9cm-xmasfest-1132257\/"},"modified":"2026-04-22T22:53:35","modified_gmt":"2026-04-22T20:53:35","slug":"portacandele-in-ceramica-alberello-18-5x16x9cm-xmasfest-1132257","status":"publish","type":"product","link":"https:\/\/gadgettravellers.eu\/it\/shop\/portacandele-in-ceramica-alberello-18-5x16x9cm-xmasfest-1132257\/","title":{"rendered":"Portacandele in ceramica Alberello 18.5x16x9cm Xmasfest 1132257"},"content":{"rendered":"<p>Portacandele in ceramica 18.5x16x9cm<\/p>\n<div class='aiseo-faq-section' style='margin-top:30px; border-top:1px solid #eee; padding-top:20px;'>\n<h3>Domande Frequenti<\/h3>\n<details style='margin-bottom:10px; padding:10px; background:#f9f9f9; border-radius:5px;'>\n<summary style='font-weight:bold; cursor:pointer;'>Di che materiale \u00e8 fatto il portacandele?<\/summary>\n<div style='margin-top:10px; color:#555;'>\u00c8 realizzato in materiale ceramico.<\/div>\n<\/details>\n<details style='margin-bottom:10px; padding:10px; background:#f9f9f9; border-radius:5px;'>\n<summary style='font-weight:bold; cursor:pointer;'>Quali sono le sue dimensioni?<\/summary>\n<div style='margin-top:10px; color:#555;'>Le dimensioni sono 18,5x16x9 cm.<\/div>\n<\/details>\n<details style='margin-bottom:10px; padding:10px; background:#f9f9f9; border-radius:5px;'>\n<summary style='font-weight:bold; cursor:pointer;'>Che tipo di candele pu\u00f2 contenere?<\/summary>\n<div style='margin-top:10px; color:#555;'>\u00c8 adatto per tealights.<\/div>\n<\/details>\n<details style='margin-bottom:10px; padding:10px; background:#f9f9f9; border-radius:5px;'>\n<summary style='font-weight:bold; cursor:pointer;'>Dove pu\u00f2 essere utilizzato?<\/summary>\n<div style='margin-top:10px; color:#555;'>Ideale per la decorazione della tavola e come regalo stagionale.<\/div>\n<\/details>\n<\/div>\n","protected":false},"excerpt":{"rendered":"<p>Portacandele in ceramica 18.5x16x9cm Domande Frequenti Di che materiale \u00e8 fatto il portacandele? \u00c8 realizzato in materiale ceramico. Quali sono le sue dimensioni? Le dimensioni sono 18,5x16x9 cm. Che tipo di candele pu\u00f2 contenere? \u00c8 adatto per tealights. Dove pu\u00f2 essere utilizzato? Ideale per la decorazione della tavola e come regalo stagionale.<\/p>\n","protected":false},"featured_media":5181841,"comment_status":"closed","ping_status":"open","template":"","meta":[],"product_brand":[],"product_cat":[],"product_tag":[15],"class_list":{"0":"post-5317237","1":"product","2":"type-product","3":"status-publish","4":"has-post-thumbnail","6":"product_tag-uncategorized","8":"first","9":"onbackorder","10":"purchasable","11":"product-type-simple"},"jetpack_sharing_enabled":true,"_links":{"self":[{"href":"https:\/\/gadgettravellers.eu\/it\/wp-json\/wp\/v2\/product\/5317237","targetHints":{"allow":["GET"]}}],"collection":[{"href":"https:\/\/gadgettravellers.eu\/it\/wp-json\/wp\/v2\/product"}],"about":[{"href":"https:\/\/gadgettravellers.eu\/it\/wp-json\/wp\/v2\/types\/product"}],"replies":[{"embeddable":true,"href":"https:\/\/gadgettravellers.eu\/it\/wp-json\/wp\/v2\/comments?post=5317237"}],"wp:featuredmedia":[{"embeddable":true,"href":"https:\/\/gadgettravellers.eu\/it\/wp-json\/wp\/v2\/media\/5181841"}],"wp:attachment":[{"href":"https:\/\/gadgettravellers.eu\/it\/wp-json\/wp\/v2\/media?parent=5317237"}],"wp:term":[{"taxonomy":"product_brand","embeddable":true,"href":"https:\/\/gadgettravellers.eu\/it\/wp-json\/wp\/v2\/product_brand?post=5317237"},{"taxonomy":"product_cat","embeddable":true,"href":"https:\/\/gadgettravellers.eu\/it\/wp-json\/wp\/v2\/product_cat?post=5317237"},{"taxonomy":"product_tag","embeddable":true,"href":"https:\/\/gadgettravellers.eu\/it\/wp-json\/wp\/v2\/product_tag?post=5317237"}],"curies":[{"name":"wp","href":"https:\/\/api.w.org\/{rel}","templated":true}]}}