{"id":5317238,"date":"2026-01-19T14:49:20","date_gmt":"2026-01-19T12:49:20","guid":{"rendered":"https:\/\/gadgettravellers.eu\/shop\/portacandele-in-ceramica-a-forma-di-alberello-20x16x6cm-xmasfest-1132255\/"},"modified":"2026-04-22T22:53:35","modified_gmt":"2026-04-22T20:53:35","slug":"portacandele-in-ceramica-a-forma-di-alberello-20x16x6cm-xmasfest-1132255","status":"publish","type":"product","link":"https:\/\/gadgettravellers.eu\/it\/shop\/portacandele-in-ceramica-a-forma-di-alberello-20x16x6cm-xmasfest-1132255\/","title":{"rendered":"Portacandele in ceramica a forma di alberello 20x16x6cm Xmasfest 1132255"},"content":{"rendered":"<p>Candelabro in ceramica 20x16x6cm<\/p>\n<div class='aiseo-faq-section' style='margin-top:30px; border-top:1px solid #eee; padding-top:20px;'>\n<h3>Domande Frequenti<\/h3>\n<details style='margin-bottom:10px; padding:10px; background:#f9f9f9; border-radius:5px;'>\n<summary style='font-weight:bold; cursor:pointer;'>Quali sono le dimensioni del prodotto?<\/summary>\n<div style='margin-top:10px; color:#555;'>Le dimensioni sono 20x16x6 cm.<\/div>\n<\/details>\n<details style='margin-bottom:10px; padding:10px; background:#f9f9f9; border-radius:5px;'>\n<summary style='font-weight:bold; cursor:pointer;'>Di che materiale \u00e8 fatto?<\/summary>\n<div style='margin-top:10px; color:#555;'>Realizzato in materiale ceramico.<\/div>\n<\/details>\n<details style='margin-bottom:10px; padding:10px; background:#f9f9f9; border-radius:5px;'>\n<summary style='font-weight:bold; cursor:pointer;'>Di che forma \u00e8 il portacandele?<\/summary>\n<div style='margin-top:10px; color:#555;'>Ha la forma di un alberello festivo.<\/div>\n<\/details>\n<details style='margin-bottom:10px; padding:10px; background:#f9f9f9; border-radius:5px;'>\n<summary style='font-weight:bold; cursor:pointer;'>Dove \u00e8 opportuno posizionarlo?<\/summary>\n<div style='margin-top:10px; color:#555;'>Ideale per la decorazione natalizia della tavola come punto focale caldo ed elegante.<\/div>\n<\/details>\n<\/div>\n","protected":false},"excerpt":{"rendered":"<p>Candelabro in ceramica 20x16x6cm Domande Frequenti Quali sono le dimensioni del prodotto? Le dimensioni sono 20x16x6 cm. Di che materiale \u00e8 fatto? Realizzato in materiale ceramico. Di che forma \u00e8 il portacandele? Ha la forma di un alberello festivo. Dove \u00e8 opportuno posizionarlo? Ideale per la decorazione natalizia della tavola come punto focale caldo ed [&hellip;]<\/p>\n","protected":false},"featured_media":5181837,"comment_status":"closed","ping_status":"open","template":"","meta":[],"product_brand":[],"product_cat":[],"product_tag":[15],"class_list":{"0":"post-5317238","1":"product","2":"type-product","3":"status-publish","4":"has-post-thumbnail","6":"product_tag-uncategorized","8":"first","9":"onbackorder","10":"purchasable","11":"product-type-simple"},"jetpack_sharing_enabled":true,"_links":{"self":[{"href":"https:\/\/gadgettravellers.eu\/it\/wp-json\/wp\/v2\/product\/5317238","targetHints":{"allow":["GET"]}}],"collection":[{"href":"https:\/\/gadgettravellers.eu\/it\/wp-json\/wp\/v2\/product"}],"about":[{"href":"https:\/\/gadgettravellers.eu\/it\/wp-json\/wp\/v2\/types\/product"}],"replies":[{"embeddable":true,"href":"https:\/\/gadgettravellers.eu\/it\/wp-json\/wp\/v2\/comments?post=5317238"}],"wp:featuredmedia":[{"embeddable":true,"href":"https:\/\/gadgettravellers.eu\/it\/wp-json\/wp\/v2\/media\/5181837"}],"wp:attachment":[{"href":"https:\/\/gadgettravellers.eu\/it\/wp-json\/wp\/v2\/media?parent=5317238"}],"wp:term":[{"taxonomy":"product_brand","embeddable":true,"href":"https:\/\/gadgettravellers.eu\/it\/wp-json\/wp\/v2\/product_brand?post=5317238"},{"taxonomy":"product_cat","embeddable":true,"href":"https:\/\/gadgettravellers.eu\/it\/wp-json\/wp\/v2\/product_cat?post=5317238"},{"taxonomy":"product_tag","embeddable":true,"href":"https:\/\/gadgettravellers.eu\/it\/wp-json\/wp\/v2\/product_tag?post=5317238"}],"curies":[{"name":"wp","href":"https:\/\/api.w.org\/{rel}","templated":true}]}}