{"id":5317239,"date":"2026-01-19T14:49:21","date_gmt":"2026-01-19T12:49:21","guid":{"rendered":"https:\/\/gadgettravellers.eu\/shop\/candeliere-in-ceramica-pupazzo-di-neve-24x13x10-5cm-xmasfest-1132260\/"},"modified":"2026-04-22T22:53:36","modified_gmt":"2026-04-22T20:53:36","slug":"candeliere-in-ceramica-pupazzo-di-neve-24x13x10-5cm-xmasfest-1132260","status":"publish","type":"product","link":"https:\/\/gadgettravellers.eu\/it\/shop\/candeliere-in-ceramica-pupazzo-di-neve-24x13x10-5cm-xmasfest-1132260\/","title":{"rendered":"Candeliere in ceramica Pupazzo di neve 24x13x10.5cm Xmasfest 1132260"},"content":{"rendered":"<p>Portacandele in ceramica 24x13x10.5cm<\/p>\n<div class='aiseo-faq-section' style='margin-top:30px; border-top:1px solid #eee; padding-top:20px;'>\n<h3>Domande Frequenti<\/h3>\n<details style='margin-bottom:10px; padding:10px; background:#f9f9f9; border-radius:5px;'>\n<summary style='font-weight:bold; cursor:pointer;'>Di che materiale \u00e8 fatto il portacandele?<\/summary>\n<div style='margin-top:10px; color:#555;'>Il portacandela \u00e8 realizzato in ceramica.<\/div>\n<\/details>\n<details style='margin-bottom:10px; padding:10px; background:#f9f9f9; border-radius:5px;'>\n<summary style='font-weight:bold; cursor:pointer;'>Quali sono le dimensioni del prodotto?<\/summary>\n<div style='margin-top:10px; color:#555;'>Le dimensioni sono 24 x 13 x 10,5 cm.<\/div>\n<\/details>\n<details style='margin-bottom:10px; padding:10px; background:#f9f9f9; border-radius:5px;'>\n<summary style='font-weight:bold; cursor:pointer;'>Pu\u00f2 essere utilizzato con un lumino?<\/summary>\n<div style='margin-top:10px; color:#555;'>S\u00ec, dispone di una base stabile per tealight che crea un&#8217;atmosfera calda.<\/div>\n<\/details>\n<details style='margin-bottom:10px; padding:10px; background:#f9f9f9; border-radius:5px;'>\n<summary style='font-weight:bold; cursor:pointer;'>\u00c8 adatto come regalo e decorazione natalizia?<\/summary>\n<div style='margin-top:10px; color:#555;'>S\u00ec, \u00e8 ideale per la decorazione natalizia e come regalo.<\/div>\n<\/details>\n<\/div>\n","protected":false},"excerpt":{"rendered":"<p>Portacandele in ceramica 24x13x10.5cm Domande Frequenti Di che materiale \u00e8 fatto il portacandele? Il portacandela \u00e8 realizzato in ceramica. Quali sono le dimensioni del prodotto? Le dimensioni sono 24 x 13 x 10,5 cm. Pu\u00f2 essere utilizzato con un lumino? S\u00ec, dispone di una base stabile per tealight che crea un&#8217;atmosfera calda. \u00c8 adatto come [&hellip;]<\/p>\n","protected":false},"featured_media":5181845,"comment_status":"closed","ping_status":"open","template":"","meta":[],"product_brand":[],"product_cat":[],"product_tag":[15],"class_list":{"0":"post-5317239","1":"product","2":"type-product","3":"status-publish","4":"has-post-thumbnail","6":"product_tag-uncategorized","8":"first","9":"onbackorder","10":"purchasable","11":"product-type-simple"},"jetpack_sharing_enabled":true,"_links":{"self":[{"href":"https:\/\/gadgettravellers.eu\/it\/wp-json\/wp\/v2\/product\/5317239","targetHints":{"allow":["GET"]}}],"collection":[{"href":"https:\/\/gadgettravellers.eu\/it\/wp-json\/wp\/v2\/product"}],"about":[{"href":"https:\/\/gadgettravellers.eu\/it\/wp-json\/wp\/v2\/types\/product"}],"replies":[{"embeddable":true,"href":"https:\/\/gadgettravellers.eu\/it\/wp-json\/wp\/v2\/comments?post=5317239"}],"wp:featuredmedia":[{"embeddable":true,"href":"https:\/\/gadgettravellers.eu\/it\/wp-json\/wp\/v2\/media\/5181845"}],"wp:attachment":[{"href":"https:\/\/gadgettravellers.eu\/it\/wp-json\/wp\/v2\/media?parent=5317239"}],"wp:term":[{"taxonomy":"product_brand","embeddable":true,"href":"https:\/\/gadgettravellers.eu\/it\/wp-json\/wp\/v2\/product_brand?post=5317239"},{"taxonomy":"product_cat","embeddable":true,"href":"https:\/\/gadgettravellers.eu\/it\/wp-json\/wp\/v2\/product_cat?post=5317239"},{"taxonomy":"product_tag","embeddable":true,"href":"https:\/\/gadgettravellers.eu\/it\/wp-json\/wp\/v2\/product_tag?post=5317239"}],"curies":[{"name":"wp","href":"https:\/\/api.w.org\/{rel}","templated":true}]}}