{"id":5317240,"date":"2026-01-19T14:49:22","date_gmt":"2026-01-19T12:49:22","guid":{"rendered":"https:\/\/gadgettravellers.eu\/shop\/ceramico-ag-basilio-alberello-con-led-23x14-5x12-5cm-xmasfest-1132263\/"},"modified":"2026-04-22T22:53:36","modified_gmt":"2026-04-22T20:53:36","slug":"ceramico-ag-basilio-alberello-con-led-23x14-5x12-5cm-xmasfest-1132263","status":"publish","type":"product","link":"https:\/\/gadgettravellers.eu\/it\/shop\/ceramico-ag-basilio-alberello-con-led-23x14-5x12-5cm-xmasfest-1132263\/","title":{"rendered":"Ceramico ag. Basilio Alberello con LED 23&#215;14.5&#215;12.5cm Xmasfest 1132263"},"content":{"rendered":"<p>LED 23&#215;14.5&#215;12.5cm<\/p>\n<div class='aiseo-faq-section' style='margin-top:30px; border-top:1px solid #eee; padding-top:20px;'>\n<h3>Domande Frequenti<\/h3>\n<details style='margin-bottom:10px; padding:10px; background:#f9f9f9; border-radius:5px;'>\n<summary style='font-weight:bold; cursor:pointer;'>Quali sono le dimensioni del prodotto?<\/summary>\n<div style='margin-top:10px; color:#555;'>23 x 14.5 x 12.5 cm.<\/div>\n<\/details>\n<details style='margin-bottom:10px; padding:10px; background:#f9f9f9; border-radius:5px;'>\n<summary style='font-weight:bold; cursor:pointer;'>Di che materiale \u00e8 fatto Babbo Natale?<\/summary>\n<div style='margin-top:10px; color:#555;'>Kerameikos.<\/div>\n<\/details>\n<details style='margin-bottom:10px; padding:10px; background:#f9f9f9; border-radius:5px;'>\n<summary style='font-weight:bold; cursor:pointer;'>Ha l&#8217;illuminazione?<\/summary>\n<div style='margin-top:10px; color:#555;'>S\u00ec, ha un LED integrato.<\/div>\n<\/details>\n<details style='margin-bottom:10px; padding:10px; background:#f9f9f9; border-radius:5px;'>\n<summary style='font-weight:bold; cursor:pointer;'>Dove pu\u00f2 essere posizionato questo ornamento?<\/summary>\n<div style='margin-top:10px; color:#555;'>Ideale per la decorazione natalizia di tavoli, scaffali o vetrine.<\/div>\n<\/details>\n<\/div>\n","protected":false},"excerpt":{"rendered":"<p>LED 23&#215;14.5&#215;12.5cm Domande Frequenti Quali sono le dimensioni del prodotto? 23 x 14.5 x 12.5 cm. Di che materiale \u00e8 fatto Babbo Natale? Kerameikos. Ha l&#8217;illuminazione? S\u00ec, ha un LED integrato. Dove pu\u00f2 essere posizionato questo ornamento? Ideale per la decorazione natalizia di tavoli, scaffali o vetrine.<\/p>\n","protected":false},"featured_media":5181853,"comment_status":"closed","ping_status":"open","template":"","meta":[],"product_brand":[],"product_cat":[],"product_tag":[15],"class_list":{"0":"post-5317240","1":"product","2":"type-product","3":"status-publish","4":"has-post-thumbnail","6":"product_tag-uncategorized","8":"first","9":"onbackorder","10":"purchasable","11":"product-type-simple"},"jetpack_sharing_enabled":true,"_links":{"self":[{"href":"https:\/\/gadgettravellers.eu\/it\/wp-json\/wp\/v2\/product\/5317240","targetHints":{"allow":["GET"]}}],"collection":[{"href":"https:\/\/gadgettravellers.eu\/it\/wp-json\/wp\/v2\/product"}],"about":[{"href":"https:\/\/gadgettravellers.eu\/it\/wp-json\/wp\/v2\/types\/product"}],"replies":[{"embeddable":true,"href":"https:\/\/gadgettravellers.eu\/it\/wp-json\/wp\/v2\/comments?post=5317240"}],"wp:featuredmedia":[{"embeddable":true,"href":"https:\/\/gadgettravellers.eu\/it\/wp-json\/wp\/v2\/media\/5181853"}],"wp:attachment":[{"href":"https:\/\/gadgettravellers.eu\/it\/wp-json\/wp\/v2\/media?parent=5317240"}],"wp:term":[{"taxonomy":"product_brand","embeddable":true,"href":"https:\/\/gadgettravellers.eu\/it\/wp-json\/wp\/v2\/product_brand?post=5317240"},{"taxonomy":"product_cat","embeddable":true,"href":"https:\/\/gadgettravellers.eu\/it\/wp-json\/wp\/v2\/product_cat?post=5317240"},{"taxonomy":"product_tag","embeddable":true,"href":"https:\/\/gadgettravellers.eu\/it\/wp-json\/wp\/v2\/product_tag?post=5317240"}],"curies":[{"name":"wp","href":"https:\/\/api.w.org\/{rel}","templated":true}]}}