{"id":5317242,"date":"2026-01-19T14:49:23","date_gmt":"2026-01-19T12:49:23","guid":{"rendered":"https:\/\/gadgettravellers.eu\/shop\/candeliere-in-ceramica-pupazzo-di-neve-205x14x75cm-xmasfest-1132267\/"},"modified":"2026-04-22T22:53:37","modified_gmt":"2026-04-22T20:53:37","slug":"candeliere-in-ceramica-pupazzo-di-neve-205x14x75cm-xmasfest-1132267","status":"publish","type":"product","link":"https:\/\/gadgettravellers.eu\/it\/shop\/candeliere-in-ceramica-pupazzo-di-neve-205x14x75cm-xmasfest-1132267\/","title":{"rendered":"Candeliere in ceramica Pupazzo di neve 20,5x14x7,5cm Xmasfest 1132267"},"content":{"rendered":"<p>Portacandele in ceramica 20,5x14x7,5cm<\/p>\n<div class='aiseo-faq-section' style='margin-top:30px; border-top:1px solid #eee; padding-top:20px;'>\n<h3>Domande Frequenti<\/h3>\n<details style='margin-bottom:10px; padding:10px; background:#f9f9f9; border-radius:5px;'>\n<summary style='font-weight:bold; cursor:pointer;'>Di che materiale \u00e8 fatto il portacandele?<\/summary>\n<div style='margin-top:10px; color:#555;'>\u00c8 realizzato in materiale ceramico.<\/div>\n<\/details>\n<details style='margin-bottom:10px; padding:10px; background:#f9f9f9; border-radius:5px;'>\n<summary style='font-weight:bold; cursor:pointer;'>Quali sono le dimensioni del prodotto?<\/summary>\n<div style='margin-top:10px; color:#555;'>Le dimensioni sono 20,5 x 14 x 7,5 cm.<\/div>\n<\/details>\n<details style='margin-bottom:10px; padding:10px; background:#f9f9f9; border-radius:5px;'>\n<summary style='font-weight:bold; cursor:pointer;'>In quale ambiente \u00e8 destinato il prodotto?<\/summary>\n<div style='margin-top:10px; color:#555;'>\u00c8 adatto per uso interno.<\/div>\n<\/details>\n<details style='margin-bottom:10px; padding:10px; background:#f9f9f9; border-radius:5px;'>\n<summary style='font-weight:bold; cursor:pointer;'>Pu\u00f2 essere usato come regalo?<\/summary>\n<div style='margin-top:10px; color:#555;'>S\u00ec, \u00e8 ideale come regalo originale per Natale.<\/div>\n<\/details>\n<\/div>\n","protected":false},"excerpt":{"rendered":"<p>Portacandele in ceramica 20,5x14x7,5cm Domande Frequenti Di che materiale \u00e8 fatto il portacandele? \u00c8 realizzato in materiale ceramico. Quali sono le dimensioni del prodotto? Le dimensioni sono 20,5 x 14 x 7,5 cm. In quale ambiente \u00e8 destinato il prodotto? \u00c8 adatto per uso interno. Pu\u00f2 essere usato come regalo? S\u00ec, \u00e8 ideale come regalo [&hellip;]<\/p>\n","protected":false},"featured_media":5181861,"comment_status":"closed","ping_status":"open","template":"","meta":[],"product_brand":[],"product_cat":[],"product_tag":[15],"class_list":{"0":"post-5317242","1":"product","2":"type-product","3":"status-publish","4":"has-post-thumbnail","6":"product_tag-uncategorized","8":"first","9":"onbackorder","10":"purchasable","11":"product-type-simple"},"jetpack_sharing_enabled":true,"_links":{"self":[{"href":"https:\/\/gadgettravellers.eu\/it\/wp-json\/wp\/v2\/product\/5317242","targetHints":{"allow":["GET"]}}],"collection":[{"href":"https:\/\/gadgettravellers.eu\/it\/wp-json\/wp\/v2\/product"}],"about":[{"href":"https:\/\/gadgettravellers.eu\/it\/wp-json\/wp\/v2\/types\/product"}],"replies":[{"embeddable":true,"href":"https:\/\/gadgettravellers.eu\/it\/wp-json\/wp\/v2\/comments?post=5317242"}],"wp:featuredmedia":[{"embeddable":true,"href":"https:\/\/gadgettravellers.eu\/it\/wp-json\/wp\/v2\/media\/5181861"}],"wp:attachment":[{"href":"https:\/\/gadgettravellers.eu\/it\/wp-json\/wp\/v2\/media?parent=5317242"}],"wp:term":[{"taxonomy":"product_brand","embeddable":true,"href":"https:\/\/gadgettravellers.eu\/it\/wp-json\/wp\/v2\/product_brand?post=5317242"},{"taxonomy":"product_cat","embeddable":true,"href":"https:\/\/gadgettravellers.eu\/it\/wp-json\/wp\/v2\/product_cat?post=5317242"},{"taxonomy":"product_tag","embeddable":true,"href":"https:\/\/gadgettravellers.eu\/it\/wp-json\/wp\/v2\/product_tag?post=5317242"}],"curies":[{"name":"wp","href":"https:\/\/api.w.org\/{rel}","templated":true}]}}