{"id":5317243,"date":"2026-01-19T14:49:24","date_gmt":"2026-01-19T12:49:24","guid":{"rendered":"https:\/\/gadgettravellers.eu\/shop\/portacandele-in-ceramica-babbo-natale-18x105x9cm-xmasfest-1132266\/"},"modified":"2026-04-22T22:53:37","modified_gmt":"2026-04-22T20:53:37","slug":"portacandele-in-ceramica-babbo-natale-18x105x9cm-xmasfest-1132266","status":"publish","type":"product","link":"https:\/\/gadgettravellers.eu\/it\/shop\/portacandele-in-ceramica-babbo-natale-18x105x9cm-xmasfest-1132266\/","title":{"rendered":"Portacandele in ceramica Babbo Natale 18&#215;10,5x9cm Xmasfest 1132266"},"content":{"rendered":"<p>Candelabro in ceramica 18&#215;10,5x9cm<\/p>\n<div class='aiseo-faq-section' style='margin-top:30px; border-top:1px solid #eee; padding-top:20px;'>\n<h3>Domande Frequenti<\/h3>\n<details style='margin-bottom:10px; padding:10px; background:#f9f9f9; border-radius:5px;'>\n<summary style='font-weight:bold; cursor:pointer;'>Quali sono le dimensioni del prodotto?<\/summary>\n<div style='margin-top:10px; color:#555;'>18&#215;10,5&#215;9 cm.<\/div>\n<\/details>\n<details style='margin-bottom:10px; padding:10px; background:#f9f9f9; border-radius:5px;'>\n<summary style='font-weight:bold; cursor:pointer;'>Di che materiale \u00e8 fatto?<\/summary>\n<div style='margin-top:10px; color:#555;'>In ceramica.<\/div>\n<\/details>\n<details style='margin-bottom:10px; padding:10px; background:#f9f9f9; border-radius:5px;'>\n<summary style='font-weight:bold; cursor:pointer;'>Per quale tipo di candele \u00e8 adatto?<\/summary>\n<div style='margin-top:10px; color:#555;'>Adatto per tealight e piccole candele.<\/div>\n<\/details>\n<details style='margin-bottom:10px; padding:10px; background:#f9f9f9; border-radius:5px;'>\n<summary style='font-weight:bold; cursor:pointer;'>Pu\u00f2 essere usato come regalo?<\/summary>\n<div style='margin-top:10px; color:#555;'>S\u00ec, \u00e8 ideale come regalo di Natale.<\/div>\n<\/details>\n<\/div>\n","protected":false},"excerpt":{"rendered":"<p>Candelabro in ceramica 18&#215;10,5x9cm Domande Frequenti Quali sono le dimensioni del prodotto? 18&#215;10,5&#215;9 cm. Di che materiale \u00e8 fatto? In ceramica. Per quale tipo di candele \u00e8 adatto? Adatto per tealight e piccole candele. Pu\u00f2 essere usato come regalo? S\u00ec, \u00e8 ideale come regalo di Natale.<\/p>\n","protected":false},"featured_media":5181857,"comment_status":"closed","ping_status":"open","template":"","meta":[],"product_brand":[],"product_cat":[],"product_tag":[15],"class_list":{"0":"post-5317243","1":"product","2":"type-product","3":"status-publish","4":"has-post-thumbnail","6":"product_tag-uncategorized","8":"first","9":"onbackorder","10":"purchasable","11":"product-type-simple"},"jetpack_sharing_enabled":true,"_links":{"self":[{"href":"https:\/\/gadgettravellers.eu\/it\/wp-json\/wp\/v2\/product\/5317243","targetHints":{"allow":["GET"]}}],"collection":[{"href":"https:\/\/gadgettravellers.eu\/it\/wp-json\/wp\/v2\/product"}],"about":[{"href":"https:\/\/gadgettravellers.eu\/it\/wp-json\/wp\/v2\/types\/product"}],"replies":[{"embeddable":true,"href":"https:\/\/gadgettravellers.eu\/it\/wp-json\/wp\/v2\/comments?post=5317243"}],"wp:featuredmedia":[{"embeddable":true,"href":"https:\/\/gadgettravellers.eu\/it\/wp-json\/wp\/v2\/media\/5181857"}],"wp:attachment":[{"href":"https:\/\/gadgettravellers.eu\/it\/wp-json\/wp\/v2\/media?parent=5317243"}],"wp:term":[{"taxonomy":"product_brand","embeddable":true,"href":"https:\/\/gadgettravellers.eu\/it\/wp-json\/wp\/v2\/product_brand?post=5317243"},{"taxonomy":"product_cat","embeddable":true,"href":"https:\/\/gadgettravellers.eu\/it\/wp-json\/wp\/v2\/product_cat?post=5317243"},{"taxonomy":"product_tag","embeddable":true,"href":"https:\/\/gadgettravellers.eu\/it\/wp-json\/wp\/v2\/product_tag?post=5317243"}],"curies":[{"name":"wp","href":"https:\/\/api.w.org\/{rel}","templated":true}]}}