{"id":5317244,"date":"2026-01-19T14:49:25","date_gmt":"2026-01-19T12:49:25","guid":{"rendered":"https:\/\/gadgettravellers.eu\/shop\/portacandele-in-ceramica-albero-di-natale-17x13x13cm-xmasfest-1132269\/"},"modified":"2026-04-22T22:53:38","modified_gmt":"2026-04-22T20:53:38","slug":"portacandele-in-ceramica-albero-di-natale-17x13x13cm-xmasfest-1132269","status":"publish","type":"product","link":"https:\/\/gadgettravellers.eu\/it\/shop\/portacandele-in-ceramica-albero-di-natale-17x13x13cm-xmasfest-1132269\/","title":{"rendered":"Portacandele in ceramica Albero di Natale 17x13x13cm Xmasfest 1132269"},"content":{"rendered":"<p>Portacandele in ceramica 17x13x13cm<\/p>\n<div class='aiseo-faq-section' style='margin-top:30px; border-top:1px solid #eee; padding-top:20px;'>\n<h3>Domande Frequenti<\/h3>\n<details style='margin-bottom:10px; padding:10px; background:#f9f9f9; border-radius:5px;'>\n<summary style='font-weight:bold; cursor:pointer;'>Quali sono le dimensioni del prodotto?<\/summary>\n<div style='margin-top:10px; color:#555;'>17x13x13 cm.<\/div>\n<\/details>\n<details style='margin-bottom:10px; padding:10px; background:#f9f9f9; border-radius:5px;'>\n<summary style='font-weight:bold; cursor:pointer;'>Di che materiale \u00e8 fatto?<\/summary>\n<div style='margin-top:10px; color:#555;'>\u00c8 in ceramica.<\/div>\n<\/details>\n<details style='margin-bottom:10px; padding:10px; background:#f9f9f9; border-radius:5px;'>\n<summary style='font-weight:bold; cursor:pointer;'>Dove si consiglia di posizionarlo?<\/summary>\n<div style='margin-top:10px; color:#555;'>Ideale per decorare il tavolo, la finestra o come piccolo regalo stagionale.<\/div>\n<\/details>\n<details style='margin-bottom:10px; padding:10px; background:#f9f9f9; border-radius:5px;'>\n<summary style='font-weight:bold; cursor:pointer;'>\u00c8 adatto come regalo?<\/summary>\n<div style='margin-top:10px; color:#555;'>S\u00ec, \u00e8 consigliato come piccolo regalo stagionale.<\/div>\n<\/details>\n<\/div>\n","protected":false},"excerpt":{"rendered":"<p>Portacandele in ceramica 17x13x13cm Domande Frequenti Quali sono le dimensioni del prodotto? 17x13x13 cm. Di che materiale \u00e8 fatto? \u00c8 in ceramica. Dove si consiglia di posizionarlo? Ideale per decorare il tavolo, la finestra o come piccolo regalo stagionale. \u00c8 adatto come regalo? S\u00ec, \u00e8 consigliato come piccolo regalo stagionale.<\/p>\n","protected":false},"featured_media":5181865,"comment_status":"closed","ping_status":"open","template":"","meta":[],"product_brand":[],"product_cat":[],"product_tag":[15],"class_list":{"0":"post-5317244","1":"product","2":"type-product","3":"status-publish","4":"has-post-thumbnail","6":"product_tag-uncategorized","8":"first","9":"onbackorder","10":"purchasable","11":"product-type-simple"},"jetpack_sharing_enabled":true,"_links":{"self":[{"href":"https:\/\/gadgettravellers.eu\/it\/wp-json\/wp\/v2\/product\/5317244","targetHints":{"allow":["GET"]}}],"collection":[{"href":"https:\/\/gadgettravellers.eu\/it\/wp-json\/wp\/v2\/product"}],"about":[{"href":"https:\/\/gadgettravellers.eu\/it\/wp-json\/wp\/v2\/types\/product"}],"replies":[{"embeddable":true,"href":"https:\/\/gadgettravellers.eu\/it\/wp-json\/wp\/v2\/comments?post=5317244"}],"wp:featuredmedia":[{"embeddable":true,"href":"https:\/\/gadgettravellers.eu\/it\/wp-json\/wp\/v2\/media\/5181865"}],"wp:attachment":[{"href":"https:\/\/gadgettravellers.eu\/it\/wp-json\/wp\/v2\/media?parent=5317244"}],"wp:term":[{"taxonomy":"product_brand","embeddable":true,"href":"https:\/\/gadgettravellers.eu\/it\/wp-json\/wp\/v2\/product_brand?post=5317244"},{"taxonomy":"product_cat","embeddable":true,"href":"https:\/\/gadgettravellers.eu\/it\/wp-json\/wp\/v2\/product_cat?post=5317244"},{"taxonomy":"product_tag","embeddable":true,"href":"https:\/\/gadgettravellers.eu\/it\/wp-json\/wp\/v2\/product_tag?post=5317244"}],"curies":[{"name":"wp","href":"https:\/\/api.w.org\/{rel}","templated":true}]}}