{"id":5317245,"date":"2026-01-19T14:49:25","date_gmt":"2026-01-19T12:49:25","guid":{"rendered":"https:\/\/gadgettravellers.eu\/shop\/tovagliolo-da-tavola-xmas-piccolo-75x72cm-xmasfest-1132335\/"},"modified":"2026-04-22T22:53:38","modified_gmt":"2026-04-22T20:53:38","slug":"tovagliolo-da-tavola-xmas-piccolo-75x72cm-xmasfest-1132335","status":"publish","type":"product","link":"https:\/\/gadgettravellers.eu\/it\/shop\/tovagliolo-da-tavola-xmas-piccolo-75x72cm-xmasfest-1132335\/","title":{"rendered":"Tovagliolo da tavola Xmas Piccolo 75x72cm Xmasfest 1132335"},"content":{"rendered":"<p>Tovaglia di stoffa 75x72cm<\/p>\n<div class='aiseo-faq-section' style='margin-top:30px; border-top:1px solid #eee; padding-top:20px;'>\n<h3>Domande Frequenti<\/h3>\n<details style='margin-bottom:10px; padding:10px; background:#f9f9f9; border-radius:5px;'>\n<summary style='font-weight:bold; cursor:pointer;'>Di che materiale \u00e8 la tovaglia?<\/summary>\n<div style='margin-top:10px; color:#555;'>Nella descrizione si afferma che \u00e8 una tovaglia di stoffa.<\/div>\n<\/details>\n<details style='margin-bottom:10px; padding:10px; background:#f9f9f9; border-radius:5px;'>\n<summary style='font-weight:bold; cursor:pointer;'>Quali sono le sue dimensioni?<\/summary>\n<div style='margin-top:10px; color:#555;'>Le dimensioni sono 75x72cm.<\/div>\n<\/details>\n<details style='margin-bottom:10px; padding:10px; background:#f9f9f9; border-radius:5px;'>\n<summary style='font-weight:bold; cursor:pointer;'>\u00c8 adatto per tavoli piccoli?<\/summary>\n<div style='margin-top:10px; color:#555;'>S\u00ec, \u00e8 progettato per tavoli piccoli.<\/div>\n<\/details>\n<details style='margin-bottom:10px; padding:10px; background:#f9f9f9; border-radius:5px;'>\n<summary style='font-weight:bold; cursor:pointer;'>\u00c8 riutilizzabile e facile da installare?<\/summary>\n<div style='margin-top:10px; color:#555;'>S\u00ec, \u00e8 riutilizzabile e facile da posizionare, aggiungendo un&#8217;atmosfera festiva.<\/div>\n<\/details>\n<\/div>\n","protected":false},"excerpt":{"rendered":"<p>Tovaglia di stoffa 75x72cm Domande Frequenti Di che materiale \u00e8 la tovaglia? Nella descrizione si afferma che \u00e8 una tovaglia di stoffa. Quali sono le sue dimensioni? Le dimensioni sono 75x72cm. \u00c8 adatto per tavoli piccoli? S\u00ec, \u00e8 progettato per tavoli piccoli. \u00c8 riutilizzabile e facile da installare? S\u00ec, \u00e8 riutilizzabile e facile da posizionare, [&hellip;]<\/p>\n","protected":false},"featured_media":5181873,"comment_status":"closed","ping_status":"open","template":"","meta":[],"product_brand":[],"product_cat":[],"product_tag":[15],"class_list":{"0":"post-5317245","1":"product","2":"type-product","3":"status-publish","4":"has-post-thumbnail","6":"product_tag-uncategorized","8":"first","9":"onbackorder","10":"purchasable","11":"product-type-simple"},"jetpack_sharing_enabled":true,"_links":{"self":[{"href":"https:\/\/gadgettravellers.eu\/it\/wp-json\/wp\/v2\/product\/5317245","targetHints":{"allow":["GET"]}}],"collection":[{"href":"https:\/\/gadgettravellers.eu\/it\/wp-json\/wp\/v2\/product"}],"about":[{"href":"https:\/\/gadgettravellers.eu\/it\/wp-json\/wp\/v2\/types\/product"}],"replies":[{"embeddable":true,"href":"https:\/\/gadgettravellers.eu\/it\/wp-json\/wp\/v2\/comments?post=5317245"}],"wp:featuredmedia":[{"embeddable":true,"href":"https:\/\/gadgettravellers.eu\/it\/wp-json\/wp\/v2\/media\/5181873"}],"wp:attachment":[{"href":"https:\/\/gadgettravellers.eu\/it\/wp-json\/wp\/v2\/media?parent=5317245"}],"wp:term":[{"taxonomy":"product_brand","embeddable":true,"href":"https:\/\/gadgettravellers.eu\/it\/wp-json\/wp\/v2\/product_brand?post=5317245"},{"taxonomy":"product_cat","embeddable":true,"href":"https:\/\/gadgettravellers.eu\/it\/wp-json\/wp\/v2\/product_cat?post=5317245"},{"taxonomy":"product_tag","embeddable":true,"href":"https:\/\/gadgettravellers.eu\/it\/wp-json\/wp\/v2\/product_tag?post=5317245"}],"curies":[{"name":"wp","href":"https:\/\/api.w.org\/{rel}","templated":true}]}}