{"id":5317247,"date":"2026-01-19T14:49:28","date_gmt":"2026-01-19T12:49:28","guid":{"rendered":"https:\/\/gadgettravellers.eu\/shop\/tovaglia-di-natale-grande-180x150cm-xmasfest-1132336\/"},"modified":"2026-04-22T22:53:40","modified_gmt":"2026-04-22T20:53:40","slug":"tovaglia-di-natale-grande-180x150cm-xmasfest-1132336","status":"publish","type":"product","link":"https:\/\/gadgettravellers.eu\/it\/shop\/tovaglia-di-natale-grande-180x150cm-xmasfest-1132336\/","title":{"rendered":"Tovaglia di Natale Grande 180x150cm Xmasfest 1132336"},"content":{"rendered":"<p>Tovaglia di stoffa 180x150cm<\/p>\n<div class='aiseo-faq-section' style='margin-top:30px; border-top:1px solid #eee; padding-top:20px;'>\n<h3>Domande Frequenti<\/h3>\n<details style='margin-bottom:10px; padding:10px; background:#f9f9f9; border-radius:5px;'>\n<summary style='font-weight:bold; cursor:pointer;'>Quali sono le dimensioni della tovaglia?<\/summary>\n<div style='margin-top:10px; color:#555;'>Le dimensioni sono 180&#215;150 cm.<\/div>\n<\/details>\n<details style='margin-bottom:10px; padding:10px; background:#f9f9f9; border-radius:5px;'>\n<summary style='font-weight:bold; cursor:pointer;'>Di che materiale \u00e8 fatto?<\/summary>\n<div style='margin-top:10px; color:#555;'>\u00c8 una tovaglia di stoffa.<\/div>\n<\/details>\n<details style='margin-bottom:10px; padding:10px; background:#f9f9f9; border-radius:5px;'>\n<summary style='font-weight:bold; cursor:pointer;'>\u00c8 adatto per le feste?<\/summary>\n<div style='margin-top:10px; color:#555;'>S\u00ec, ha un design festivo ed \u00e8 ideale per la decorazione della tavola durante le feste.<\/div>\n<\/details>\n<details style='margin-bottom:10px; padding:10px; background:#f9f9f9; border-radius:5px;'>\n<summary style='font-weight:bold; cursor:pointer;'>\u00c8 riutilizzabile e facile da curare?<\/summary>\n<div style='margin-top:10px; color:#555;'>S\u00ec, \u00e8 riutilizzabile e dichiarato facile da curare \u2014 seguite le istruzioni per la cura.<\/div>\n<\/details>\n<\/div>\n","protected":false},"excerpt":{"rendered":"<p>Tovaglia di stoffa 180x150cm Domande Frequenti Quali sono le dimensioni della tovaglia? Le dimensioni sono 180&#215;150 cm. Di che materiale \u00e8 fatto? \u00c8 una tovaglia di stoffa. \u00c8 adatto per le feste? S\u00ec, ha un design festivo ed \u00e8 ideale per la decorazione della tavola durante le feste. \u00c8 riutilizzabile e facile da curare? S\u00ec, [&hellip;]<\/p>\n","protected":false},"featured_media":5181880,"comment_status":"closed","ping_status":"open","template":"","meta":[],"product_brand":[],"product_cat":[],"product_tag":[15],"class_list":{"0":"post-5317247","1":"product","2":"type-product","3":"status-publish","4":"has-post-thumbnail","6":"product_tag-uncategorized","8":"first","9":"onbackorder","10":"purchasable","11":"product-type-simple"},"jetpack_sharing_enabled":true,"_links":{"self":[{"href":"https:\/\/gadgettravellers.eu\/it\/wp-json\/wp\/v2\/product\/5317247","targetHints":{"allow":["GET"]}}],"collection":[{"href":"https:\/\/gadgettravellers.eu\/it\/wp-json\/wp\/v2\/product"}],"about":[{"href":"https:\/\/gadgettravellers.eu\/it\/wp-json\/wp\/v2\/types\/product"}],"replies":[{"embeddable":true,"href":"https:\/\/gadgettravellers.eu\/it\/wp-json\/wp\/v2\/comments?post=5317247"}],"wp:featuredmedia":[{"embeddable":true,"href":"https:\/\/gadgettravellers.eu\/it\/wp-json\/wp\/v2\/media\/5181880"}],"wp:attachment":[{"href":"https:\/\/gadgettravellers.eu\/it\/wp-json\/wp\/v2\/media?parent=5317247"}],"wp:term":[{"taxonomy":"product_brand","embeddable":true,"href":"https:\/\/gadgettravellers.eu\/it\/wp-json\/wp\/v2\/product_brand?post=5317247"},{"taxonomy":"product_cat","embeddable":true,"href":"https:\/\/gadgettravellers.eu\/it\/wp-json\/wp\/v2\/product_cat?post=5317247"},{"taxonomy":"product_tag","embeddable":true,"href":"https:\/\/gadgettravellers.eu\/it\/wp-json\/wp\/v2\/product_tag?post=5317247"}],"curies":[{"name":"wp","href":"https:\/\/api.w.org\/{rel}","templated":true}]}}