{"id":5317248,"date":"2026-01-19T14:49:29","date_gmt":"2026-01-19T12:49:29","guid":{"rendered":"https:\/\/gadgettravellers.eu\/shop\/tovaglia-xmas-media-150x150cm-xmasfest-1132337\/"},"modified":"2026-04-22T22:53:40","modified_gmt":"2026-04-22T20:53:40","slug":"tovaglia-xmas-media-150x150cm-xmasfest-1132337","status":"publish","type":"product","link":"https:\/\/gadgettravellers.eu\/it\/shop\/tovaglia-xmas-media-150x150cm-xmasfest-1132337\/","title":{"rendered":"Tovaglia Xmas Media 150x150cm Xmasfest 1132337"},"content":{"rendered":"<p>Tovaglia di stoffa 150x150cm<\/p>\n<div class='aiseo-faq-section' style='margin-top:30px; border-top:1px solid #eee; padding-top:20px;'>\n<h3>Domande Frequenti<\/h3>\n<details style='margin-bottom:10px; padding:10px; background:#f9f9f9; border-radius:5px;'>\n<summary style='font-weight:bold; cursor:pointer;'>Qual \u00e8 la dimensione della tovaglia?<\/summary>\n<div style='margin-top:10px; color:#555;'>La dimensione \u00e8 150&#215;150 cm.<\/div>\n<\/details>\n<details style='margin-bottom:10px; padding:10px; background:#f9f9f9; border-radius:5px;'>\n<summary style='font-weight:bold; cursor:pointer;'>Di quale materiale \u00e8 fatto?<\/summary>\n<div style='margin-top:10px; color:#555;'>\u00c8 una tovaglia di stoffa.<\/div>\n<\/details>\n<details style='margin-bottom:10px; padding:10px; background:#f9f9f9; border-radius:5px;'>\n<summary style='font-weight:bold; cursor:pointer;'>Per che tipo di tavoli \u00e8 adatto?<\/summary>\n<div style='margin-top:10px; color:#555;'>La dimensione quadrata \u00e8 adatta per tavoli medi.<\/div>\n<\/details>\n<details style='margin-bottom:10px; padding:10px; background:#f9f9f9; border-radius:5px;'>\n<summary style='font-weight:bold; cursor:pointer;'>In quali circostanze si adatta?<\/summary>\n<div style='margin-top:10px; color:#555;'>Ideale per decorazioni natalizie, composizioni festive e usi multipli.<\/div>\n<\/details>\n<\/div>\n","protected":false},"excerpt":{"rendered":"<p>Tovaglia di stoffa 150x150cm Domande Frequenti Qual \u00e8 la dimensione della tovaglia? La dimensione \u00e8 150&#215;150 cm. Di quale materiale \u00e8 fatto? \u00c8 una tovaglia di stoffa. Per che tipo di tavoli \u00e8 adatto? La dimensione quadrata \u00e8 adatta per tavoli medi. In quali circostanze si adatta? Ideale per decorazioni natalizie, composizioni festive e usi [&hellip;]<\/p>\n","protected":false},"featured_media":5181887,"comment_status":"closed","ping_status":"open","template":"","meta":[],"product_brand":[],"product_cat":[],"product_tag":[15],"class_list":{"0":"post-5317248","1":"product","2":"type-product","3":"status-publish","4":"has-post-thumbnail","6":"product_tag-uncategorized","8":"first","9":"onbackorder","10":"purchasable","11":"product-type-simple"},"jetpack_sharing_enabled":true,"_links":{"self":[{"href":"https:\/\/gadgettravellers.eu\/it\/wp-json\/wp\/v2\/product\/5317248","targetHints":{"allow":["GET"]}}],"collection":[{"href":"https:\/\/gadgettravellers.eu\/it\/wp-json\/wp\/v2\/product"}],"about":[{"href":"https:\/\/gadgettravellers.eu\/it\/wp-json\/wp\/v2\/types\/product"}],"replies":[{"embeddable":true,"href":"https:\/\/gadgettravellers.eu\/it\/wp-json\/wp\/v2\/comments?post=5317248"}],"wp:featuredmedia":[{"embeddable":true,"href":"https:\/\/gadgettravellers.eu\/it\/wp-json\/wp\/v2\/media\/5181887"}],"wp:attachment":[{"href":"https:\/\/gadgettravellers.eu\/it\/wp-json\/wp\/v2\/media?parent=5317248"}],"wp:term":[{"taxonomy":"product_brand","embeddable":true,"href":"https:\/\/gadgettravellers.eu\/it\/wp-json\/wp\/v2\/product_brand?post=5317248"},{"taxonomy":"product_cat","embeddable":true,"href":"https:\/\/gadgettravellers.eu\/it\/wp-json\/wp\/v2\/product_cat?post=5317248"},{"taxonomy":"product_tag","embeddable":true,"href":"https:\/\/gadgettravellers.eu\/it\/wp-json\/wp\/v2\/product_tag?post=5317248"}],"curies":[{"name":"wp","href":"https:\/\/api.w.org\/{rel}","templated":true}]}}