{"id":5317254,"date":"2026-01-19T14:49:34","date_gmt":"2026-01-19T12:49:34","guid":{"rendered":"https:\/\/gadgettravellers.eu\/shop\/bracciale-lastra-xmas-figura-21x8cm-xmasfest-1132346\/"},"modified":"2026-04-22T22:53:43","modified_gmt":"2026-04-22T20:53:43","slug":"bracciale-lastra-xmas-figura-21x8cm-xmasfest-1132346","status":"publish","type":"product","link":"https:\/\/gadgettravellers.eu\/it\/shop\/bracciale-lastra-xmas-figura-21x8cm-xmasfest-1132346\/","title":{"rendered":"Bracciale Lastra Xmas Figura 21x8cm Xmasfest 1132346"},"content":{"rendered":"<p>(bracciale a spirale) bracciale avvolgente al polso 21x8cm<\/p>\n<div class='aiseo-faq-section' style='margin-top:30px; border-top:1px solid #eee; padding-top:20px;'>\n<h3>Domande Frequenti<\/h3>\n<details style='margin-bottom:10px; padding:10px; background:#f9f9f9; border-radius:5px;'>\n<summary style='font-weight:bold; cursor:pointer;'>Quali sono le dimensioni del braccialetto?<\/summary>\n<div style='margin-top:10px; color:#555;'>Le dimensioni sono 21x8cm.<\/div>\n<\/details>\n<details style='margin-bottom:10px; padding:10px; background:#f9f9f9; border-radius:5px;'>\n<summary style='font-weight:bold; cursor:pointer;'>Come si indossa al polso?<\/summary>\n<div style='margin-top:10px; color:#555;'>Il braccialetto si avvolge facilmente intorno al polso.<\/div>\n<\/details>\n<details style='margin-bottom:10px; padding:10px; background:#f9f9f9; border-radius:5px;'>\n<summary style='font-weight:bold; cursor:pointer;'>Di che materiale \u00e8 fatto?<\/summary>\n<div style='margin-top:10px; color:#555;'>\u00c8 realizzato in lamiera, cio\u00e8 in sottile foglio metallico.<\/div>\n<\/details>\n<\/div>\n","protected":false},"excerpt":{"rendered":"<p>(bracciale a spirale) bracciale avvolgente al polso 21x8cm Domande Frequenti Quali sono le dimensioni del braccialetto? Le dimensioni sono 21x8cm. Come si indossa al polso? Il braccialetto si avvolge facilmente intorno al polso. Di che materiale \u00e8 fatto? \u00c8 realizzato in lamiera, cio\u00e8 in sottile foglio metallico.<\/p>\n","protected":false},"featured_media":5181894,"comment_status":"closed","ping_status":"open","template":"","meta":[],"product_brand":[],"product_cat":[],"product_tag":[15],"class_list":{"0":"post-5317254","1":"product","2":"type-product","3":"status-publish","4":"has-post-thumbnail","6":"product_tag-uncategorized","8":"first","9":"onbackorder","10":"purchasable","11":"product-type-simple"},"jetpack_sharing_enabled":true,"_links":{"self":[{"href":"https:\/\/gadgettravellers.eu\/it\/wp-json\/wp\/v2\/product\/5317254","targetHints":{"allow":["GET"]}}],"collection":[{"href":"https:\/\/gadgettravellers.eu\/it\/wp-json\/wp\/v2\/product"}],"about":[{"href":"https:\/\/gadgettravellers.eu\/it\/wp-json\/wp\/v2\/types\/product"}],"replies":[{"embeddable":true,"href":"https:\/\/gadgettravellers.eu\/it\/wp-json\/wp\/v2\/comments?post=5317254"}],"wp:featuredmedia":[{"embeddable":true,"href":"https:\/\/gadgettravellers.eu\/it\/wp-json\/wp\/v2\/media\/5181894"}],"wp:attachment":[{"href":"https:\/\/gadgettravellers.eu\/it\/wp-json\/wp\/v2\/media?parent=5317254"}],"wp:term":[{"taxonomy":"product_brand","embeddable":true,"href":"https:\/\/gadgettravellers.eu\/it\/wp-json\/wp\/v2\/product_brand?post=5317254"},{"taxonomy":"product_cat","embeddable":true,"href":"https:\/\/gadgettravellers.eu\/it\/wp-json\/wp\/v2\/product_cat?post=5317254"},{"taxonomy":"product_tag","embeddable":true,"href":"https:\/\/gadgettravellers.eu\/it\/wp-json\/wp\/v2\/product_tag?post=5317254"}],"curies":[{"name":"wp","href":"https:\/\/api.w.org\/{rel}","templated":true}]}}