{"id":5317259,"date":"2026-01-19T14:49:37","date_gmt":"2026-01-19T12:49:37","guid":{"rendered":"https:\/\/gadgettravellers.eu\/shop\/100-luci-led-blu-in-serie-con-programmi-ip44-82m-8m-xmasfest-1132395\/"},"modified":"2026-04-22T22:53:45","modified_gmt":"2026-04-22T20:53:45","slug":"100-luci-led-blu-in-serie-con-programmi-ip44-82m-8m-xmasfest-1132395","status":"publish","type":"product","link":"https:\/\/gadgettravellers.eu\/it\/shop\/100-luci-led-blu-in-serie-con-programmi-ip44-82m-8m-xmasfest-1132395\/","title":{"rendered":"100 Luci LED Blu in Serie con Programmi Ip44 8,2m 8m Xmasfest 1132395"},"content":{"rendered":"<p>100 LED blu con controller a 8 programmi. Per uso esterno e interno. Con cavo verde. Include il trasformatore IP44 8m<\/p>\n<div class='aiseo-faq-section' style='margin-top:30px; border-top:1px solid #eee; padding-top:20px;'>\n<h3>Domande Frequenti<\/h3>\n<details style='margin-bottom:10px; padding:10px; background:#f9f9f9; border-radius:5px;'>\n<summary style='font-weight:bold; cursor:pointer;'>Sono adatti per uso esterno?<\/summary>\n<div style='margin-top:10px; color:#555;'>S\u00ec, sono adatti per uso esterno e interno e hanno un grado di protezione IP44.<\/div>\n<\/details>\n<details style='margin-bottom:10px; padding:10px; background:#f9f9f9; border-radius:5px;'>\n<summary style='font-weight:bold; cursor:pointer;'>Quanti LED ha la serie?<\/summary>\n<div style='margin-top:10px; color:#555;'>La serie include 100 LED blu.<\/div>\n<\/details>\n<details style='margin-bottom:10px; padding:10px; background:#f9f9f9; border-radius:5px;'>\n<summary style='font-weight:bold; cursor:pointer;'>Quanti programmi offre il controller?<\/summary>\n<div style='margin-top:10px; color:#555;'>Il controller dispone di 8 programmi.<\/div>\n<\/details>\n<details style='margin-bottom:10px; padding:10px; background:#f9f9f9; border-radius:5px;'>\n<summary style='font-weight:bold; cursor:pointer;'>\u00c8 incluso un trasformatore e qual \u00e8 la lunghezza del cavo?<\/summary>\n<div style='margin-top:10px; color:#555;'>S\u00ec, \u00e8 incluso un trasformatore IP44 e il cavo \u00e8 lungo 8 metri.<\/div>\n<\/details>\n<\/div>\n","protected":false},"excerpt":{"rendered":"<p>100 LED blu con controller a 8 programmi. Per uso esterno e interno. Con cavo verde. Include il trasformatore IP44 8m Domande Frequenti Sono adatti per uso esterno? S\u00ec, sono adatti per uso esterno e interno e hanno un grado di protezione IP44. Quanti LED ha la serie? La serie include 100 LED blu. Quanti [&hellip;]<\/p>\n","protected":false},"featured_media":5181940,"comment_status":"closed","ping_status":"open","template":"","meta":[],"product_brand":[],"product_cat":[],"product_tag":[15],"class_list":{"0":"post-5317259","1":"product","2":"type-product","3":"status-publish","4":"has-post-thumbnail","6":"product_tag-uncategorized","8":"first","9":"onbackorder","10":"purchasable","11":"product-type-simple"},"jetpack_sharing_enabled":true,"_links":{"self":[{"href":"https:\/\/gadgettravellers.eu\/it\/wp-json\/wp\/v2\/product\/5317259","targetHints":{"allow":["GET"]}}],"collection":[{"href":"https:\/\/gadgettravellers.eu\/it\/wp-json\/wp\/v2\/product"}],"about":[{"href":"https:\/\/gadgettravellers.eu\/it\/wp-json\/wp\/v2\/types\/product"}],"replies":[{"embeddable":true,"href":"https:\/\/gadgettravellers.eu\/it\/wp-json\/wp\/v2\/comments?post=5317259"}],"wp:featuredmedia":[{"embeddable":true,"href":"https:\/\/gadgettravellers.eu\/it\/wp-json\/wp\/v2\/media\/5181940"}],"wp:attachment":[{"href":"https:\/\/gadgettravellers.eu\/it\/wp-json\/wp\/v2\/media?parent=5317259"}],"wp:term":[{"taxonomy":"product_brand","embeddable":true,"href":"https:\/\/gadgettravellers.eu\/it\/wp-json\/wp\/v2\/product_brand?post=5317259"},{"taxonomy":"product_cat","embeddable":true,"href":"https:\/\/gadgettravellers.eu\/it\/wp-json\/wp\/v2\/product_cat?post=5317259"},{"taxonomy":"product_tag","embeddable":true,"href":"https:\/\/gadgettravellers.eu\/it\/wp-json\/wp\/v2\/product_tag?post=5317259"}],"curies":[{"name":"wp","href":"https:\/\/api.w.org\/{rel}","templated":true}]}}