{"id":5317262,"date":"2026-01-19T14:49:40","date_gmt":"2026-01-19T12:49:40","guid":{"rendered":"https:\/\/gadgettravellers.eu\/shop\/alberello-mezzo-appeso-decorato-con-vischio-50cm-xmasfest-1132409\/"},"modified":"2026-04-22T22:53:46","modified_gmt":"2026-04-22T20:53:46","slug":"alberello-mezzo-appeso-decorato-con-vischio-50cm-xmasfest-1132409","status":"publish","type":"product","link":"https:\/\/gadgettravellers.eu\/it\/shop\/alberello-mezzo-appeso-decorato-con-vischio-50cm-xmasfest-1132409\/","title":{"rendered":"Alberello Mezzo Appeso Decorato con vischio 50cm Xmasfest 1132409"},"content":{"rendered":"<p>Mezza albero da parete appeso 50cm<\/p>\n<div class='aiseo-faq-section' style='margin-top:30px; border-top:1px solid #eee; padding-top:20px;'>\n<h3>Domande Frequenti<\/h3>\n<details style='margin-bottom:10px; padding:10px; background:#f9f9f9; border-radius:5px;'>\n<summary style='font-weight:bold; cursor:pointer;'>In quali ambienti si adatta questo alberello?<\/summary>\n<div style='margin-top:10px; color:#555;'>Ideale per pareti, porte e piccoli spazi dove non c&#8217;\u00e8 spazio per un albero intero.<\/div>\n<\/details>\n<details style='margin-bottom:10px; padding:10px; background:#f9f9f9; border-radius:5px;'>\n<summary style='font-weight:bold; cursor:pointer;'>Qual \u00e8 la dimensione dell&#8217;albero?<\/summary>\n<div style='margin-top:10px; color:#555;'>L&#8217;altezza \u00e8 di 50 cm.<\/div>\n<\/details>\n<details style='margin-bottom:10px; padding:10px; background:#f9f9f9; border-radius:5px;'>\n<summary style='font-weight:bold; cursor:pointer;'>Ha gi\u00e0 decorazioni o devo decorarlo?<\/summary>\n<div style='margin-top:10px; color:#555;'>\u00c8 decorato con agrifoglio ed \u00e8 pronto per l&#8217;uso immediato.<\/div>\n<\/details>\n<details style='margin-bottom:10px; padding:10px; background:#f9f9f9; border-radius:5px;'>\n<summary style='font-weight:bold; cursor:pointer;'>Il metodo di installazione \u00e8 complicato?<\/summary>\n<div style='margin-top:10px; color:#555;'>\u00c8 sospeso e la sua installazione \u00e8 facile.<\/div>\n<\/details>\n<\/div>\n","protected":false},"excerpt":{"rendered":"<p>Mezza albero da parete appeso 50cm Domande Frequenti In quali ambienti si adatta questo alberello? Ideale per pareti, porte e piccoli spazi dove non c&#8217;\u00e8 spazio per un albero intero. Qual \u00e8 la dimensione dell&#8217;albero? L&#8217;altezza \u00e8 di 50 cm. Ha gi\u00e0 decorazioni o devo decorarlo? \u00c8 decorato con agrifoglio ed \u00e8 pronto per l&#8217;uso [&hellip;]<\/p>\n","protected":false},"featured_media":5181953,"comment_status":"closed","ping_status":"open","template":"","meta":[],"product_brand":[],"product_cat":[],"product_tag":[15],"class_list":{"0":"post-5317262","1":"product","2":"type-product","3":"status-publish","4":"has-post-thumbnail","6":"product_tag-uncategorized","8":"first","9":"onbackorder","10":"purchasable","11":"product-type-simple"},"jetpack_sharing_enabled":true,"_links":{"self":[{"href":"https:\/\/gadgettravellers.eu\/it\/wp-json\/wp\/v2\/product\/5317262","targetHints":{"allow":["GET"]}}],"collection":[{"href":"https:\/\/gadgettravellers.eu\/it\/wp-json\/wp\/v2\/product"}],"about":[{"href":"https:\/\/gadgettravellers.eu\/it\/wp-json\/wp\/v2\/types\/product"}],"replies":[{"embeddable":true,"href":"https:\/\/gadgettravellers.eu\/it\/wp-json\/wp\/v2\/comments?post=5317262"}],"wp:featuredmedia":[{"embeddable":true,"href":"https:\/\/gadgettravellers.eu\/it\/wp-json\/wp\/v2\/media\/5181953"}],"wp:attachment":[{"href":"https:\/\/gadgettravellers.eu\/it\/wp-json\/wp\/v2\/media?parent=5317262"}],"wp:term":[{"taxonomy":"product_brand","embeddable":true,"href":"https:\/\/gadgettravellers.eu\/it\/wp-json\/wp\/v2\/product_brand?post=5317262"},{"taxonomy":"product_cat","embeddable":true,"href":"https:\/\/gadgettravellers.eu\/it\/wp-json\/wp\/v2\/product_cat?post=5317262"},{"taxonomy":"product_tag","embeddable":true,"href":"https:\/\/gadgettravellers.eu\/it\/wp-json\/wp\/v2\/product_tag?post=5317262"}],"curies":[{"name":"wp","href":"https:\/\/api.w.org\/{rel}","templated":true}]}}