{"id":5317263,"date":"2026-01-19T14:49:40","date_gmt":"2026-01-19T12:49:40","guid":{"rendered":"https:\/\/gadgettravellers.eu\/shop\/specchio-a-forma-di-stella-con-33-led-18x16x7cm-xmasfest-1132405\/"},"modified":"2026-04-22T22:53:47","modified_gmt":"2026-04-22T20:53:47","slug":"specchio-a-forma-di-stella-con-33-led-18x16x7cm-xmasfest-1132405","status":"publish","type":"product","link":"https:\/\/gadgettravellers.eu\/it\/shop\/specchio-a-forma-di-stella-con-33-led-18x16x7cm-xmasfest-1132405\/","title":{"rendered":"Specchio a forma di stella con 33 led 18x16x7cm Xmasfest 1132405"},"content":{"rendered":"<p>Con 33 LED a batteria. Illuminazione fissa. Materiale: specchio, plastica 18x16x7cm<\/p>\n<div class='aiseo-faq-section' style='margin-top:30px; border-top:1px solid #eee; padding-top:20px;'>\n<h3>Domande Frequenti<\/h3>\n<details style='margin-bottom:10px; padding:10px; background:#f9f9f9; border-radius:5px;'>\n<summary style='font-weight:bold; cursor:pointer;'>Quanti LED ha il prodotto?<\/summary>\n<div style='margin-top:10px; color:#555;'>Dispone di 33 LED.<\/div>\n<\/details>\n<details style='margin-bottom:10px; padding:10px; background:#f9f9f9; border-radius:5px;'>\n<summary style='font-weight:bold; cursor:pointer;'>Con cosa \u00e8 alimentata la lampada?<\/summary>\n<div style='margin-top:10px; color:#555;'>Funziona a batterie.<\/div>\n<\/details>\n<details style='margin-bottom:10px; padding:10px; background:#f9f9f9; border-radius:5px;'>\n<summary style='font-weight:bold; cursor:pointer;'>Di quale materiale \u00e8 fatto?<\/summary>\n<div style='margin-top:10px; color:#555;'>Realizzato in plastica con superficie a specchio.<\/div>\n<\/details>\n<details style='margin-bottom:10px; padding:10px; background:#f9f9f9; border-radius:5px;'>\n<summary style='font-weight:bold; cursor:pointer;'>Quali sono le dimensioni e a cosa \u00e8 destinato?<\/summary>\n<div style='margin-top:10px; color:#555;'>Dimensioni 18x16x7 cm, adatto come decorazione natalizia per interni.<\/div>\n<\/details>\n<\/div>\n","protected":false},"excerpt":{"rendered":"<p>Con 33 LED a batteria. Illuminazione fissa. Materiale: specchio, plastica 18x16x7cm Domande Frequenti Quanti LED ha il prodotto? Dispone di 33 LED. Con cosa \u00e8 alimentata la lampada? Funziona a batterie. Di quale materiale \u00e8 fatto? Realizzato in plastica con superficie a specchio. Quali sono le dimensioni e a cosa \u00e8 destinato? Dimensioni 18x16x7 cm, [&hellip;]<\/p>\n","protected":false},"featured_media":25822,"comment_status":"closed","ping_status":"open","template":"","meta":[],"product_brand":[],"product_cat":[],"product_tag":[15],"class_list":{"0":"post-5317263","1":"product","2":"type-product","3":"status-publish","4":"has-post-thumbnail","6":"product_tag-uncategorized","8":"first","9":"onbackorder","10":"purchasable","11":"product-type-simple"},"jetpack_sharing_enabled":true,"_links":{"self":[{"href":"https:\/\/gadgettravellers.eu\/it\/wp-json\/wp\/v2\/product\/5317263","targetHints":{"allow":["GET"]}}],"collection":[{"href":"https:\/\/gadgettravellers.eu\/it\/wp-json\/wp\/v2\/product"}],"about":[{"href":"https:\/\/gadgettravellers.eu\/it\/wp-json\/wp\/v2\/types\/product"}],"replies":[{"embeddable":true,"href":"https:\/\/gadgettravellers.eu\/it\/wp-json\/wp\/v2\/comments?post=5317263"}],"wp:featuredmedia":[{"embeddable":true,"href":"https:\/\/gadgettravellers.eu\/it\/wp-json\/wp\/v2\/media\/25822"}],"wp:attachment":[{"href":"https:\/\/gadgettravellers.eu\/it\/wp-json\/wp\/v2\/media?parent=5317263"}],"wp:term":[{"taxonomy":"product_brand","embeddable":true,"href":"https:\/\/gadgettravellers.eu\/it\/wp-json\/wp\/v2\/product_brand?post=5317263"},{"taxonomy":"product_cat","embeddable":true,"href":"https:\/\/gadgettravellers.eu\/it\/wp-json\/wp\/v2\/product_cat?post=5317263"},{"taxonomy":"product_tag","embeddable":true,"href":"https:\/\/gadgettravellers.eu\/it\/wp-json\/wp\/v2\/product_tag?post=5317263"}],"curies":[{"name":"wp","href":"https:\/\/api.w.org\/{rel}","templated":true}]}}