{"id":5317265,"date":"2026-01-19T14:49:44","date_gmt":"2026-01-19T12:49:44","guid":{"rendered":"https:\/\/gadgettravellers.eu\/shop\/portacandele-in-ceramica-babbo-natale-moto-18x16x9cm-xmasfest-1132414\/"},"modified":"2026-04-22T22:53:48","modified_gmt":"2026-04-22T20:53:48","slug":"portacandele-in-ceramica-babbo-natale-moto-18x16x9cm-xmasfest-1132414","status":"publish","type":"product","link":"https:\/\/gadgettravellers.eu\/it\/shop\/portacandele-in-ceramica-babbo-natale-moto-18x16x9cm-xmasfest-1132414\/","title":{"rendered":"Portacandele in ceramica Babbo Natale Moto 18x16x9cm Xmasfest 1132414"},"content":{"rendered":"<p>Portacandele in ceramica 18x16x9cm<\/p>\n<div class='aiseo-faq-section' style='margin-top:30px; border-top:1px solid #eee; padding-top:20px;'>\n<h3>Domande Frequenti<\/h3>\n<details style='margin-bottom:10px; padding:10px; background:#f9f9f9; border-radius:5px;'>\n<summary style='font-weight:bold; cursor:pointer;'>Di che materiale \u00e8 fatto il portacandele?<\/summary>\n<div style='margin-top:10px; color:#555;'>Il portacandela \u00e8 realizzato in ceramica.<\/div>\n<\/details>\n<details style='margin-bottom:10px; padding:10px; background:#f9f9f9; border-radius:5px;'>\n<summary style='font-weight:bold; cursor:pointer;'>Quali sono le dimensioni del prodotto?<\/summary>\n<div style='margin-top:10px; color:#555;'>Le dimensioni sono 18x16x9 cm.<\/div>\n<\/details>\n<details style='margin-bottom:10px; padding:10px; background:#f9f9f9; border-radius:5px;'>\n<summary style='font-weight:bold; cursor:pointer;'>Dove si adatta questo portacandele nella decorazione?<\/summary>\n<div style='margin-top:10px; color:#555;'>\u00c8 ideale per la decorazione natalizia di tavoli o mensole.<\/div>\n<\/details>\n<details style='margin-bottom:10px; padding:10px; background:#f9f9f9; border-radius:5px;'>\n<summary style='font-weight:bold; cursor:pointer;'>\u00c8 adatto come regalo?<\/summary>\n<div style='margin-top:10px; color:#555;'>S\u00ec, grazie al materiale resistente e al design dettagliato \u00e8 una scelta perfetta per un regalo stagionale.<\/div>\n<\/details>\n<\/div>\n","protected":false},"excerpt":{"rendered":"<p>Portacandele in ceramica 18x16x9cm Domande Frequenti Di che materiale \u00e8 fatto il portacandele? Il portacandela \u00e8 realizzato in ceramica. Quali sono le dimensioni del prodotto? Le dimensioni sono 18x16x9 cm. Dove si adatta questo portacandele nella decorazione? \u00c8 ideale per la decorazione natalizia di tavoli o mensole. \u00c8 adatto come regalo? S\u00ec, grazie al materiale [&hellip;]<\/p>\n","protected":false},"featured_media":5181961,"comment_status":"closed","ping_status":"open","template":"","meta":[],"product_brand":[],"product_cat":[],"product_tag":[15],"class_list":{"0":"post-5317265","1":"product","2":"type-product","3":"status-publish","4":"has-post-thumbnail","6":"product_tag-uncategorized","8":"first","9":"onbackorder","10":"purchasable","11":"product-type-simple"},"jetpack_sharing_enabled":true,"_links":{"self":[{"href":"https:\/\/gadgettravellers.eu\/it\/wp-json\/wp\/v2\/product\/5317265","targetHints":{"allow":["GET"]}}],"collection":[{"href":"https:\/\/gadgettravellers.eu\/it\/wp-json\/wp\/v2\/product"}],"about":[{"href":"https:\/\/gadgettravellers.eu\/it\/wp-json\/wp\/v2\/types\/product"}],"replies":[{"embeddable":true,"href":"https:\/\/gadgettravellers.eu\/it\/wp-json\/wp\/v2\/comments?post=5317265"}],"wp:featuredmedia":[{"embeddable":true,"href":"https:\/\/gadgettravellers.eu\/it\/wp-json\/wp\/v2\/media\/5181961"}],"wp:attachment":[{"href":"https:\/\/gadgettravellers.eu\/it\/wp-json\/wp\/v2\/media?parent=5317265"}],"wp:term":[{"taxonomy":"product_brand","embeddable":true,"href":"https:\/\/gadgettravellers.eu\/it\/wp-json\/wp\/v2\/product_brand?post=5317265"},{"taxonomy":"product_cat","embeddable":true,"href":"https:\/\/gadgettravellers.eu\/it\/wp-json\/wp\/v2\/product_cat?post=5317265"},{"taxonomy":"product_tag","embeddable":true,"href":"https:\/\/gadgettravellers.eu\/it\/wp-json\/wp\/v2\/product_tag?post=5317265"}],"curies":[{"name":"wp","href":"https:\/\/api.w.org\/{rel}","templated":true}]}}