{"id":5317267,"date":"2026-01-19T14:49:46","date_gmt":"2026-01-19T12:49:46","guid":{"rendered":"https:\/\/gadgettravellers.eu\/shop\/zerbino-porta-xmas-pesante-58x38cm-xmasfest-1132447\/"},"modified":"2026-04-22T22:53:49","modified_gmt":"2026-04-22T20:53:49","slug":"zerbino-porta-xmas-pesante-58x38cm-xmasfest-1132447","status":"publish","type":"product","link":"https:\/\/gadgettravellers.eu\/it\/shop\/zerbino-porta-xmas-pesante-58x38cm-xmasfest-1132447\/","title":{"rendered":"Zerbino Porta Xmas Pesante 58x38cm Xmasfest 1132447"},"content":{"rendered":"<p>Zerbino pesante per porta d&#8217;ingresso con fondo in gomma 58x38cm<\/p>\n<div class='aiseo-faq-section' style='margin-top:30px; border-top:1px solid #eee; padding-top:20px;'>\n<h3>Domande Frequenti<\/h3>\n<details style='margin-bottom:10px; padding:10px; background:#f9f9f9; border-radius:5px;'>\n<summary style='font-weight:bold; cursor:pointer;'>Qual \u00e8 la dimensione del tappeto?<\/summary>\n<div style='margin-top:10px; color:#555;'>La dimensione \u00e8 58&#215;38 cm.<\/div>\n<\/details>\n<details style='margin-bottom:10px; padding:10px; background:#f9f9f9; border-radius:5px;'>\n<summary style='font-weight:bold; cursor:pointer;'>Ha una suola antiscivolo?<\/summary>\n<div style='margin-top:10px; color:#555;'>S\u00ec, dispone di un fondo in gomma per la protezione antiscivolo.<\/div>\n<\/details>\n<details style='margin-bottom:10px; padding:10px; background:#f9f9f9; border-radius:5px;'>\n<summary style='font-weight:bold; cursor:pointer;'>\u00c8 adatto per la porta d&#8217;ingresso?<\/summary>\n<div style='margin-top:10px; color:#555;'>S\u00ec, \u00e8 pesante e resistente, ideale per la porta d&#8217;ingresso e la porta esterna.<\/div>\n<\/details>\n<details style='margin-bottom:10px; padding:10px; background:#f9f9f9; border-radius:5px;'>\n<summary style='font-weight:bold; cursor:pointer;'>Pu\u00f2 essere usato per decorazioni natalizie?<\/summary>\n<div style='margin-top:10px; color:#555;'>S\u00ec, il disegno\/tema \u00e8 adatto per la decorazione natalizia.<\/div>\n<\/details>\n<\/div>\n","protected":false},"excerpt":{"rendered":"<p>Zerbino pesante per porta d&#8217;ingresso con fondo in gomma 58x38cm Domande Frequenti Qual \u00e8 la dimensione del tappeto? La dimensione \u00e8 58&#215;38 cm. Ha una suola antiscivolo? S\u00ec, dispone di un fondo in gomma per la protezione antiscivolo. \u00c8 adatto per la porta d&#8217;ingresso? S\u00ec, \u00e8 pesante e resistente, ideale per la porta d&#8217;ingresso e [&hellip;]<\/p>\n","protected":false},"featured_media":5181965,"comment_status":"closed","ping_status":"open","template":"","meta":[],"product_brand":[],"product_cat":[],"product_tag":[15],"class_list":{"0":"post-5317267","1":"product","2":"type-product","3":"status-publish","4":"has-post-thumbnail","6":"product_tag-uncategorized","8":"first","9":"onbackorder","10":"purchasable","11":"product-type-simple"},"jetpack_sharing_enabled":true,"_links":{"self":[{"href":"https:\/\/gadgettravellers.eu\/it\/wp-json\/wp\/v2\/product\/5317267","targetHints":{"allow":["GET"]}}],"collection":[{"href":"https:\/\/gadgettravellers.eu\/it\/wp-json\/wp\/v2\/product"}],"about":[{"href":"https:\/\/gadgettravellers.eu\/it\/wp-json\/wp\/v2\/types\/product"}],"replies":[{"embeddable":true,"href":"https:\/\/gadgettravellers.eu\/it\/wp-json\/wp\/v2\/comments?post=5317267"}],"wp:featuredmedia":[{"embeddable":true,"href":"https:\/\/gadgettravellers.eu\/it\/wp-json\/wp\/v2\/media\/5181965"}],"wp:attachment":[{"href":"https:\/\/gadgettravellers.eu\/it\/wp-json\/wp\/v2\/media?parent=5317267"}],"wp:term":[{"taxonomy":"product_brand","embeddable":true,"href":"https:\/\/gadgettravellers.eu\/it\/wp-json\/wp\/v2\/product_brand?post=5317267"},{"taxonomy":"product_cat","embeddable":true,"href":"https:\/\/gadgettravellers.eu\/it\/wp-json\/wp\/v2\/product_cat?post=5317267"},{"taxonomy":"product_tag","embeddable":true,"href":"https:\/\/gadgettravellers.eu\/it\/wp-json\/wp\/v2\/product_tag?post=5317267"}],"curies":[{"name":"wp","href":"https:\/\/api.w.org\/{rel}","templated":true}]}}